{"id":156685,"date":"2025-12-18T18:41:20","date_gmt":"2025-12-18T15:41:20","guid":{"rendered":"https:\/\/baldumarket.lt\/product\/tulsa-wm-komoda-1d3s-dab-grandson\/"},"modified":"2026-02-05T12:24:36","modified_gmt":"2026-02-05T09:24:36","slug":"tulsa-wm-komoda-1d3s-dab-grandson","status":"publish","type":"product","link":"https:\/\/baldumarket.lt\/lt\/product\/tulsa-wm-komoda-1d3s-dab-grandson\/","title":{"rendered":"Tulsa WM komoda 1D3S Grandson Oak"},"content":{"rendered":"<p>Per\u017ei\u016br\u0117kite m\u016bs\u0173 eleganti\u0161k\u0105 \u201eTulsa WM\u201c komod\u0105 su stal\u010diais 1D3S balta \/ blizgi balta spalva, kurioje dera elegancija ir prakti\u0161kumas. Unikalus \u0161ios pripa\u017eintos \u201eTulsa WM\u201c kolekcijos komodos dizainas puikiai tiks bet kokiam interjerui ir suteiks jai modernumo.<br \/>\n\u201eTulsa Type 45\u201c komoda buvo sukurta galvojant apie erdvias ir minimalistines erdves. Jos balta apdaila su blizgiu atspalviu yra ne tik esteti\u0161kai patraukli, bet ir funkcionali, gra\u017eiai atspindi \u0161vies\u0105 ir vizualiai padidina erdv\u0119.<br \/>\nSpintel\u0117s priekis impregnuotas atsparia pa\u017eeidimams membrana, u\u017etikrinan\u010dia ilgalaik\u012f malonum\u0105. Priekini\u0173 dali\u0173 elegancija dera su MDF tvirtumu, \u017einomu d\u0117l savo patvarumo. Komodos korpusas pagamintas i\u0161 laminuotos bald\u0173 plok\u0161t\u0117s, garantuojan\u010dios ilgaam\u017ei\u0161kum\u0105.<br \/>\n\u201eTulsa WM\u201c komoda su stal\u010diais 1D3S yra ne tik gra\u017ei, bet, svarbiausia, funkcionali. \u0160is baldas pasi\u017eymi erdvia daiktad\u0117\u017ee u\u017e dureli\u0173 su lentyna ir trimis pla\u010diais stal\u010diais ant rutulini\u0173 guoli\u0173 b\u0117geli\u0173, u\u017etikrinan\u010diais skland\u0173 ir tyl\u0173 veikim\u0105. Juoda metalin\u0117 rankena \u2013 puikus akcentas, puikiai papildantis balt\u0105 spalv\u0105 ir suteikiantis elegancijos.<br \/>\nKomoda pristatoma plok\u0161\u010diai supakuota ir j\u0105 reikia surinkti patiems. Surinkimas paprastas d\u0117l prid\u0117t\u0173 ai\u0161ki\u0173 instrukcij\u0173 ir pilno surinkimo pried\u0173 rinkinio. Gaminiui taip pat suteikiama 2 met\u0173 garantija, rodanti m\u016bs\u0173 \u012fsipareigojim\u0105 u\u017etikrinti klient\u0173 pasitenkinim\u0105.<br \/>\nPaverskite \u201eTulsa WM\u201c komod\u0105 su stal\u010diais 1D3S balta \/ blizgi balta stilingu ir prakti\u0161ku j\u016bs\u0173 nam\u0173 akcentu. Rinkit\u0117s patikim\u0105 kokyb\u0119 ir dizain\u0105, kuris su\u017eav\u0117s kiekvien\u0105, \u012f\u017eengus\u012f pro duris.<\/p>","protected":false},"excerpt":{"rendered":"<p>Plotis (cm): 120<br \/>\n\u016agis (cm): 86<br \/>\nGylis (cm): 39<\/p>","protected":false},"featured_media":156686,"comment_status":"open","ping_status":"open","template":"","meta":[],"product_brand":[],"product_cat":[9434,1173,4105],"product_tag":[],"class_list":{"0":"post-156685","1":"product","2":"type-product","3":"status-publish","4":"has-post-thumbnail","6":"product_cat-furniture-system-tulsa","7":"product_cat-chests-of-drawers","8":"product_cat-helvetia","10":"first","11":"instock","12":"purchasable","13":"product-type-simple"},"_links":{"self":[{"href":"https:\/\/baldumarket.lt\/lt\/wp-json\/wp\/v2\/product\/156685","targetHints":{"allow":["GET"]}}],"collection":[{"href":"https:\/\/baldumarket.lt\/lt\/wp-json\/wp\/v2\/product"}],"about":[{"href":"https:\/\/baldumarket.lt\/lt\/wp-json\/wp\/v2\/types\/product"}],"replies":[{"embeddable":true,"href":"https:\/\/baldumarket.lt\/lt\/wp-json\/wp\/v2\/comments?post=156685"}],"wp:featuredmedia":[{"embeddable":true,"href":"https:\/\/baldumarket.lt\/lt\/wp-json\/wp\/v2\/media\/156686"}],"wp:attachment":[{"href":"https:\/\/baldumarket.lt\/lt\/wp-json\/wp\/v2\/media?parent=156685"}],"wp:term":[{"taxonomy":"product_brand","embeddable":true,"href":"https:\/\/baldumarket.lt\/lt\/wp-json\/wp\/v2\/product_brand?post=156685"},{"taxonomy":"product_cat","embeddable":true,"href":"https:\/\/baldumarket.lt\/lt\/wp-json\/wp\/v2\/product_cat?post=156685"},{"taxonomy":"product_tag","embeddable":true,"href":"https:\/\/baldumarket.lt\/lt\/wp-json\/wp\/v2\/product_tag?post=156685"}],"curies":[{"name":"wp","href":"https:\/\/api.w.org\/{rel}","templated":true}]}}