{"id":156679,"date":"2025-12-18T18:41:08","date_gmt":"2025-12-18T15:41:08","guid":{"rendered":"https:\/\/baldumarket.lt\/product\/tulsa-wm-komoda-1d3s-bialy-bialy-polysk\/"},"modified":"2026-02-05T12:24:36","modified_gmt":"2026-02-05T09:24:36","slug":"tulsa-wm-komoda-1d3s-bialy-bialy-polysk","status":"publish","type":"product","link":"https:\/\/baldumarket.lt\/lt\/product\/tulsa-wm-komoda-1d3s-bialy-bialy-polysk\/","title":{"rendered":"Tulsa WM komoda su stal\u010diais 1D3S balta \/ blizgi balta"},"content":{"rendered":"<p>Atraskite elegancij\u0105 ir prakti\u0161kum\u0105 derinan\u010di\u0105 komod\u0105 \u2013 \u2019Tulsa WM\u201c komod\u0105 1D3S, \u201eGrandson Oak\u201c. Unikalus jos charakteris \u2013 nesenstan\u010dio stiliaus ir funkcionalumo derinys. \u0160ios serijos \u201eType 45\u201c buvo sukurtas taip, kad atitikt\u0173 j\u016bs\u0173 l\u016bkes\u010dius d\u0117l tobulo daikt\u0173 laikymo \u012frenginio. \u0160iltas ir jaukus \u201eGrandson Oak\u201c atspalvis bet kur\u012f kambar\u012f paver\u010dia jaukia ir eleganti\u0161ka erdve. Vientisoje, i\u0161 dalies varstomoje komodos dalyje yra lentyna, puikiai tinkanti didesniems daiktams laikyti. Trys prakti\u0161ki stal\u010diai su patikimais rutuliniais guoliais suteikia lengv\u0105 prieig\u0105 prie kasdieni\u0173 daikt\u0173. Juoda metalin\u0117 rankena suteikia modernumo ir yra i\u0161skirtinis dekoratyvinis elementas. J\u016bs\u0173 patogumui \u201eTulsa WM\u201c komoda pristatoma savaranki\u0161kai surenkamose pakuot\u0117se. Nesijaudinkite \u2013 visi reikalingi surinkimo priedai ir ai\u0161kios instrukcijos yra prid\u0117tos. Surinkimas bus paprastas ir be r\u016bpes\u010di\u0173.<\/p>","protected":false},"excerpt":{"rendered":"<p>Plotis (cm): 120<br \/>\n\u016agis (cm): 86<br \/>\nGylis (cm): 39<\/p>","protected":false},"featured_media":156680,"comment_status":"open","ping_status":"open","template":"","meta":[],"product_brand":[],"product_cat":[9434,1173,4105],"product_tag":[],"class_list":{"0":"post-156679","1":"product","2":"type-product","3":"status-publish","4":"has-post-thumbnail","6":"product_cat-furniture-system-tulsa","7":"product_cat-chests-of-drawers","8":"product_cat-helvetia","10":"first","11":"instock","12":"purchasable","13":"product-type-simple"},"_links":{"self":[{"href":"https:\/\/baldumarket.lt\/lt\/wp-json\/wp\/v2\/product\/156679","targetHints":{"allow":["GET"]}}],"collection":[{"href":"https:\/\/baldumarket.lt\/lt\/wp-json\/wp\/v2\/product"}],"about":[{"href":"https:\/\/baldumarket.lt\/lt\/wp-json\/wp\/v2\/types\/product"}],"replies":[{"embeddable":true,"href":"https:\/\/baldumarket.lt\/lt\/wp-json\/wp\/v2\/comments?post=156679"}],"wp:featuredmedia":[{"embeddable":true,"href":"https:\/\/baldumarket.lt\/lt\/wp-json\/wp\/v2\/media\/156680"}],"wp:attachment":[{"href":"https:\/\/baldumarket.lt\/lt\/wp-json\/wp\/v2\/media?parent=156679"}],"wp:term":[{"taxonomy":"product_brand","embeddable":true,"href":"https:\/\/baldumarket.lt\/lt\/wp-json\/wp\/v2\/product_brand?post=156679"},{"taxonomy":"product_cat","embeddable":true,"href":"https:\/\/baldumarket.lt\/lt\/wp-json\/wp\/v2\/product_cat?post=156679"},{"taxonomy":"product_tag","embeddable":true,"href":"https:\/\/baldumarket.lt\/lt\/wp-json\/wp\/v2\/product_tag?post=156679"}],"curies":[{"name":"wp","href":"https:\/\/api.w.org\/{rel}","templated":true}]}}