{"id":156672,"date":"2025-12-18T18:40:54","date_gmt":"2025-12-18T15:40:54","guid":{"rendered":"https:\/\/baldumarket.lt\/product\/tudor-witryna-4-drzwiowa-dab-samdal-czarny-mat\/"},"modified":"2026-04-12T09:04:24","modified_gmt":"2026-04-12T06:04:24","slug":"tudor-witryna-4-drzwiowa-dab-samdal-czarny-mat","status":"publish","type":"product","link":"https:\/\/baldumarket.lt\/lt\/product\/tudor-witryna-4-drzwiowa-dab-samdal-czarny-mat\/","title":{"rendered":"Tudor \u2013 4 dur\u0173 vitrina, Samdal \u0105\u017euolo spalvos, matin\u0117s juodos spalvos"},"content":{"rendered":"<p>Pristatome \u201eTudor\u201c vitrin\u0105 \u2013 eleganti\u0161k\u0105 bald\u0105, kuriame dera skandinavi\u0161kas stilius ir modernus funkcionalumas. Ji stebina ne tik \u012fdomia i\u0161vaizda, bet ir gerai apgalvotu dizainu. Apdaila \u201eSamdal Oak\u201c medienos, spintel\u0117 pasi\u017eymi \u0161iltu atspalviu, kuris skland\u017eiai \u012fsilies \u012f \u012fvairius interjerus, suteikdamas jiems jaukumo. Matin\u0117s juodos spalvos akcentai ant fasad\u0173 ir ranken\u0173 puikiai papildo ir suteikia rafinuotumo. 187 cm auk\u0161\u010dio ir 120 cm plo\u010dio \u201eTudor\u201c vitrina tampa ry\u0161kiu bet kurio kambario akcentu. D\u0117l apgalvoto 45 cm gylio jai lengvai rasite viet\u0105 svetain\u0117je, valgomajame ar biure \u2013 tai stilingas b\u016bdas laikyti ir eksponuoti m\u0117gstamus daiktus. Spintel\u0117s viduje yra trys erdvios lentynos, tod\u0117l tai puikus sprendimas knygoms, dekoracijoms ir kitiems nieku\u010diams laikyti. Kiekvienas elementas buvo kruop\u0161\u010diai apgalvotas, siekiant sukurti jauki\u0105 ir funkcionali\u0105 erdv\u0119, kurioje tvarka ir estetika dera tarpusavyje. Med\u017eiag\u0173, toki\u0173 kaip laminuotos plok\u0161t\u0117s, derinys u\u017etikrina ne tik patraukli\u0105 i\u0161vaizd\u0105, bet ir patvarum\u0105, o tai labai svarbu intensyviai naudojamose erdv\u0117se.<\/p>","protected":false},"excerpt":{"rendered":"<p>Plotis (cm): 120<br \/>\n\u016agis (cm): 187<br \/>\nGylis (cm): 45<\/p>","protected":false},"featured_media":156673,"comment_status":"open","ping_status":"open","template":"","meta":[],"product_brand":[],"product_cat":[9433,4105,2006],"product_tag":[],"class_list":{"0":"post-156672","1":"product","2":"type-product","3":"status-publish","4":"has-post-thumbnail","6":"product_cat-furniture-system-tudor","7":"product_cat-helvetia","8":"product_cat-vitrines","10":"first","11":"instock","12":"purchasable","13":"product-type-simple"},"_links":{"self":[{"href":"https:\/\/baldumarket.lt\/lt\/wp-json\/wp\/v2\/product\/156672","targetHints":{"allow":["GET"]}}],"collection":[{"href":"https:\/\/baldumarket.lt\/lt\/wp-json\/wp\/v2\/product"}],"about":[{"href":"https:\/\/baldumarket.lt\/lt\/wp-json\/wp\/v2\/types\/product"}],"replies":[{"embeddable":true,"href":"https:\/\/baldumarket.lt\/lt\/wp-json\/wp\/v2\/comments?post=156672"}],"wp:featuredmedia":[{"embeddable":true,"href":"https:\/\/baldumarket.lt\/lt\/wp-json\/wp\/v2\/media\/156673"}],"wp:attachment":[{"href":"https:\/\/baldumarket.lt\/lt\/wp-json\/wp\/v2\/media?parent=156672"}],"wp:term":[{"taxonomy":"product_brand","embeddable":true,"href":"https:\/\/baldumarket.lt\/lt\/wp-json\/wp\/v2\/product_brand?post=156672"},{"taxonomy":"product_cat","embeddable":true,"href":"https:\/\/baldumarket.lt\/lt\/wp-json\/wp\/v2\/product_cat?post=156672"},{"taxonomy":"product_tag","embeddable":true,"href":"https:\/\/baldumarket.lt\/lt\/wp-json\/wp\/v2\/product_tag?post=156672"}],"curies":[{"name":"wp","href":"https:\/\/api.w.org\/{rel}","templated":true}]}}