{"id":156666,"date":"2025-12-18T18:40:42","date_gmt":"2025-12-18T15:40:42","guid":{"rendered":"https:\/\/baldumarket.lt\/product\/tudor-stolik-kawowy-dab-samdal-czarny-mat\/"},"modified":"2026-04-12T09:04:24","modified_gmt":"2026-04-12T06:04:24","slug":"tudor-stolik-kawowy-dab-samdal-czarny-mat","status":"publish","type":"product","link":"https:\/\/baldumarket.lt\/lt\/product\/tudor-stolik-kawowy-dab-samdal-czarny-mat\/","title":{"rendered":"Tudor \u2013 Samdal \u0105\u017euolo kavos staliukas matinis juodas"},"content":{"rendered":"<p>Su \u201eTudor\u201c kavos staliuku, kuris harmoningai derina nat\u016bral\u0173 \u201eSamdal\u201c \u0105\u017euolo \u017eaves\u012f su modernia, matin\u0117s juodos spalvos apdaila, suteikite savo interjerui elegancijos ir stiliaus. \u0160is unikalus baldas ne tik taps j\u016bs\u0173 svetain\u0117s traukos centru, bet ir sustiprins jos charakter\u012f, tapdamas puikia vieta rytinei kavai ar vakariniams susib\u016brimams su draugais. Minimalistin\u0117s formos \u201eTudor\u201c kavos staliukas spinduliuoja modern\u0173 stili\u0173, tod\u0117l puikiai tinka \u012fvairiems interjero dizainams. Subtiliai ikoni\u0161kas jo dizainas pasi\u017eymi \u0105\u017euolo stalvir\u0161iu, suteikian\u010diu nat\u016brali\u0105 \u0161ilum\u0105 ir jaukum\u0105 bet kuriam kambariui. Matin\u0117s juodos staliuko kojel\u0117s sukuria kontrast\u0105, sukurdamos harmoning\u0105 visum\u0105, kuri tikrai pritrauks j\u016bs\u0173 sve\u010di\u0173 ak\u012f. \u201eTudor\u201c kavos staliuko funkcionalumo negalima pervertinti. D\u0117l gerai apgalvoto dizaino jis si\u016blo daug vietos j\u016bs\u0173 m\u0117gstamiausiems g\u0117rimams, knygoms ar dekoracijoms. Papildomos lentynos apa\u010dioje puikiai tinka \u017eurnalams ar smulkiems daiktams laikyti, padedant palaikyti tvark\u0105 j\u016bs\u0173 svetain\u0117je. Nesvarbu, ar rengiate filmo vakar\u0105, ar priimate sve\u010dius, \u0161is staliukas visada bus po ranka.<\/p>","protected":false},"excerpt":{"rendered":"<p>Plotis (cm): 120<br \/>\n\u016agis (cm): 49<br \/>\nGylis (cm): 60<\/p>","protected":false},"featured_media":156667,"comment_status":"open","ping_status":"open","template":"","meta":[],"product_brand":[],"product_cat":[9433,866,4105],"product_tag":[],"class_list":{"0":"post-156666","1":"product","2":"type-product","3":"status-publish","4":"has-post-thumbnail","6":"product_cat-furniture-system-tudor","7":"product_cat-coffee-tables","8":"product_cat-helvetia","10":"first","11":"instock","12":"purchasable","13":"product-type-simple"},"_links":{"self":[{"href":"https:\/\/baldumarket.lt\/lt\/wp-json\/wp\/v2\/product\/156666","targetHints":{"allow":["GET"]}}],"collection":[{"href":"https:\/\/baldumarket.lt\/lt\/wp-json\/wp\/v2\/product"}],"about":[{"href":"https:\/\/baldumarket.lt\/lt\/wp-json\/wp\/v2\/types\/product"}],"replies":[{"embeddable":true,"href":"https:\/\/baldumarket.lt\/lt\/wp-json\/wp\/v2\/comments?post=156666"}],"wp:featuredmedia":[{"embeddable":true,"href":"https:\/\/baldumarket.lt\/lt\/wp-json\/wp\/v2\/media\/156667"}],"wp:attachment":[{"href":"https:\/\/baldumarket.lt\/lt\/wp-json\/wp\/v2\/media?parent=156666"}],"wp:term":[{"taxonomy":"product_brand","embeddable":true,"href":"https:\/\/baldumarket.lt\/lt\/wp-json\/wp\/v2\/product_brand?post=156666"},{"taxonomy":"product_cat","embeddable":true,"href":"https:\/\/baldumarket.lt\/lt\/wp-json\/wp\/v2\/product_cat?post=156666"},{"taxonomy":"product_tag","embeddable":true,"href":"https:\/\/baldumarket.lt\/lt\/wp-json\/wp\/v2\/product_tag?post=156666"}],"curies":[{"name":"wp","href":"https:\/\/api.w.org\/{rel}","templated":true}]}}