{"id":156660,"date":"2025-12-18T18:40:31","date_gmt":"2025-12-18T15:40:31","guid":{"rendered":"https:\/\/baldumarket.lt\/product\/tudor-stol-jadalniany-dab-samdal-czarny-mat\/"},"modified":"2026-04-12T09:04:24","modified_gmt":"2026-04-12T06:04:24","slug":"tudor-stol-jadalniany-dab-samdal-czarny-mat","status":"publish","type":"product","link":"https:\/\/baldumarket.lt\/lt\/product\/tudor-stol-jadalniany-dab-samdal-czarny-mat\/","title":{"rendered":"Tudor \u2013 Samdal \u0105\u017euolo valgomasis stalas matinis juodas"},"content":{"rendered":"<p>\u201eTudor\u201c valgomojo stalas \u2013 puikus pasirinkimas visiems, norintiems savo interjerui suteikti unikalaus stiliaus ir elegancijos. Universali \u201eSamdal Oak\u201c ir matin\u0117s juodos spalv\u0173 palet\u0117 puikiai dera prie \u012fvairi\u0173 dekoro stili\u0173. Nesvarbu, ar jums labiau patinka skandinavi\u0161kas minimalizmas, ar klasikinis paprastumas, \u0161is stalas neabejotinai pabr\u0117\u0161 j\u016bs\u0173 valgomojo charakter\u012f. \u012esp\u016bdingi matmenys \u2013 195 cm plo\u010dio, 77 cm auk\u0161\u010dio ir 100 cm gylio \u2013 leid\u017eia patogiai pietauti su \u0161eima ir draugais. D\u0117l to \u201eTudor\u201c stalas yra nam\u0173 \u0161irdis, vieta, kur dalijam\u0117s kasdienio gyvenimo d\u017eiaugsmais. Unikalus stalo dizainas puikiai tinka tiek kasdieniams patiekalams, tiek ypatingoms progoms. Laminuota apdaila u\u017etikrina ne tik eleganti\u0161k\u0105 i\u0161vaizd\u0105, bet ir patvarum\u0105 bei lengv\u0105 valym\u0105. \u201eSamdal Oak\u201c stalvir\u0161is yra atsparus \u012fbr\u0117\u017eimams, tod\u0117l idealiai tinka \u0161eimoms su vaikais. Matin\u0117s juodos kojel\u0117s suteikia modernumo ir kartu stabilumo visai konstrukcijai.<\/p>","protected":false},"excerpt":{"rendered":"<p>Plotis (cm): 195<br \/>\n\u016agis (cm): 77<br \/>\nGylis (cm): 100<\/p>","protected":false},"featured_media":156661,"comment_status":"open","ping_status":"open","template":"","meta":[],"product_brand":[],"product_cat":[9433,4105,1934],"product_tag":[],"class_list":{"0":"post-156660","1":"product","2":"type-product","3":"status-publish","4":"has-post-thumbnail","6":"product_cat-furniture-system-tudor","7":"product_cat-helvetia","8":"product_cat-tables","10":"first","11":"instock","12":"purchasable","13":"product-type-simple"},"_links":{"self":[{"href":"https:\/\/baldumarket.lt\/lt\/wp-json\/wp\/v2\/product\/156660","targetHints":{"allow":["GET"]}}],"collection":[{"href":"https:\/\/baldumarket.lt\/lt\/wp-json\/wp\/v2\/product"}],"about":[{"href":"https:\/\/baldumarket.lt\/lt\/wp-json\/wp\/v2\/types\/product"}],"replies":[{"embeddable":true,"href":"https:\/\/baldumarket.lt\/lt\/wp-json\/wp\/v2\/comments?post=156660"}],"wp:featuredmedia":[{"embeddable":true,"href":"https:\/\/baldumarket.lt\/lt\/wp-json\/wp\/v2\/media\/156661"}],"wp:attachment":[{"href":"https:\/\/baldumarket.lt\/lt\/wp-json\/wp\/v2\/media?parent=156660"}],"wp:term":[{"taxonomy":"product_brand","embeddable":true,"href":"https:\/\/baldumarket.lt\/lt\/wp-json\/wp\/v2\/product_brand?post=156660"},{"taxonomy":"product_cat","embeddable":true,"href":"https:\/\/baldumarket.lt\/lt\/wp-json\/wp\/v2\/product_cat?post=156660"},{"taxonomy":"product_tag","embeddable":true,"href":"https:\/\/baldumarket.lt\/lt\/wp-json\/wp\/v2\/product_tag?post=156660"}],"curies":[{"name":"wp","href":"https:\/\/api.w.org\/{rel}","templated":true}]}}