{"id":156652,"date":"2025-12-18T18:40:13","date_gmt":"2025-12-18T15:40:13","guid":{"rendered":"https:\/\/baldumarket.lt\/product\/tudor-komoda-wysoka-2d3s-dab-samdal-czarny-mat\/"},"modified":"2026-04-12T09:04:24","modified_gmt":"2026-04-12T06:04:24","slug":"tudor-komoda-wysoka-2d3s-dab-samdal-czarny-mat","status":"publish","type":"product","link":"https:\/\/baldumarket.lt\/lt\/product\/tudor-komoda-wysoka-2d3s-dab-samdal-czarny-mat\/","title":{"rendered":"Tudor \u2013 Auk\u0161ta komoda 2D3S Samdal \u0105\u017euolo matin\u0117s juodos spalvos"},"content":{"rendered":"<p>Sveiki atvyk\u0119 \u012f eleganti\u0161ko dizaino ir funkcionalumo pasaul\u012f su garsaus \u201eHelvetia\u201c prek\u0117s \u017eenklo auk\u0161ta \u201eTudor\u201c komoda. Vaiki\u0161ko lengvumo ir modernaus stiliaus 2D3S komoda, pagaminta i\u0161 vaizdingo \u201eSamdal\u201c \u0105\u017euolo atspalvio su subtiliu matin\u0117s juodos spalvos akcentu priekyje, yra puikus bet kokio interjero akcentas. Puikiai tinka svetainei, miegamajam ar prie\u0161kambariui, ji suteikia erdvei charakterio, der\u0117dama tiek su tradiciniu, tiek su moderniu dekoru. Galite b\u016bti tikri, kad \u201eTudor\u201c komoda ne tik patenkins j\u016bs\u0173 daikt\u0173 laikymo poreikius, bet ir taps stilingu dekoratyviniu elementu. Eleganti\u0161kas siluetas, pary\u0161kintas rafinuotomis juodomis detal\u0117mis, paver\u010dia j\u012f d\u0117mes\u012f traukian\u010diu ir bendravim\u0105 skatinan\u010diu baldu. \u0160ilti \u0105\u017euolo atspalviai ir kruop\u0161\u010diai apgalvota laminato konstrukcija sukuria jauki\u0105 atmosfer\u0105, kuri u\u017epildys bet kur\u012f kambar\u012f. \u0160iame balde dera prakti\u0161kumas ir estetika. Trys erdvios lentynos ir du erdv\u016bs skyriai leid\u017eia patogiai laikyti knygas, dekoracijas ir kasdienius aksesuarus, tod\u0117l \u0161i indauja yra i\u0161skirtinai funkcionalus sprendimas bet kokiai progai. Paprastas dizainas ir lengvas surinkimas paver\u010dia \u201eTudor\u201c indauja akimirksniu j\u016bs\u0173 interjero papildymu.<\/p>","protected":false},"excerpt":{"rendered":"<p>Plotis (cm): 220<br \/>\n\u016agis (cm): 109<br \/>\nGylis (cm): 45<\/p>","protected":false},"featured_media":156653,"comment_status":"open","ping_status":"open","template":"","meta":[],"product_brand":[],"product_cat":[9433,1173,4105],"product_tag":[],"class_list":{"0":"post-156652","1":"product","2":"type-product","3":"status-publish","4":"has-post-thumbnail","6":"product_cat-furniture-system-tudor","7":"product_cat-chests-of-drawers","8":"product_cat-helvetia","10":"first","11":"instock","12":"purchasable","13":"product-type-simple"},"_links":{"self":[{"href":"https:\/\/baldumarket.lt\/lt\/wp-json\/wp\/v2\/product\/156652","targetHints":{"allow":["GET"]}}],"collection":[{"href":"https:\/\/baldumarket.lt\/lt\/wp-json\/wp\/v2\/product"}],"about":[{"href":"https:\/\/baldumarket.lt\/lt\/wp-json\/wp\/v2\/types\/product"}],"replies":[{"embeddable":true,"href":"https:\/\/baldumarket.lt\/lt\/wp-json\/wp\/v2\/comments?post=156652"}],"wp:featuredmedia":[{"embeddable":true,"href":"https:\/\/baldumarket.lt\/lt\/wp-json\/wp\/v2\/media\/156653"}],"wp:attachment":[{"href":"https:\/\/baldumarket.lt\/lt\/wp-json\/wp\/v2\/media?parent=156652"}],"wp:term":[{"taxonomy":"product_brand","embeddable":true,"href":"https:\/\/baldumarket.lt\/lt\/wp-json\/wp\/v2\/product_brand?post=156652"},{"taxonomy":"product_cat","embeddable":true,"href":"https:\/\/baldumarket.lt\/lt\/wp-json\/wp\/v2\/product_cat?post=156652"},{"taxonomy":"product_tag","embeddable":true,"href":"https:\/\/baldumarket.lt\/lt\/wp-json\/wp\/v2\/product_tag?post=156652"}],"curies":[{"name":"wp","href":"https:\/\/api.w.org\/{rel}","templated":true}]}}