{"id":156645,"date":"2025-12-18T18:40:00","date_gmt":"2025-12-18T15:40:00","guid":{"rendered":"https:\/\/baldumarket.lt\/product\/tudor-komoda-rtv-2-drzwiowa-dab-samdal-czarny-mat\/"},"modified":"2026-04-12T09:04:24","modified_gmt":"2026-04-12T06:04:24","slug":"tudor-komoda-rtv-2-drzwiowa-dab-samdal-czarny-mat","status":"publish","type":"product","link":"https:\/\/baldumarket.lt\/lt\/product\/tudor-komoda-rtv-2-drzwiowa-dab-samdal-czarny-mat\/","title":{"rendered":"Tudor \u2013 2 dur\u0173 TV spintel\u0117 Samdal Oak Matte Black"},"content":{"rendered":"<p>Atraskite nauj\u0105 elegancijos ir funkcionalumo apibr\u0117\u017eim\u0105 su m\u016bs\u0173 2 dur\u0173 \u201eSamdal Oak\u201c spintele, kuri puikiai papildys bet kur\u012f modern\u0173 svetain\u0117s interjer\u0105. Minimalistinis dizainas, derinantis nat\u016bralius atspalvius su matiniais akcentais, traukia ak\u012f ir sukuria jaukumo bei rafinuotumo atmosfer\u0105. Matin\u0117s juodos spalvos fasadai puikiai kontrastuoja su \u0161iltais \u0105\u017euolo tonais, sukurdami harmoning\u0105 kompozicij\u0105, kuri pakeis j\u016bs\u0173 interjer\u0105. \u201eTudor\u201c televizoriaus spintel\u0117 pasi\u017eymi ne tik estetika, bet ir i\u0161skirtiniu funkcionalumu. Erdvus 180 cm plo\u010dio dizainas suteikia pakankamai vietos j\u016bs\u0173 m\u0117gstamiausiems elektroniniams prietaisams, taip pat papildomiems priedams, kuriuos norite visada tur\u0117ti po ranka. Joje lengvai tilps medijos grotuvas ir naujausios \u017eaidim\u0173 konsol\u0117s, taip pat daugyb\u0117 kit\u0173 daikt\u0173, kurie pagerins kiekvien\u0105 namuose praleist\u0105 akimirk\u0105. Sukurkite stiling\u0105 erdv\u0119, kuri atspind\u0117t\u0173 j\u016bs\u0173 unikal\u0173 charakter\u012f. \u201eTudor\u201c televizoriaus spintel\u0117 buvo sukurta atsi\u017evelgiant \u012f \u0161iuolaikines tendencijas, si\u016blant ne tik i\u0161samias organizavimo galimybes, bet ir unikal\u0173 dizain\u0105, kuris papildo \u012fvairius interjero dizainus. Jos \u201eSamdal Oak\u201c ir matin\u0117 juoda spalva dera su bet kokiu stiliumi \u2013 nuo skandinavi\u0161ko iki industrinio, suteikdamos elegancijos ir modernumo.<\/p>","protected":false},"excerpt":{"rendered":"<p>Plotis (cm): 180<br \/>\n\u016agis (cm): 42<br \/>\nGylis (cm): 40<\/p>","protected":false},"featured_media":156646,"comment_status":"open","ping_status":"open","template":"","meta":[],"product_brand":[],"product_cat":[9433,4105,1175],"product_tag":[],"class_list":{"0":"post-156645","1":"product","2":"type-product","3":"status-publish","4":"has-post-thumbnail","6":"product_cat-furniture-system-tudor","7":"product_cat-helvetia","8":"product_cat-tv-stands","10":"first","11":"instock","12":"purchasable","13":"product-type-simple"},"_links":{"self":[{"href":"https:\/\/baldumarket.lt\/lt\/wp-json\/wp\/v2\/product\/156645","targetHints":{"allow":["GET"]}}],"collection":[{"href":"https:\/\/baldumarket.lt\/lt\/wp-json\/wp\/v2\/product"}],"about":[{"href":"https:\/\/baldumarket.lt\/lt\/wp-json\/wp\/v2\/types\/product"}],"replies":[{"embeddable":true,"href":"https:\/\/baldumarket.lt\/lt\/wp-json\/wp\/v2\/comments?post=156645"}],"wp:featuredmedia":[{"embeddable":true,"href":"https:\/\/baldumarket.lt\/lt\/wp-json\/wp\/v2\/media\/156646"}],"wp:attachment":[{"href":"https:\/\/baldumarket.lt\/lt\/wp-json\/wp\/v2\/media?parent=156645"}],"wp:term":[{"taxonomy":"product_brand","embeddable":true,"href":"https:\/\/baldumarket.lt\/lt\/wp-json\/wp\/v2\/product_brand?post=156645"},{"taxonomy":"product_cat","embeddable":true,"href":"https:\/\/baldumarket.lt\/lt\/wp-json\/wp\/v2\/product_cat?post=156645"},{"taxonomy":"product_tag","embeddable":true,"href":"https:\/\/baldumarket.lt\/lt\/wp-json\/wp\/v2\/product_tag?post=156645"}],"curies":[{"name":"wp","href":"https:\/\/api.w.org\/{rel}","templated":true}]}}