{"id":156637,"date":"2025-12-18T18:39:44","date_gmt":"2025-12-18T15:39:44","guid":{"rendered":"https:\/\/baldumarket.lt\/product\/tudor-komoda-2d3s-dab-samdal-czarny-mat\/"},"modified":"2026-04-12T09:04:24","modified_gmt":"2026-04-12T06:04:24","slug":"tudor-komoda-2d3s-dab-samdal-czarny-mat","status":"publish","type":"product","link":"https:\/\/baldumarket.lt\/lt\/product\/tudor-komoda-2d3s-dab-samdal-czarny-mat\/","title":{"rendered":"Tudor \u2013 Komoda 2D3S Samdal \u0105\u017euolo matin\u0117s juodos spalvos"},"content":{"rendered":"<p>\u201eTudor 2D3S\u201c indauja \u2013 eleganti\u0161kas baldas, kuris suteiks charakterio bet kokiam interjerui. Apdaila \u201eSamdal\u201c \u0105\u017euolo spalva derina modern\u0173 dizain\u0105 su klasikiniu funkcionalumu. Minimalistin\u0117 forma ir prislopintos spalvos puikiai dera prie \u012fvairi\u0173 interjer\u0173 \u2013 nuo skandinavi\u0161ko iki industrinio. \u0160i indauja yra ne tik baldas, bet ir stiliaus bei harmonijos j\u016bs\u0173 namuose i\u0161rai\u0161ka. 220 cm plo\u010dio, 85 cm auk\u0161\u010dio ir 45 cm gylio \u201eTudor\u201c komoda yra puikus sprendimas daikt\u0173 laikymui. Erdviuose stal\u010diuose ir lentynose galite lengvai susitvarkyti asmeninius daiktus, dokumentus ir aksesuarus. \u201ePush-To-Open\u201c sistema leid\u017eia patogiai atidaryti fasadus be rankenos, tod\u0117l spintel\u0117 atrodo moderniai ir yra lengvai naudojama. Indauja kruop\u0161\u010diai apgalvota, siekiant suderinti estetik\u0105 ir funkcionalum\u0105. Matin\u0117s juodos ranken\u0117l\u0117s kontrastuoja su \u0161viesiu \u0105\u017euolo atspalviu, sukurdamos ry\u0161ki\u0105, ak\u012f traukian\u010di\u0105 kompozicij\u0105. Nat\u016brali med\u017eio spalva suteikia \u0161ilumos ir jaukumo bet kuriai erdvei, tod\u0117l j\u016bs\u0173 interjeras tampa patrauklesnis. \u201eTudor\u201c komoda \u2013 puikus sprendimas svetainei, miegamajam ar biurui.<\/p>","protected":false},"excerpt":{"rendered":"<p>Plotis (cm): 220<br \/>\n\u016agis (cm): 85<br \/>\nGylis (cm): 45<\/p>","protected":false},"featured_media":156638,"comment_status":"open","ping_status":"open","template":"","meta":[],"product_brand":[],"product_cat":[9433,1173,4105],"product_tag":[],"class_list":{"0":"post-156637","1":"product","2":"type-product","3":"status-publish","4":"has-post-thumbnail","6":"product_cat-furniture-system-tudor","7":"product_cat-chests-of-drawers","8":"product_cat-helvetia","10":"first","11":"instock","12":"purchasable","13":"product-type-simple"},"_links":{"self":[{"href":"https:\/\/baldumarket.lt\/lt\/wp-json\/wp\/v2\/product\/156637","targetHints":{"allow":["GET"]}}],"collection":[{"href":"https:\/\/baldumarket.lt\/lt\/wp-json\/wp\/v2\/product"}],"about":[{"href":"https:\/\/baldumarket.lt\/lt\/wp-json\/wp\/v2\/types\/product"}],"replies":[{"embeddable":true,"href":"https:\/\/baldumarket.lt\/lt\/wp-json\/wp\/v2\/comments?post=156637"}],"wp:featuredmedia":[{"embeddable":true,"href":"https:\/\/baldumarket.lt\/lt\/wp-json\/wp\/v2\/media\/156638"}],"wp:attachment":[{"href":"https:\/\/baldumarket.lt\/lt\/wp-json\/wp\/v2\/media?parent=156637"}],"wp:term":[{"taxonomy":"product_brand","embeddable":true,"href":"https:\/\/baldumarket.lt\/lt\/wp-json\/wp\/v2\/product_brand?post=156637"},{"taxonomy":"product_cat","embeddable":true,"href":"https:\/\/baldumarket.lt\/lt\/wp-json\/wp\/v2\/product_cat?post=156637"},{"taxonomy":"product_tag","embeddable":true,"href":"https:\/\/baldumarket.lt\/lt\/wp-json\/wp\/v2\/product_tag?post=156637"}],"curies":[{"name":"wp","href":"https:\/\/api.w.org\/{rel}","templated":true}]}}