{"id":156633,"date":"2025-12-18T18:39:36","date_gmt":"2025-12-18T15:39:36","guid":{"rendered":"https:\/\/baldumarket.lt\/product\/toledo-wm-witryna-barek-bialy-polysk-san-remo\/"},"modified":"2026-02-05T12:17:32","modified_gmt":"2026-02-05T09:17:32","slug":"toledo-wm-witryna-barek-bialy-polysk-san-remo","status":"publish","type":"product","link":"https:\/\/baldumarket.lt\/lt\/product\/toledo-wm-witryna-barek-bialy-polysk-san-remo\/","title":{"rendered":"Toledo WM vitrinos baras, blizgi balta \/ San Remo"},"content":{"rendered":"<p>Atraskite i\u0161skirtin\u012f \u201eToledo WM\u201c vitrinos dizain\u0105 ir funkcionalum\u0105 \u2013 bald\u0105, kuris i\u0161skirs j\u016bs\u0173 interjer\u0105 elegancija ir moderniu blizgios baltos bei \u0161ilto San Remo medienos atspalvio spalv\u0173 deriniu. \u0160i \u201eToledo Helvetia\u201c kolekcijos indauja yra ne tik prakti\u0161ka, bet ir esteti\u0161kai patraukli, tod\u0117l kiekviena akimirka, praleista svetain\u0117je ar valgomajame, tampa dar ypatingesn\u0117.<\/p>\n<p>Auk\u0161tos kokyb\u0117s med\u017eiagos, tokios kaip auk\u0161tos kokyb\u0117s laminuota plok\u0161t\u0117, garantuoja ilgaam\u017ei\u0161kum\u0105 ir atsparum\u0105 dr\u0117gmei bei auk\u0161tai temperat\u016brai. Visas blokas padengtas membranine pl\u0117vele, kuri papildomai apsaugo pavir\u0161i\u0173 nuo \u012fbr\u0117\u017eim\u0173, i\u0161saugodama pirmin\u012f \u017eaves\u012f ilgus metus.<\/p>\n<p>\u201eToledo WM\u201c vitrina \u2013 tai 147 cm plo\u010dio, 131 cm auk\u0161\u010dio ir 39 cm gylio indauja, kuri stebina ne tik savo dyd\u017eiu, bet ir funkcionalumu. Stal\u010dius su pilna i\u0161traukimo sistema garantuoja lengv\u0105 prieig\u0105 ir paprast\u0105 naudojim\u0105, o trij\u0173 dur\u0173 spintel\u0117 su a\u0161tuoniolika lentyn\u0173 suteikia puiki\u0105 viet\u0105 laikyti visk\u0105 \u2013 nuo stiklini\u0173 iki knyg\u0173 ir dokument\u0173.<\/p>\n<p>Spintel\u0117s pagrindas stovi ant tvirt\u0173 plastikini\u0173 kojeli\u0173, u\u017etikrinan\u010di\u0173 stabilum\u0105 ir ilgaam\u017ei\u0161kum\u0105. Tiems, kurie vertina nepriklausomyb\u0119 ir pasitenkinim\u0105 savaranki\u0161ku surinkimu, baldai pristatomi supakuoti su ai\u0161kiomis surinkimo instrukcijomis.<br \/>\nSuteikite savo interjerui charakterio su \u201eToledo WM\u201c vitrina \u2013 baldu, kuriame dera nesenstanti estetika ir prakti\u0161kumas. Papuo\u0161kite savo interjer\u0105 \u0161iuo unikaliu baldu, kuriam suteikiama 2 met\u0173 gamintojo garantija.<\/p>","protected":false},"excerpt":{"rendered":"<p>Plotis (cm): 147<br \/>\n\u016agis (cm): 131<br \/>\nGylis (cm): 39<\/p>","protected":false},"featured_media":156634,"comment_status":"open","ping_status":"open","template":"","meta":[],"product_brand":[],"product_cat":[9432,4105,2006],"product_tag":[],"class_list":{"0":"post-156633","1":"product","2":"type-product","3":"status-publish","4":"has-post-thumbnail","6":"product_cat-furniture-system-toledo","7":"product_cat-helvetia","8":"product_cat-vitrines","10":"first","11":"instock","12":"purchasable","13":"product-type-simple"},"_links":{"self":[{"href":"https:\/\/baldumarket.lt\/lt\/wp-json\/wp\/v2\/product\/156633","targetHints":{"allow":["GET"]}}],"collection":[{"href":"https:\/\/baldumarket.lt\/lt\/wp-json\/wp\/v2\/product"}],"about":[{"href":"https:\/\/baldumarket.lt\/lt\/wp-json\/wp\/v2\/types\/product"}],"replies":[{"embeddable":true,"href":"https:\/\/baldumarket.lt\/lt\/wp-json\/wp\/v2\/comments?post=156633"}],"wp:featuredmedia":[{"embeddable":true,"href":"https:\/\/baldumarket.lt\/lt\/wp-json\/wp\/v2\/media\/156634"}],"wp:attachment":[{"href":"https:\/\/baldumarket.lt\/lt\/wp-json\/wp\/v2\/media?parent=156633"}],"wp:term":[{"taxonomy":"product_brand","embeddable":true,"href":"https:\/\/baldumarket.lt\/lt\/wp-json\/wp\/v2\/product_brand?post=156633"},{"taxonomy":"product_cat","embeddable":true,"href":"https:\/\/baldumarket.lt\/lt\/wp-json\/wp\/v2\/product_cat?post=156633"},{"taxonomy":"product_tag","embeddable":true,"href":"https:\/\/baldumarket.lt\/lt\/wp-json\/wp\/v2\/product_tag?post=156633"}],"curies":[{"name":"wp","href":"https:\/\/api.w.org\/{rel}","templated":true}]}}