{"id":156619,"date":"2025-12-18T18:39:09","date_gmt":"2025-12-18T15:39:09","guid":{"rendered":"https:\/\/baldumarket.lt\/product\/toledo-wm-witryna-1-drzwiowa-bialy-polysk-san-remo\/"},"modified":"2026-02-05T12:17:32","modified_gmt":"2026-02-05T09:17:32","slug":"toledo-wm-witryna-1-drzwiowa-bialy-polysk-san-remo","status":"publish","type":"product","link":"https:\/\/baldumarket.lt\/lt\/product\/toledo-wm-witryna-1-drzwiowa-bialy-polysk-san-remo\/","title":{"rendered":"Toledo WM 1 dur\u0173 vitrina, blizgi balta \/ San Remo"},"content":{"rendered":"<p>Atraskite modernaus elegancijos \u017eaves\u012f su \u201eToledo WM\u201c vien\u0173 dur\u0173 vitrina blizgios baltos \/ San Remo spalvos, kurios rafinuotas dizainas ir funkcionalumas prad\u017eiugins net i\u0161rankiausius interjero entuziastus. \u012ekv\u0117pta nat\u016brali\u0173 atspalvi\u0173 ir moderni\u0173 form\u0173, \u0161i vitrina yra stiliaus ir patogumo kvintesencija.<\/p>\n<p>Atraskite jos vid\u0173, kuriame \u0161e\u0161ios lentynos, \u012fskaitant dvi stiklines, leid\u017eia eleganti\u0161kai eksponuoti m\u0117gstamus dekoratyvinius daiktus arba laikyti b\u016btiniausius daiktus. Stiklin\u0117s durys subtiliai atidengia turin\u012f ir suteikia visai konstrukcijai lengvumo. Gr\u016bdintas stiklas ne tik esteti\u0161kai papildo vitrinos priek\u012f, bet ir, svarbiausia, padidina naudotojo saugum\u0105.<\/p>\n<p>Visa \u201eToledo\u201c kolekcija gars\u0117ja auk\u0161ta meistri\u0161kumo kokybe, ir \u0161is gaminys n\u0117ra i\u0161imtis. Atsparum\u0105 \u012fbr\u0117\u017eimams u\u017etikrina specialiai pritaikyta membranin\u0117 pl\u0117vel\u0117, kuri, be apsaugos nuo pa\u017eeidim\u0173, ilgam laikui garantuoja nepriekai\u0161ting\u0105 estetik\u0105. Be to, naudojama laminuota plok\u0161t\u0117 garantuoja atsparum\u0105 dr\u0117gmei ir auk\u0161tai temperat\u016brai. Atkreipdami d\u0117mes\u012f \u012f kiekvien\u0105 detal\u0119, net ir pa\u010di\u0105 ma\u017eiausi\u0105, dizaineriai vitrin\u0105 apr\u016bpino eleganti\u0161komis MDF rankenomis ir stabiliomis plastikin\u0117mis kojel\u0117mis \u2013 visa tai siekiant u\u017etikrinti unikal\u0173 ir visi\u0161kai funkcional\u0173 bald\u0105. Nor\u0117dami patenkinti individualius ap\u0161vietimo poreikius, galite \u012fsigyti stiling\u0105 LED ap\u0161vietim\u0105, kuris suteiks vitrinai subtilaus \u0161vyt\u0117jimo ir pabr\u0117\u0161 joje eksponuojam\u0173 daikt\u0173 gro\u017e\u012f.<\/p>\n<p>\u0160ios eleganti\u0161kos vitrinos matmenys \u2013 plotis: 61 cm, auk\u0161tis: 204 cm, gylis: 39 cm \u2013 puikiai tinka \u012fvairioms nam\u0173 erdv\u0117ms \u2013 nuo erdvios svetain\u0117s iki jauki\u0173 biuro kampeli\u0173. \u0160is pasi\u016blymas yra ne tik esteti\u0161kas, bet ir prakti\u0161kas, nes baldai pristatomi savaranki\u0161kai surenkamose pakuot\u0117se.<\/p>\n<p>Siekiant u\u017etikrinti J\u016bs\u0173 ramyb\u0119 ir pasitenkinim\u0105 pirkiniu, \u201eToledo\u201c vitrinai suteikiama 2 met\u0173 garantija, rodanti gamintojo pasitik\u0117jim\u0105 savo gamini\u0173 kokybe. Tad i\u0161dr\u012fskite suderinti funkcionalum\u0105, elegancij\u0105 ir ilgaam\u017ei\u0161kum\u0105 viename balde, kuris tarnaus Jums ilgus metus. Kategorija: Baldai \/ Vitrinos, Kolekcija: \u201eToledo Helvetia\u201c. Blizgi balta spalv\u0173 gama kartu su \u0161iltais \u201eSan Remo\u201c tonais suteiks interjerui gaivumo ir modernumo. \u0160ios vitrinos pasirinkimas yra ne tik prakti\u0161kas sprendimas, bet ir i\u0161skirtinis akcentas, pabr\u0117\u0161iantis J\u016bs\u0173 nam\u0173 modernum\u0105.<\/p>","protected":false},"excerpt":{"rendered":"<p>Plotis (cm): 61<br \/>\n\u016agis (cm): 204<br \/>\nGylis (cm): 39<\/p>","protected":false},"featured_media":156620,"comment_status":"open","ping_status":"open","template":"","meta":[],"product_brand":[],"product_cat":[9432,4105,2006],"product_tag":[],"class_list":{"0":"post-156619","1":"product","2":"type-product","3":"status-publish","4":"has-post-thumbnail","6":"product_cat-furniture-system-toledo","7":"product_cat-helvetia","8":"product_cat-vitrines","10":"first","11":"instock","12":"purchasable","13":"product-type-simple"},"_links":{"self":[{"href":"https:\/\/baldumarket.lt\/lt\/wp-json\/wp\/v2\/product\/156619","targetHints":{"allow":["GET"]}}],"collection":[{"href":"https:\/\/baldumarket.lt\/lt\/wp-json\/wp\/v2\/product"}],"about":[{"href":"https:\/\/baldumarket.lt\/lt\/wp-json\/wp\/v2\/types\/product"}],"replies":[{"embeddable":true,"href":"https:\/\/baldumarket.lt\/lt\/wp-json\/wp\/v2\/comments?post=156619"}],"wp:featuredmedia":[{"embeddable":true,"href":"https:\/\/baldumarket.lt\/lt\/wp-json\/wp\/v2\/media\/156620"}],"wp:attachment":[{"href":"https:\/\/baldumarket.lt\/lt\/wp-json\/wp\/v2\/media?parent=156619"}],"wp:term":[{"taxonomy":"product_brand","embeddable":true,"href":"https:\/\/baldumarket.lt\/lt\/wp-json\/wp\/v2\/product_brand?post=156619"},{"taxonomy":"product_cat","embeddable":true,"href":"https:\/\/baldumarket.lt\/lt\/wp-json\/wp\/v2\/product_cat?post=156619"},{"taxonomy":"product_tag","embeddable":true,"href":"https:\/\/baldumarket.lt\/lt\/wp-json\/wp\/v2\/product_tag?post=156619"}],"curies":[{"name":"wp","href":"https:\/\/api.w.org\/{rel}","templated":true}]}}