{"id":156605,"date":"2025-12-18T18:38:42","date_gmt":"2025-12-18T15:38:42","guid":{"rendered":"https:\/\/baldumarket.lt\/product\/toledo-wm-szafka-wiszaca-bialy-polysk-san-remo\/"},"modified":"2026-04-08T17:02:51","modified_gmt":"2026-04-08T14:02:51","slug":"toledo-wm-szafka-wiszaca-bialy-polysk-san-remo","status":"publish","type":"product","link":"https:\/\/baldumarket.lt\/lt\/product\/toledo-wm-szafka-wiszaca-bialy-polysk-san-remo\/","title":{"rendered":"Toledo WM sienin\u0117 spintel\u0117, blizgi balta \/ San Remo"},"content":{"rendered":"<p>Pristatome eleganti\u0161k\u0105 ir funkcionali\u0105 sienin\u0119 vitrin\u0105 \u201cToledo WM\u201d, pasi\u017eymin\u010di\u0105 akinan\u010diai blizgios baltos spalvos ir \u0161ilto San Remo atspalvio deriniu, puikiai tinkant\u012f tiek moderniam, tiek tradiciniam interjerui. Jos matmenys \u2013 53 cm plo\u010dio, 159 cm auk\u0161\u010dio ir 39 cm gylio, u\u017etikrinantys optimal\u0173 erdv\u0117s i\u0161naudojim\u0105.<br \/>\n\u201eToledo Helvetia\u201c kolekcijos vitrina \u201e07\u201c vis\u0173 pirma i\u0161siskiria auk\u0161tos kokyb\u0117s meistri\u0161kumu. Sukurta ilgalaikiam naudojimui, ji pagaminta i\u0161 auk\u0161tos kokyb\u0117s laminuotos plok\u0161t\u0117s, atsparios dr\u0117gmei ir auk\u0161tai temperat\u016brai, tod\u0117l jos i\u0161vaizda daugel\u012f met\u0173 i\u0161lieka nepakitusi.<br \/>\nVitrinos priekyje yra vienos, i\u0161 dalies \u012fstiklintos durys, slepian\u010dios penkias lentynas. Viena i\u0161 \u0161i\u0173 lentyn\u0173 pagaminta i\u0161 gr\u016bdinto stiklo, kad b\u016bt\u0173 u\u017etikrintas didesnis saugumas. Permatomi elementai ne tik eleganti\u0161kai demonstruoja turin\u012f, bet ir suteikia visai konstrukcijai lengvumo.<br \/>\n\u201eToledo\u201c vitrina turi papildom\u0105 privalum\u0105 \u2013 pasirenkam\u0105 LED ap\u0161vietim\u0105, kuris d\u017eiugins subtiliu \u0161vyt\u0117jimu ir pabr\u0117\u0161 eksponuojam\u0173 daikt\u0173 gro\u017e\u012f. MDF rankenos ir plastikin\u0117s kojel\u0117s u\u017etikrina stabilum\u0105 ir yra esteti\u0161ka detal\u0117.<br \/>\nBalduose naudojama membranin\u0117 folija garantuoja atsparum\u0105 \u012fbr\u0117\u017eimams ir lengv\u0105 valym\u0105, o tai ypa\u010d vertinama kasdien naudojant. \u0160is sprendimas u\u017etikrins, kad baldai tarnaus jums ilgus metus.<br \/>\nPasiruo\u0161kite ramiam vakarui su \u0161eima ar vakar\u0117liu su draugais, m\u0117gaudamiesi \u201eToledo WM\u201c vitrinos \u017eavesiu ir funkcionalumu. Baldai pristatomi supakuoti, kad juos b\u016bt\u0173 galima surinkti patiems, o visam baldui suteikiama 2 met\u0173 garantija, rodanti gamintojo pasitik\u0117jim\u0105 savo gamini\u0173 kokybe. M\u0117gaukit\u0117s elegancija ir prakti\u0161kumu kiekvien\u0105 dien\u0105!<\/p>","protected":false},"excerpt":{"rendered":"<p>Plotis (cm): 53<br \/>\n\u016agis (cm): 159<br \/>\nGylis (cm): 39<\/p>","protected":false},"featured_media":156606,"comment_status":"open","ping_status":"open","template":"","meta":[],"product_brand":[],"product_cat":[9432,4105,2006],"product_tag":[],"class_list":{"0":"post-156605","1":"product","2":"type-product","3":"status-publish","4":"has-post-thumbnail","6":"product_cat-furniture-system-toledo","7":"product_cat-helvetia","8":"product_cat-vitrines","10":"first","11":"instock","12":"purchasable","13":"product-type-simple"},"_links":{"self":[{"href":"https:\/\/baldumarket.lt\/lt\/wp-json\/wp\/v2\/product\/156605","targetHints":{"allow":["GET"]}}],"collection":[{"href":"https:\/\/baldumarket.lt\/lt\/wp-json\/wp\/v2\/product"}],"about":[{"href":"https:\/\/baldumarket.lt\/lt\/wp-json\/wp\/v2\/types\/product"}],"replies":[{"embeddable":true,"href":"https:\/\/baldumarket.lt\/lt\/wp-json\/wp\/v2\/comments?post=156605"}],"wp:featuredmedia":[{"embeddable":true,"href":"https:\/\/baldumarket.lt\/lt\/wp-json\/wp\/v2\/media\/156606"}],"wp:attachment":[{"href":"https:\/\/baldumarket.lt\/lt\/wp-json\/wp\/v2\/media?parent=156605"}],"wp:term":[{"taxonomy":"product_brand","embeddable":true,"href":"https:\/\/baldumarket.lt\/lt\/wp-json\/wp\/v2\/product_brand?post=156605"},{"taxonomy":"product_cat","embeddable":true,"href":"https:\/\/baldumarket.lt\/lt\/wp-json\/wp\/v2\/product_cat?post=156605"},{"taxonomy":"product_tag","embeddable":true,"href":"https:\/\/baldumarket.lt\/lt\/wp-json\/wp\/v2\/product_tag?post=156605"}],"curies":[{"name":"wp","href":"https:\/\/api.w.org\/{rel}","templated":true}]}}