{"id":156599,"date":"2025-12-18T18:38:30","date_gmt":"2025-12-18T15:38:30","guid":{"rendered":"https:\/\/baldumarket.lt\/product\/toledo-wm-szafka-wiszaca-1-drzwiowa-bialy-bialy-polysk\/"},"modified":"2026-04-08T17:02:41","modified_gmt":"2026-04-08T14:02:41","slug":"toledo-wm-szafka-wiszaca-1-drzwiowa-bialy-bialy-polysk","status":"publish","type":"product","link":"https:\/\/baldumarket.lt\/lt\/product\/toledo-wm-szafka-wiszaca-1-drzwiowa-bialy-bialy-polysk\/","title":{"rendered":"Toledo WM 1 dur\u0173 sienin\u0117 spintel\u0117, balta \/ blizgi balta"},"content":{"rendered":"<p>\u201eToledo WM\u201c vien\u0173 dur\u0173 sienin\u0117 spintel\u0117, balta \/ blizgi balta<br \/>\nPristatome i\u0161skirtinai eleganti\u0161k\u0105 ir funkcionali\u0105 sienin\u0119 spintel\u0119 i\u0161 \u201eHelvetia\u201c kolekcijos, kuri puikiai dera tiek moderniose, tiek tradicin\u0117se erdv\u0117se. \u0160is baldas traukia d\u0117mes\u012f minimalistine forma ir blizgia apdaila, tod\u0117l yra ne tik prakti\u0161kas, bet ir stilingas bet kokio interjero papildymas.<br \/>\nKasdien naudojant, \u201eToledo WM\u201c spintel\u0117 stebina savo funkcionalumu ir patogumu. Puikiai tinka svetainei, valgomajam ar prie\u0161kambariui, ji gali b\u016bti naudojama dekoracijoms eksponuoti ar b\u016btiniausiems daiktams laikyti. Jos blizgi apdaila traukia d\u0117mes\u012f ir puikiai dera su kitais baldais, sukurdama harmoning\u0105 interjero dizain\u0105.<\/p>","protected":false},"excerpt":{"rendered":"<p>Plotis (cm): 53<br \/>\n\u016agis (cm): 159<br \/>\nGylis (cm): 39<\/p>","protected":false},"featured_media":156600,"comment_status":"open","ping_status":"open","template":"","meta":[],"product_brand":[],"product_cat":[9432,4105,2006],"product_tag":[],"class_list":{"0":"post-156599","1":"product","2":"type-product","3":"status-publish","4":"has-post-thumbnail","6":"product_cat-furniture-system-toledo","7":"product_cat-helvetia","8":"product_cat-vitrines","10":"first","11":"instock","12":"purchasable","13":"product-type-simple"},"_links":{"self":[{"href":"https:\/\/baldumarket.lt\/lt\/wp-json\/wp\/v2\/product\/156599","targetHints":{"allow":["GET"]}}],"collection":[{"href":"https:\/\/baldumarket.lt\/lt\/wp-json\/wp\/v2\/product"}],"about":[{"href":"https:\/\/baldumarket.lt\/lt\/wp-json\/wp\/v2\/types\/product"}],"replies":[{"embeddable":true,"href":"https:\/\/baldumarket.lt\/lt\/wp-json\/wp\/v2\/comments?post=156599"}],"wp:featuredmedia":[{"embeddable":true,"href":"https:\/\/baldumarket.lt\/lt\/wp-json\/wp\/v2\/media\/156600"}],"wp:attachment":[{"href":"https:\/\/baldumarket.lt\/lt\/wp-json\/wp\/v2\/media?parent=156599"}],"wp:term":[{"taxonomy":"product_brand","embeddable":true,"href":"https:\/\/baldumarket.lt\/lt\/wp-json\/wp\/v2\/product_brand?post=156599"},{"taxonomy":"product_cat","embeddable":true,"href":"https:\/\/baldumarket.lt\/lt\/wp-json\/wp\/v2\/product_cat?post=156599"},{"taxonomy":"product_tag","embeddable":true,"href":"https:\/\/baldumarket.lt\/lt\/wp-json\/wp\/v2\/product_tag?post=156599"}],"curies":[{"name":"wp","href":"https:\/\/api.w.org\/{rel}","templated":true}]}}