{"id":156595,"date":"2025-12-18T18:38:23","date_gmt":"2025-12-18T15:38:23","guid":{"rendered":"https:\/\/baldumarket.lt\/product\/toledo-wm-szafka-wiszaca-1-drzwiowa-antracyt-polysk-dab-grandson\/"},"modified":"2026-04-08T17:02:41","modified_gmt":"2026-04-08T14:02:41","slug":"toledo-wm-szafka-wiszaca-1-drzwiowa-antracyt-polysk-dab-grandson","status":"publish","type":"product","link":"https:\/\/baldumarket.lt\/lt\/product\/toledo-wm-szafka-wiszaca-1-drzwiowa-antracyt-polysk-dab-grandson\/","title":{"rendered":"Toledo WM 1 dur\u0173 sienin\u0117 spintel\u0117, blizgi antracito \/ Grandson \u0105\u017euolo spalvos"},"content":{"rendered":"<p>Leiskite man pristatyti jums sienin\u0119 spintel\u0119, kuri j\u016bs\u0173 interjerui suteiks eleganti\u0161kos ir modernios atmosferos \u2013 \u201eToledo WM 1-D\u201c sienin\u0119 spintel\u0119 blizgios antracito \/ \u201eGrandson Oak\u201c spalvos. \u0160is baldas vien savo buvimu gali pakeisti kambario charakter\u012f, suteikdamas rafinuotos klas\u0117s ir nepaprastos \u0161ilumos.<br \/>\nBlizgi antracito spalv\u0173 gama kartu su \u201eGrandson\u201c \u0105\u017euolo apdaila sukuria unikal\u0173 duet\u0105, kuris skland\u017eiai \u012fsilies \u012f \u012fvairius interjero dizainus. \u0160i modernaus dizaino spintel\u0117 pasi\u017eymi stikliniais fasadais, pagamintais i\u0161 auk\u0161tos kokyb\u0117s MDF plok\u0161t\u0117s, padengtais membranine pl\u0117vele, u\u017etikrinan\u010dia didel\u012f bald\u0173 atsparum\u0105 ir ilgaam\u017ei\u0161kum\u0105. Subtil\u016bs horizontal\u016bs frezavimai skatina atid\u017eiau ap\u017ei\u016br\u0117ti \u0161io baldo meistri\u0161kum\u0105.<br \/>\nSpintel\u0117s viduje yra viena stiklin\u0117 lentyna, puikiai tinkanti eksponuoti brangiausius dekoracij\u0173 daiktus ar m\u0117gstam\u0173 knyg\u0173 kolekcij\u0105. Tai vieta, kur galite u\u017efiksuoti savo aistras ir suteikti namams unikal\u0173 charakter\u012f. Stiklo elementai pagaminti i\u0161 gr\u016bdinto stiklo, u\u017etikrinan\u010dio naudotoj\u0173 komfort\u0105 ir saugum\u0105.<br \/>\nTaip pat verta pamin\u0117ti ranken\u0117les, nes j\u0173 originalus dizainas patraukia d\u0117mes\u012f ir suteikia \u201eToledo\u201c kolekcijai unikalaus gro\u017eio. Kit\u0173 \u0161ios serijos gamini\u0173 stal\u010diai turi pilno i\u0161traukimo funkcij\u0105, dar labiau padidindami visos kolekcijos funkcionalum\u0105.<br \/>\n\u201eToledo WM\u201c sienin\u0117 spintel\u0117 pristatoma kaip savaranki\u0161kai surenkama pakuot\u0117, tod\u0117l galite patirti pasitenkinim\u0105 suk\u016br\u0119 savo \u0161edevr\u0105. Viduje taip pat rasite ai\u0161ki\u0105 instrukcij\u0105, kuri \u017eingsnis po \u017eingsnio pad\u0117s jums atlikti surinkimo proces\u0105. O jei norite \u0161iek tiek daugiau blizgesio, galite \u012fsigyti papildom\u0105 LED ap\u0161vietim\u0105, kuris dar labiau padidins j\u016bs\u0173 naujos spintel\u0117s presti\u017e\u0105 ir stili\u0173.<\/p>\n<p>\u201eToledo WM\u201c sieninei spintelei suteikiame 2 met\u0173 garantij\u0105, kuri \u012frodo ne tik gamybos kokyb\u0119, bet ir m\u016bs\u0173 pasitik\u0117jim\u0105 jos patikimumu bei ilgaam\u017ei\u0161kumu. Gro\u017eis ir funkcionalumas viename \u2013 rinkit\u0117s \u201eToledo WM 1-D\u201c sienin\u0119 spintel\u0119 blizgios antracito \/ Grandson \u0105\u017euolo spalvos ir suteikite savo erdvei akinant\u012f nauj\u0105 i\u0161vaizd\u0105. J\u016bs\u0173 interjeras to nusipelno!<\/p>","protected":false},"excerpt":{"rendered":"<p>Plotis (cm): 53<br \/>\n\u016agis (cm): 159<br \/>\nGylis (cm): 39<\/p>","protected":false},"featured_media":156596,"comment_status":"open","ping_status":"open","template":"","meta":[],"product_brand":[],"product_cat":[9432,4105,2006],"product_tag":[],"class_list":{"0":"post-156595","1":"product","2":"type-product","3":"status-publish","4":"has-post-thumbnail","6":"product_cat-furniture-system-toledo","7":"product_cat-helvetia","8":"product_cat-vitrines","10":"first","11":"instock","12":"purchasable","13":"product-type-simple"},"_links":{"self":[{"href":"https:\/\/baldumarket.lt\/lt\/wp-json\/wp\/v2\/product\/156595","targetHints":{"allow":["GET"]}}],"collection":[{"href":"https:\/\/baldumarket.lt\/lt\/wp-json\/wp\/v2\/product"}],"about":[{"href":"https:\/\/baldumarket.lt\/lt\/wp-json\/wp\/v2\/types\/product"}],"replies":[{"embeddable":true,"href":"https:\/\/baldumarket.lt\/lt\/wp-json\/wp\/v2\/comments?post=156595"}],"wp:featuredmedia":[{"embeddable":true,"href":"https:\/\/baldumarket.lt\/lt\/wp-json\/wp\/v2\/media\/156596"}],"wp:attachment":[{"href":"https:\/\/baldumarket.lt\/lt\/wp-json\/wp\/v2\/media?parent=156595"}],"wp:term":[{"taxonomy":"product_brand","embeddable":true,"href":"https:\/\/baldumarket.lt\/lt\/wp-json\/wp\/v2\/product_brand?post=156595"},{"taxonomy":"product_cat","embeddable":true,"href":"https:\/\/baldumarket.lt\/lt\/wp-json\/wp\/v2\/product_cat?post=156595"},{"taxonomy":"product_tag","embeddable":true,"href":"https:\/\/baldumarket.lt\/lt\/wp-json\/wp\/v2\/product_tag?post=156595"}],"curies":[{"name":"wp","href":"https:\/\/api.w.org\/{rel}","templated":true}]}}