{"id":156591,"date":"2025-12-18T18:38:15","date_gmt":"2025-12-18T15:38:15","guid":{"rendered":"https:\/\/baldumarket.lt\/product\/toledo-wm-stolik-kawowy-bialy-polysk-san-remo\/"},"modified":"2026-02-05T12:17:41","modified_gmt":"2026-02-05T09:17:41","slug":"toledo-wm-stolik-kawowy-bialy-polysk-san-remo","status":"publish","type":"product","link":"https:\/\/baldumarket.lt\/lt\/product\/toledo-wm-stolik-kawowy-bialy-polysk-san-remo\/","title":{"rendered":"Toledo WM kavos staliukas, blizgi balta \/ San Remo"},"content":{"rendered":"<p>Svajojate apie eleganti\u0161k\u0105 ir funkcional\u0173 interjer\u0105, kuris kviest\u0173 atsipalaiduoti su puodeliu m\u0117gstamos kavos? Atraskite \u201eToledo WM\u201c kavos staliuk\u0105, kuriame dera rafinuota estetika ir nesenstantis funkcionalumas. Baltas blizgesys kartu su \u0161iltu San Remo atspalviu suteikia interjerui rafinuoto lengvumo ir modernaus \u017eavesio.<br \/>\n\u201cToledo WM\u201d kavos staliukas buvo sukurtas galvojant apie eleganti\u0161ko dizaino ir auk\u0161tos kokyb\u0117s meistri\u0161kumo m\u0117g\u0117jus. Du erdv\u016bs stal\u010diai su modernia \u201espustel\u0117jimo atidarymo\u201c sistema leid\u017eia lengvai atidaryti stal\u010dius be ranken\u0117li\u0173, tuo pa\u010diu u\u017etikrinant neprilygstam\u0105 komfort\u0105 ir tyl\u0173 u\u017edarym\u0105. D\u0117l \u0161ios funkcijos \u201eToledo WM\u201c yra ne tik dekoratyvus elementas, bet ir prakti\u0161kas sprendimas smulkiems daiktams laikyti.<br \/>\nStilingas ir \u012fsp\u016bdingas \u2013 \u201eToledo WM\u201c staliukas pagamintas i\u0161 novatori\u0161kos membranin\u0117s pl\u0117vel\u0117s, kuri garantuoja ilgalaik\u012f atsparum\u0105 \u012fbr\u0117\u017eimams, dr\u0117gmei ir auk\u0161tai temperat\u016brai. Tvirta auk\u0161tos kokyb\u0117s laminuotos plok\u0161t\u0117s konstrukcija garantuoja ne tik ilgaam\u017ei\u0161kum\u0105, bet ir lengv\u0105 valym\u0105. Staliuko matmenys \u2013 110 cm plo\u010dio, 39 cm auk\u0161\u010dio ir 60 cm gylio \u2013 paver\u010dia j\u012f puikiu valdymo centru svetain\u0117je, suteikian\u010diu daug vietos tiek kasdieniam naudojimui, tiek dekoracij\u0173 eksponavimui.<br \/>\n\u201eToledo WM\u201c kavos staliukas taip pat atspindi m\u016bs\u0173 \u012fsipareigojim\u0105 j\u016bs\u0173 laikui ir komfortui. Produktas pristatomas savaranki\u0161kai surenkamose pakuot\u0117se, tod\u0117l galite m\u0117gautis nauju baldu beveik i\u0161 karto po pristatymo. O su dvej\u0173 met\u0173 garantija galite b\u016bti tikri, kad j\u016bs\u0173 investicija yra apsaugota.<br \/>\n\u201eToledo Helvetia\u201c kolekcija pabr\u0117\u017eia unikal\u0173 bet kokio interjero charakter\u012f. Tiems, kurie vertina harmonij\u0105, med\u017eiag\u0173 pasirinkim\u0105 ir jausming\u0105 estetik\u0105, \u201eToledo WM\u201c yra akivaizdus pasirinkimas. Jei ie\u0161kote bald\u0173, kuriuose der\u0117t\u0173 elegancija ir prakti\u0161kumas, \u201eToledo WM\u201c kavos staliukas blizgios baltos \/ San Remo spalvos yra pasirinkimas, kurio nesigail\u0117site.<\/p>","protected":false},"excerpt":{"rendered":"<p>Plotis (cm): 110<br \/>\n\u016agis (cm): 39<br \/>\nGylis (cm): 60<\/p>","protected":false},"featured_media":156592,"comment_status":"open","ping_status":"open","template":"","meta":[],"product_brand":[],"product_cat":[9432,866,4105],"product_tag":[],"class_list":{"0":"post-156591","1":"product","2":"type-product","3":"status-publish","4":"has-post-thumbnail","6":"product_cat-furniture-system-toledo","7":"product_cat-coffee-tables","8":"product_cat-helvetia","10":"first","11":"instock","12":"purchasable","13":"product-type-simple"},"_links":{"self":[{"href":"https:\/\/baldumarket.lt\/lt\/wp-json\/wp\/v2\/product\/156591","targetHints":{"allow":["GET"]}}],"collection":[{"href":"https:\/\/baldumarket.lt\/lt\/wp-json\/wp\/v2\/product"}],"about":[{"href":"https:\/\/baldumarket.lt\/lt\/wp-json\/wp\/v2\/types\/product"}],"replies":[{"embeddable":true,"href":"https:\/\/baldumarket.lt\/lt\/wp-json\/wp\/v2\/comments?post=156591"}],"wp:featuredmedia":[{"embeddable":true,"href":"https:\/\/baldumarket.lt\/lt\/wp-json\/wp\/v2\/media\/156592"}],"wp:attachment":[{"href":"https:\/\/baldumarket.lt\/lt\/wp-json\/wp\/v2\/media?parent=156591"}],"wp:term":[{"taxonomy":"product_brand","embeddable":true,"href":"https:\/\/baldumarket.lt\/lt\/wp-json\/wp\/v2\/product_brand?post=156591"},{"taxonomy":"product_cat","embeddable":true,"href":"https:\/\/baldumarket.lt\/lt\/wp-json\/wp\/v2\/product_cat?post=156591"},{"taxonomy":"product_tag","embeddable":true,"href":"https:\/\/baldumarket.lt\/lt\/wp-json\/wp\/v2\/product_tag?post=156591"}],"curies":[{"name":"wp","href":"https:\/\/api.w.org\/{rel}","templated":true}]}}