{"id":156581,"date":"2025-12-18T18:37:55","date_gmt":"2025-12-18T15:37:55","guid":{"rendered":"https:\/\/baldumarket.lt\/product\/toledo-wm-stolik-kawowy-antracyt-polysk-dab-grandson\/"},"modified":"2026-02-05T12:17:41","modified_gmt":"2026-02-05T09:17:41","slug":"toledo-wm-stolik-kawowy-antracyt-polysk-dab-grandson","status":"publish","type":"product","link":"https:\/\/baldumarket.lt\/lt\/product\/toledo-wm-stolik-kawowy-antracyt-polysk-dab-grandson\/","title":{"rendered":"Toledo WM kavos staliukas, blizgus antracitas \/ Grandson \u0105\u017euolas"},"content":{"rendered":"<p>Atraskite i\u0161skirtin\u012f dizain\u0105 ir neprilygstam\u0105 funkcionalum\u0105 viename balde \u2013 atraskite \u201eToledo WM\u201c kavos staliuk\u0105, blizgant\u012f antracito spalva \/ \u0105\u017euolo spalvos \u201eGrandson Oak\u201c. \u0160is eleganti\u0161kas kavos staliukas i\u0161 \u201eToledo Helvetia\u201c kolekcijos, modernumo ir klasikin\u0117s elegancijos derinys, yra puikus pasirinkimas j\u016bs\u0173 svetainei.<br \/>\nKruop\u0161\u010diai pagaminti MDF fasadai, padengti patvaria antracito spalvos blizgia membranine folija, kontrastuoja su \u0161ilta ir jaukia apdaila, imituojan\u010dia Grandson \u0105\u017euolo strukt\u016br\u0105. \u0160i\u0173 dviej\u0173 spalv\u0173 derinys daro stal\u0105 patraukliu poilsiu prie puodelio kavos ar arbatos su draugais.<br \/>\nRank\u0173 darbo horizontalus frezavimas ir i\u0161skirtin\u0117s, ak\u012f traukian\u010dios rankenos yra ne tik dekoratyvin\u0117 detal\u0117, bet ir \u0161io gaminio i\u0161skirtin\u0117s kokyb\u0117s \u017eenklas. Jis ne tik atrodo gra\u017eiai, bet ir yra ne\u012ftik\u0117tinai prakti\u0161kas \u2013 jame yra vienas erdvus stal\u010dius su pilno i\u0161traukimo funkcija, kuriame galite lengvai susid\u0117ti savo daiktus, palaikydami tvark\u0105 ir harmonij\u0105 kambaryje. Patvarum\u0105 ir saugum\u0105 u\u017etikrina gr\u016bdinto stiklo naudojimas kituose kolekcijos elementuose, tod\u0117l galite jaustis saugiai net namuose su ma\u017eais vaikais. 110 cm plo\u010dio, 38,5 cm auk\u0161\u010dio ir 60 cm gylio stalas sukurtas atsi\u017evelgiant \u012f komfort\u0105 ir stiling\u0105 i\u0161vaizd\u0105 svetain\u0117je.<\/p>\n<p>\u201eToledo WM\u201c kavos staliuk\u0105 i\u0161skiria tai, kad j\u012f galima surinkti savaranki\u0161kai. Prie stalo pridedama instrukcija, tod\u0117l j\u012f lengva surinkti namuose. Gamintojas taip pat suteikia stalui 2 met\u0173 garantij\u0105, patvirtinan\u010di\u0105 auk\u0161t\u0105 kokyb\u0119 ir \u012fsipareigojim\u0105 u\u017etikrinti klient\u0173 pasitenkinim\u0105.<\/p>\n<p>Paverskite \u201eToledo WM Glossy Anthracite\u201c \/ \u201eGrandson Oak\u201c kavos staliuk\u0105 savo kasdieni\u0173 susib\u016brim\u0173 pagrindiniu elementu ir pasidid\u017eiavimo \u0161altiniu unikaliai suprojektuotu interjeru. M\u0117gaukit\u0117s komfortu, stiliumi ir prakti\u0161kumu viename balde, kuris niekada nei\u0161eis i\u0161 mados.<\/p>","protected":false},"excerpt":{"rendered":"<p>Plotis (cm): 110<br \/>\n\u016agis (cm): 38,5<br \/>\nGylis (cm): 60<\/p>","protected":false},"featured_media":156582,"comment_status":"open","ping_status":"open","template":"","meta":[],"product_brand":[],"product_cat":[9432,866,4105],"product_tag":[],"class_list":{"0":"post-156581","1":"product","2":"type-product","3":"status-publish","4":"has-post-thumbnail","6":"product_cat-furniture-system-toledo","7":"product_cat-coffee-tables","8":"product_cat-helvetia","10":"first","11":"instock","12":"purchasable","13":"product-type-simple"},"_links":{"self":[{"href":"https:\/\/baldumarket.lt\/lt\/wp-json\/wp\/v2\/product\/156581","targetHints":{"allow":["GET"]}}],"collection":[{"href":"https:\/\/baldumarket.lt\/lt\/wp-json\/wp\/v2\/product"}],"about":[{"href":"https:\/\/baldumarket.lt\/lt\/wp-json\/wp\/v2\/types\/product"}],"replies":[{"embeddable":true,"href":"https:\/\/baldumarket.lt\/lt\/wp-json\/wp\/v2\/comments?post=156581"}],"wp:featuredmedia":[{"embeddable":true,"href":"https:\/\/baldumarket.lt\/lt\/wp-json\/wp\/v2\/media\/156582"}],"wp:attachment":[{"href":"https:\/\/baldumarket.lt\/lt\/wp-json\/wp\/v2\/media?parent=156581"}],"wp:term":[{"taxonomy":"product_brand","embeddable":true,"href":"https:\/\/baldumarket.lt\/lt\/wp-json\/wp\/v2\/product_brand?post=156581"},{"taxonomy":"product_cat","embeddable":true,"href":"https:\/\/baldumarket.lt\/lt\/wp-json\/wp\/v2\/product_cat?post=156581"},{"taxonomy":"product_tag","embeddable":true,"href":"https:\/\/baldumarket.lt\/lt\/wp-json\/wp\/v2\/product_tag?post=156581"}],"curies":[{"name":"wp","href":"https:\/\/api.w.org\/{rel}","templated":true}]}}