{"id":156578,"date":"2025-12-18T18:37:50","date_gmt":"2025-12-18T15:37:50","guid":{"rendered":"https:\/\/baldumarket.lt\/product\/toledo-wm-regal-wiszacy-bialy-polysk-san-remo\/"},"modified":"2026-02-05T12:17:41","modified_gmt":"2026-02-05T09:17:41","slug":"toledo-wm-regal-wiszacy-bialy-polysk-san-remo","status":"publish","type":"product","link":"https:\/\/baldumarket.lt\/lt\/product\/toledo-wm-regal-wiszacy-bialy-polysk-san-remo\/","title":{"rendered":"Toledo WM balta blizgi sienin\u0117 lentyna \/ San Remo"},"content":{"rendered":"<p>Sveiki atvyk\u0119 \u012f elegancijos ir funkcionalumo pasaul\u012f, \u012fkv\u0117pt\u0105 \u0161ilto Italijos miesto Toledo klimato! Pristatome savo asortimento perl\u0105 \u2013 pakabinam\u0105 knyg\u0173 lentyn\u0105 \u201eToledo WM\u201c blizgios baltos ir San Remo atspalvi\u0173 \u2013 puikus pasirinkimas ie\u0161kantiems rafinuoto dizaino ir patvarumo.<br \/>\n\u0160i i\u0161skirtinai stilinga knyg\u0173 lentyna i\u0161 \u201eToledo Helvetia\u201c kolekcijos yra ne tik estetikos, bet ir auk\u0161tos kokyb\u0117s meistri\u0161kumo sinonimas. Sud\u0117tyje yra keturios prakti\u0161kos lentynos, tod\u0117l tai puiki vieta eksponuoti m\u0117gstamas knygas, suvenyrus ar dekoracijas, suteikiant bet kokiam kambariui modernumo ir erdv\u0117s poj\u016bt\u012f.<br \/>\nPrecizi\u0161kai pagaminta i\u0161 auk\u0161tos kokyb\u0117s laminuotos plok\u0161t\u0117s, \u201eToledo WM\u201c knyg\u0173 lentyna yra atspari kasdieniam naudojimui. Ji atlaiko tiek dr\u0117gm\u0119, tiek auk\u0161t\u0105 temperat\u016br\u0105, tod\u0117l galite b\u016bti tikri, kad ji tarnaus jums ir j\u016bs\u0173 artimiesiems ilgus metus. Be to, membranine pl\u0117vele padengtas pavir\u0161ius yra itin atsparus \u012fbr\u0117\u017eimams, tod\u0117l padeda i\u0161laikyti nepriekai\u0161ting\u0105 i\u0161vaizd\u0105 ilgus metus. \u201eToledo WM\u201c lentyna \u2013 tai baldas, puikiai derantis tiek prie modernaus, tiek prie tradici\u0161kesnio interjero, suteikiantis itali\u0161ko \u017eavesio. Kontrastingas blizgios baltos spalvos ir \u0161ilt\u0173 San Remo atspalvi\u0173 derinys d\u017eiugina ir paver\u010dia lentyn\u0105 i\u0161skirtinai universaliu baldu bet kokiems namams.<br \/>\n\u201eToledo\u201c kolekcija si\u016blo ne tik dizain\u0105, bet ir savaranki\u0161k\u0105 surinkim\u0105 bei pasitenkinim\u0105 surinkimu. 32 cm plo\u010dio, 159 cm auk\u0161\u010dio ir 25 cm gylio baldas pristatomas patogiose pakuot\u0117se su ai\u0161kiomis instrukcijomis, tod\u0117l gal\u0117site m\u0117gautis nauju pirkiniu vos po trumpo surinkimo.<br \/>\nSuteikiame 2 met\u0173 garantij\u0105, \u012frodan\u010di\u0105 m\u016bs\u0173 bald\u0173 ilgaam\u017ei\u0161kum\u0105 ir kokyb\u0119. Rinkit\u0117s \u201eToledo WM\u201c sienin\u0119 lentyn\u0105 blizgios baltos \/ San Remo spalvos ir m\u0117gaukit\u0117s tobulu prakti\u0161kumo ir estetikos deriniu savo namuose jau \u0161iandien!<\/p>","protected":false},"excerpt":{"rendered":"<p>Plotis (cm): 32<br \/>\n\u016agis (cm): 159<br \/>\nGylis (cm): 25<\/p>","protected":false},"featured_media":156579,"comment_status":"open","ping_status":"open","template":"","meta":[],"product_brand":[],"product_cat":[9432,4105,1987],"product_tag":[],"class_list":{"0":"post-156578","1":"product","2":"type-product","3":"status-publish","4":"has-post-thumbnail","6":"product_cat-furniture-system-toledo","7":"product_cat-helvetia","8":"product_cat-shelving-units","10":"first","11":"instock","12":"purchasable","13":"product-type-simple"},"_links":{"self":[{"href":"https:\/\/baldumarket.lt\/lt\/wp-json\/wp\/v2\/product\/156578","targetHints":{"allow":["GET"]}}],"collection":[{"href":"https:\/\/baldumarket.lt\/lt\/wp-json\/wp\/v2\/product"}],"about":[{"href":"https:\/\/baldumarket.lt\/lt\/wp-json\/wp\/v2\/types\/product"}],"replies":[{"embeddable":true,"href":"https:\/\/baldumarket.lt\/lt\/wp-json\/wp\/v2\/comments?post=156578"}],"wp:featuredmedia":[{"embeddable":true,"href":"https:\/\/baldumarket.lt\/lt\/wp-json\/wp\/v2\/media\/156579"}],"wp:attachment":[{"href":"https:\/\/baldumarket.lt\/lt\/wp-json\/wp\/v2\/media?parent=156578"}],"wp:term":[{"taxonomy":"product_brand","embeddable":true,"href":"https:\/\/baldumarket.lt\/lt\/wp-json\/wp\/v2\/product_brand?post=156578"},{"taxonomy":"product_cat","embeddable":true,"href":"https:\/\/baldumarket.lt\/lt\/wp-json\/wp\/v2\/product_cat?post=156578"},{"taxonomy":"product_tag","embeddable":true,"href":"https:\/\/baldumarket.lt\/lt\/wp-json\/wp\/v2\/product_tag?post=156578"}],"curies":[{"name":"wp","href":"https:\/\/api.w.org\/{rel}","templated":true}]}}