{"id":156573,"date":"2025-12-18T18:37:41","date_gmt":"2025-12-18T15:37:41","guid":{"rendered":"https:\/\/baldumarket.lt\/product\/toledo-wm-regal-wiszacy-bialy-bialy-polysk\/"},"modified":"2026-02-05T12:17:41","modified_gmt":"2026-02-05T09:17:41","slug":"toledo-wm-regal-wiszacy-bialy-bialy-polysk","status":"publish","type":"product","link":"https:\/\/baldumarket.lt\/lt\/product\/toledo-wm-regal-wiszacy-bialy-bialy-polysk\/","title":{"rendered":"Toledo WM sienin\u0117 lentyna, balta \/ blizgi balta"},"content":{"rendered":"<p>Klasikos ir modernumo derinys \u2013 sienin\u0117 lentyna \u201eToledo WM\u201c yra nesenstantis pasirinkimas bet kokiam interjero dizainui \u2013 ji patraukia ak\u012f subtilumu ir blizgan\u010diomis detal\u0117mis. \u0160is baldas puikiai dera tiek minimalistin\u0117se, tiek prabangesn\u0117se erdv\u0117se, u\u017etikrindamas ne tik prakti\u0161k\u0105 daikt\u0173 laikym\u0105, bet ir eleganti\u0161k\u0105 dekoratyvin\u012f akcent\u0105. 32 cm plotis leid\u017eia lengvai pritaikyti j\u0105 ma\u017eesn\u0117ms erdv\u0117ms, o \u012fsp\u016bdingas 159 cm auk\u0161tis \u2013 puiki vieta daiktams eksponuoti ir laikyti \u0161e\u0161iose lentynose. Tai idealus sprendimas tiems, kurie nori efektyviai i\u0161naudoti sien\u0173 erdv\u0119 svetain\u0117je, biure ar net koridoriuje. Dizainerio balta blizgi apdaila suteikia \u201eToledo WM\u201c ne tik rafinuot\u0105 i\u0161vaizd\u0105, bet ir leid\u017eia j\u0105 lengvai pri\u017ei\u016br\u0117ti. Priekin\u0117 dalis ir korpusas pagaminti i\u0161 laminuotos bald\u0173 plok\u0161t\u0117s, u\u017etikrinan\u010dios stabilum\u0105 ir atsparum\u0105 kasdieniam naudojimui.<\/p>","protected":false},"excerpt":{"rendered":"<p>Plotis (cm): 32<br \/>\n\u016agis (cm): 159<br \/>\nGylis (cm): 25<\/p>","protected":false},"featured_media":156574,"comment_status":"open","ping_status":"open","template":"","meta":[],"product_brand":[],"product_cat":[9432,4105,1987],"product_tag":[],"class_list":{"0":"post-156573","1":"product","2":"type-product","3":"status-publish","4":"has-post-thumbnail","6":"product_cat-furniture-system-toledo","7":"product_cat-helvetia","8":"product_cat-shelving-units","10":"first","11":"instock","12":"purchasable","13":"product-type-simple"},"_links":{"self":[{"href":"https:\/\/baldumarket.lt\/lt\/wp-json\/wp\/v2\/product\/156573","targetHints":{"allow":["GET"]}}],"collection":[{"href":"https:\/\/baldumarket.lt\/lt\/wp-json\/wp\/v2\/product"}],"about":[{"href":"https:\/\/baldumarket.lt\/lt\/wp-json\/wp\/v2\/types\/product"}],"replies":[{"embeddable":true,"href":"https:\/\/baldumarket.lt\/lt\/wp-json\/wp\/v2\/comments?post=156573"}],"wp:featuredmedia":[{"embeddable":true,"href":"https:\/\/baldumarket.lt\/lt\/wp-json\/wp\/v2\/media\/156574"}],"wp:attachment":[{"href":"https:\/\/baldumarket.lt\/lt\/wp-json\/wp\/v2\/media?parent=156573"}],"wp:term":[{"taxonomy":"product_brand","embeddable":true,"href":"https:\/\/baldumarket.lt\/lt\/wp-json\/wp\/v2\/product_brand?post=156573"},{"taxonomy":"product_cat","embeddable":true,"href":"https:\/\/baldumarket.lt\/lt\/wp-json\/wp\/v2\/product_cat?post=156573"},{"taxonomy":"product_tag","embeddable":true,"href":"https:\/\/baldumarket.lt\/lt\/wp-json\/wp\/v2\/product_tag?post=156573"}],"curies":[{"name":"wp","href":"https:\/\/api.w.org\/{rel}","templated":true}]}}