{"id":156569,"date":"2025-12-18T18:37:34","date_gmt":"2025-12-18T15:37:34","guid":{"rendered":"https:\/\/baldumarket.lt\/product\/toledo-wm-regal-wiszacy-antracyt-polysk-dab-grandson\/"},"modified":"2026-02-05T12:17:41","modified_gmt":"2026-02-05T09:17:41","slug":"toledo-wm-regal-wiszacy-antracyt-polysk-dab-grandson","status":"publish","type":"product","link":"https:\/\/baldumarket.lt\/lt\/product\/toledo-wm-regal-wiszacy-antracyt-polysk-dab-grandson\/","title":{"rendered":"Toledo WM pakabinama lentyna, antracito blizgi \/ Grandson \u0105\u017euolo spalvos"},"content":{"rendered":"<p>Parodykite savo svetain\u0117s i\u0161vaizd\u0105 i\u0161 geriausios pus\u0117s su \u0161ia unikalia pakabinama knyg\u0173 lentyna i\u0161 \u201eToledo Helvetia\u201c kolekcijos. \u0160is \u201eToledo WM Anthracite\u201c modelis \u2013 tai i\u0161skirtinis elegancijos ir funkcionalumo derinys, praturtinantis j\u016bs\u0173 interjer\u0105 \u0161iuolaikinio dizaino prisilietimu. Unikali spalva \u2013 gilios antracito spalvos su \u0161iltais \u201eGrandson\u201c \u0105\u017euolo akcentais \u2013 puikiai papildys \u012fvairius interjero stilius \u2013 nuo industrinio iki romanti\u0161kai klasikinio.<br \/>\n\u201eToledo\u201c knyg\u0173 lentynos priekin\u0117 dalis pagaminta i\u0161 auk\u0161tos kokyb\u0117s MDF plok\u0161t\u0117s, padengtos membranine pl\u0117vele. \u0160i moderni technika u\u017etikrina ne tik i\u0161skirtin\u012f patvarum\u0105, bet ir blizgan\u010di\u0105 apdail\u0105, suteikian\u010di\u0105 baldui prabangi\u0105 i\u0161vaizd\u0105. D\u0117l subtilaus horizontalaus frezavimo ir stiling\u0173 ranken\u0117li\u0173 \u0161is baldas tikrai pritrauks ak\u012f ir taps bet kurio svetain\u0117s ar biuro traukos centru.<\/p>\n<p>Ypa\u010d funkcionalus bruo\u017eas \u2013 stal\u010diai su pilno i\u0161traukimo sistema, leid\u017eian\u010dia lengvai pasiekti laikomus daiktus, j\u0173 neie\u0161kojant gale. Gr\u016bdintas stiklas komodose ir vitrinose suteikia papildomo saugumo ir padidina atsparum\u0105 pa\u017eeidimams.<br \/>\n\u0160i lentyn\u0173 sistema sukurta siekiant prakti\u0161k\u0173 ir esteti\u0161k\u0173 daikt\u0173 laikymo sprendim\u0173. Keturios lentynos ir septynios ni\u0161os leid\u017eia patogiai i\u0161d\u0117styti knygas, dekoracijas ir kitus kasdienius daiktus \u2013 visk\u0105 lengvai pasieksite ir puikiai sutvarkysite.<br \/>\n\u201eToledo WM\u201c pakabinam\u0105 lentyn\u0105 blizgaus antracito \/ Grandson \u0105\u017euolo spalvos reikia surinkti patiems, bet nesijaudinkite \u2013 komplekte yra ai\u0161ki instrukcija, kurioje \u017eingsnis po \u017eingsnio pateikiami surinkimo procesai. Lentynos plotis \u2013 32 cm, auk\u0161tis \u2013 159 cm, o gylis \u2013 25 cm, tod\u0117l ji tinka ir ma\u017eesn\u0117ms erdv\u0117ms.<br \/>\n\u0160iai tvirtai sukonstruotai lentyn\u0173 sistemai suteikiama 2 met\u0173 garantija, patvirtinanti auk\u0161t\u0105 kokyb\u0119 ir d\u0117mes\u012f detal\u0117ms. Rinkit\u0117s \u201eToledo WM\u201c ir suteikite savo interjerui i\u0161skirtinumo baldais, kurie derina gro\u017e\u012f ir funkcionalum\u0105.<\/p>","protected":false},"excerpt":{"rendered":"<p>Plotis (cm): 32<br \/>\n\u016agis (cm): 159<br \/>\nGylis (cm): 25<\/p>","protected":false},"featured_media":156570,"comment_status":"open","ping_status":"open","template":"","meta":[],"product_brand":[],"product_cat":[9432,4105,1987],"product_tag":[],"class_list":{"0":"post-156569","1":"product","2":"type-product","3":"status-publish","4":"has-post-thumbnail","6":"product_cat-furniture-system-toledo","7":"product_cat-helvetia","8":"product_cat-shelving-units","10":"first","11":"instock","12":"purchasable","13":"product-type-simple"},"_links":{"self":[{"href":"https:\/\/baldumarket.lt\/lt\/wp-json\/wp\/v2\/product\/156569","targetHints":{"allow":["GET"]}}],"collection":[{"href":"https:\/\/baldumarket.lt\/lt\/wp-json\/wp\/v2\/product"}],"about":[{"href":"https:\/\/baldumarket.lt\/lt\/wp-json\/wp\/v2\/types\/product"}],"replies":[{"embeddable":true,"href":"https:\/\/baldumarket.lt\/lt\/wp-json\/wp\/v2\/comments?post=156569"}],"wp:featuredmedia":[{"embeddable":true,"href":"https:\/\/baldumarket.lt\/lt\/wp-json\/wp\/v2\/media\/156570"}],"wp:attachment":[{"href":"https:\/\/baldumarket.lt\/lt\/wp-json\/wp\/v2\/media?parent=156569"}],"wp:term":[{"taxonomy":"product_brand","embeddable":true,"href":"https:\/\/baldumarket.lt\/lt\/wp-json\/wp\/v2\/product_brand?post=156569"},{"taxonomy":"product_cat","embeddable":true,"href":"https:\/\/baldumarket.lt\/lt\/wp-json\/wp\/v2\/product_cat?post=156569"},{"taxonomy":"product_tag","embeddable":true,"href":"https:\/\/baldumarket.lt\/lt\/wp-json\/wp\/v2\/product_tag?post=156569"}],"curies":[{"name":"wp","href":"https:\/\/api.w.org\/{rel}","templated":true}]}}