{"id":156561,"date":"2025-12-18T18:37:18","date_gmt":"2025-12-18T15:37:18","guid":{"rendered":"https:\/\/baldumarket.lt\/product\/toledo-wm-polka-wiszaca-bialy-polysk\/"},"modified":"2026-02-05T12:17:49","modified_gmt":"2026-02-05T09:17:49","slug":"toledo-wm-polka-wiszaca-bialy-polysk","status":"publish","type":"product","link":"https:\/\/baldumarket.lt\/lt\/product\/toledo-wm-polka-wiszaca-bialy-polysk\/","title":{"rendered":"Toledo WM balta blizgi pakabinama lentyna"},"content":{"rendered":"<p>Atraskite tobul\u0105 funkcionalumo ir modernaus dizaino derin\u012f \u2013 \u201eHelvetia\u201c baltos blizgios apdailos pakabinam\u0105 lentyn\u0105 \u201eToledo WM\u201c. \u0160is eleganti\u0161kas interjero dizaino elementas sukurtas tiems, kurie vertina minimalistin\u0119 estetik\u0105 ir prakti\u0161kus sprendimus savo namams. \u201eToledo WM\u201c lentyna, pasi\u017eyminti blizgia apdaila, suteiks spindesio bet kuriai erdvei, padarys j\u0105 erdvesn\u0119 ir modernesn\u0119. Tai puikus pasirinkimas svetainei, miegamajam ar biurui, kur stilinga i\u0161vaizda ir funkcionalumas dera tarpusavyje. Lentyna pagaminta i\u0161 auk\u0161tos kokyb\u0117s laminuotos bald\u0173 plok\u0161t\u0117s, u\u017etikrinan\u010dios patvarum\u0105 ir lengv\u0105 valym\u0105. \u0160io modelio matmenys puikiai atitinka \u012fvairius naudotoj\u0173 poreikius: 169 cm plotis, 19 cm gylis ir 21 cm auk\u0161tis suteikia daug vietos knygoms, dekoracijoms ir kitiems smulkiems daiktams. Tur\u0117dama penkias lentynas, \u201eToledo WM\u201c leid\u017eia k\u016brybi\u0161kai i\u0161d\u0117styti sienas ir eksponuoti m\u0117gstamus daiktus.<\/p>","protected":false},"excerpt":{"rendered":"<p>Plotis (cm): 169<br \/>\n\u016agis (cm): 21<br \/>\nGylis (cm): 19<\/p>","protected":false},"featured_media":156562,"comment_status":"open","ping_status":"open","template":"","meta":[],"product_brand":[],"product_cat":[9432,1174,4105],"product_tag":[],"class_list":{"0":"post-156561","1":"product","2":"type-product","3":"status-publish","4":"has-post-thumbnail","6":"product_cat-furniture-system-toledo","7":"product_cat-hanging-shelves","8":"product_cat-helvetia","10":"first","11":"instock","12":"purchasable","13":"product-type-simple"},"_links":{"self":[{"href":"https:\/\/baldumarket.lt\/lt\/wp-json\/wp\/v2\/product\/156561","targetHints":{"allow":["GET"]}}],"collection":[{"href":"https:\/\/baldumarket.lt\/lt\/wp-json\/wp\/v2\/product"}],"about":[{"href":"https:\/\/baldumarket.lt\/lt\/wp-json\/wp\/v2\/types\/product"}],"replies":[{"embeddable":true,"href":"https:\/\/baldumarket.lt\/lt\/wp-json\/wp\/v2\/comments?post=156561"}],"wp:featuredmedia":[{"embeddable":true,"href":"https:\/\/baldumarket.lt\/lt\/wp-json\/wp\/v2\/media\/156562"}],"wp:attachment":[{"href":"https:\/\/baldumarket.lt\/lt\/wp-json\/wp\/v2\/media?parent=156561"}],"wp:term":[{"taxonomy":"product_brand","embeddable":true,"href":"https:\/\/baldumarket.lt\/lt\/wp-json\/wp\/v2\/product_brand?post=156561"},{"taxonomy":"product_cat","embeddable":true,"href":"https:\/\/baldumarket.lt\/lt\/wp-json\/wp\/v2\/product_cat?post=156561"},{"taxonomy":"product_tag","embeddable":true,"href":"https:\/\/baldumarket.lt\/lt\/wp-json\/wp\/v2\/product_tag?post=156561"}],"curies":[{"name":"wp","href":"https:\/\/api.w.org\/{rel}","templated":true}]}}