{"id":156557,"date":"2025-12-18T18:37:11","date_gmt":"2025-12-18T15:37:11","guid":{"rendered":"https:\/\/baldumarket.lt\/product\/toledo-wm-polka-wiszaca-antracyt-polysk-dab-grandson\/"},"modified":"2026-02-05T12:17:49","modified_gmt":"2026-02-05T09:17:49","slug":"toledo-wm-polka-wiszaca-antracyt-polysk-dab-grandson","status":"publish","type":"product","link":"https:\/\/baldumarket.lt\/lt\/product\/toledo-wm-polka-wiszaca-antracyt-polysk-dab-grandson\/","title":{"rendered":"Toledo WM pakabinama lentyna, antracito blizgi \/ Grandson \u0105\u017euolo spalvos"},"content":{"rendered":"<p>Atraskite nesenstant\u012f elegancij\u0105 ir funkcionalum\u0105, kurie pagyvins j\u016bs\u0173 interjer\u0105 su \u201eToledo WM\u201c sienine lentyna blizgaus antracito \/ Grandson \u0105\u017euolo spalvos. \u0160i unikali lentyna i\u0161 \u201eToledo Helvetia\u201c kolekcijos yra tikras taikomojo meno k\u016brinys, kuris lengvai taps tiek prakti\u0161ku daikt\u0173 laikymo sprendimu, tiek ry\u0161kiu dekoratyviniu akcentu j\u016bs\u0173 svetain\u0117je, miegamajame ar net biure.<\/p>\n<p>Sukurta galvojant apie modern\u0173 interjer\u0105, ji derina tamsi\u0105, blizgi\u0105 antracito apdail\u0105 su \u0161ilta Grandson \u0105\u017euolo tekst\u016bra. Eleganti\u0161kos, matomos ranken\u0117l\u0117s ir subtil\u016bs horizontal\u016bs frezavimai suteikia lentynai rafinuoto charakterio. B\u016btent \u0161ios detal\u0117s u\u017etikrina, kad \u0161is baldas traukt\u0173 d\u0117mes\u012f ir tapt\u0173 j\u016bs\u0173 i\u0161d\u0117stymo traukos centru.<\/p>\n<p>Ne tik estetika, bet ir gamybos kokyb\u0117 yra auk\u0161\u010diausio lygio. \u201eToledo\u201c lentyna pagaminta i\u0161 MDF plok\u0161t\u0117s, kurios patvarum\u0105 dar labiau padidino membranin\u0117 pl\u0117vel\u0117. Rezultatas? Baldas, kuris ilg\u0105 laik\u0105 i\u0161laikys nepriekai\u0161ting\u0105 i\u0161vaizd\u0105, nei\u0161bluks ir nedeformuosis kasdien naudojant.<br \/>\nLentynoje yra penkios prakti\u0161kos \u012fdubos, kuriose yra daug vietos m\u0117gstamoms knygoms, nuotrauk\u0173 r\u0117meliams ar kitiems dekoratyviniams daiktams, suteikiant j\u016bs\u0173 kambariui asmeni\u0161kumo ir jaukumo. Be to, stal\u010diai turi pilno i\u0161traukimo funkcij\u0105, leid\u017eian\u010di\u0105 lengvai ir patogiai pasiekti kiekvien\u0105 kamp\u0105. O d\u0117l saugumo \u201eToledo\u201c kolekcijos komodose ir vitrinose naudojamas gr\u016bdintas stiklas u\u017etikrina saugum\u0105.<br \/>\nLentynos matmenys yra gerai apgalvoti ir tinka daugumai kambari\u0173: plotis 169 cm, auk\u0161tis 21 cm ir gylis 19 cm, tod\u0117l tai idealus pasirinkimas tiems, kurie nori optimizuoti erdv\u0119 neprarandant eleganti\u0161ko dizaino.<br \/>\nPatvarumas, stilius ir savaranki\u0161kas surinkimas \u2013 \u0161ie trys aspektai puikiai atspindi \u201eToledo\u201c kolekcijos dvasi\u0105. Be to, komplekte yra ai\u0161kios ir lengvai suprantamos instrukcijos, kurios \u017eingsnis po \u017eingsnio pad\u0117s jums surinkti baldus. Taip pat suteikiame 2 met\u0173 garantij\u0105 lentynai, kuri \u012frodo m\u016bs\u0173 pasitik\u0117jim\u0105 j\u0173 patvarumu ir kokybe.<\/p>\n<p>Sukurkite funkcionali\u0105 ir charaktering\u0105 erdv\u0119 su \u201eToledo WM\u201c sienine lentyna. \u0160is baldas yra daugiau nei tik daikt\u0173 laikymo vieta \u2013 tai unikalus j\u016bs\u0173 kasdienio gyvenimo papildymas.<\/p>","protected":false},"excerpt":{"rendered":"<p>Plotis (cm): 169<br \/>\n\u016agis (cm): 21<br \/>\nGylis (cm): 19<\/p>","protected":false},"featured_media":156558,"comment_status":"open","ping_status":"open","template":"","meta":[],"product_brand":[],"product_cat":[9432,1174,4105],"product_tag":[],"class_list":{"0":"post-156557","1":"product","2":"type-product","3":"status-publish","4":"has-post-thumbnail","6":"product_cat-furniture-system-toledo","7":"product_cat-hanging-shelves","8":"product_cat-helvetia","10":"first","11":"instock","12":"purchasable","13":"product-type-simple"},"_links":{"self":[{"href":"https:\/\/baldumarket.lt\/lt\/wp-json\/wp\/v2\/product\/156557","targetHints":{"allow":["GET"]}}],"collection":[{"href":"https:\/\/baldumarket.lt\/lt\/wp-json\/wp\/v2\/product"}],"about":[{"href":"https:\/\/baldumarket.lt\/lt\/wp-json\/wp\/v2\/types\/product"}],"replies":[{"embeddable":true,"href":"https:\/\/baldumarket.lt\/lt\/wp-json\/wp\/v2\/comments?post=156557"}],"wp:featuredmedia":[{"embeddable":true,"href":"https:\/\/baldumarket.lt\/lt\/wp-json\/wp\/v2\/media\/156558"}],"wp:attachment":[{"href":"https:\/\/baldumarket.lt\/lt\/wp-json\/wp\/v2\/media?parent=156557"}],"wp:term":[{"taxonomy":"product_brand","embeddable":true,"href":"https:\/\/baldumarket.lt\/lt\/wp-json\/wp\/v2\/product_brand?post=156557"},{"taxonomy":"product_cat","embeddable":true,"href":"https:\/\/baldumarket.lt\/lt\/wp-json\/wp\/v2\/product_cat?post=156557"},{"taxonomy":"product_tag","embeddable":true,"href":"https:\/\/baldumarket.lt\/lt\/wp-json\/wp\/v2\/product_tag?post=156557"}],"curies":[{"name":"wp","href":"https:\/\/api.w.org\/{rel}","templated":true}]}}