{"id":156553,"date":"2025-12-18T18:37:04","date_gmt":"2025-12-18T15:37:04","guid":{"rendered":"https:\/\/baldumarket.lt\/product\/toledo-wm-komoda-wysoka-3d1s-bialy-polysk-san-remo\/"},"modified":"2026-02-05T12:17:49","modified_gmt":"2026-02-05T09:17:49","slug":"toledo-wm-komoda-wysoka-3d1s-bialy-polysk-san-remo","status":"publish","type":"product","link":"https:\/\/baldumarket.lt\/lt\/product\/toledo-wm-komoda-wysoka-3d1s-bialy-polysk-san-remo\/","title":{"rendered":"Toledo WM auk\u0161ta komoda su stal\u010diais, 3D1S, blizgi balta \/ San Remo"},"content":{"rendered":"<p>Ie\u0161kote prakti\u0161ko ir stilingo baldo savo interjerui, kuriame der\u0117t\u0173 modernus dizainas ir funkcionalumas? Leiskite mums pristatyti Jums komod\u0105 \u201eToledo WM 3D1S\u201c, kurios atspalviai \u2013 blizgi balta ir \u201eSan Remo\u201c \u2013 bald\u0105, kuris patenkins visus \u0161iuos poreikius.<\/p>\n<p>Sukurta galvojant apie auk\u0161\u010diausi\u0105 kokyb\u0119 ir ilgaam\u017ei\u0161kum\u0105, \u201eToledo 76 San Remo\u201c komoda turi vien\u0105 prakti\u0161k\u0105 stal\u010di\u0173 ir tris eleganti\u0161kas dureles, u\u017e kuri\u0173 slypi \u0161e\u0161ios patvarios lentynos. \u0160ios komodos gro\u017eis atsispindi ne tik estetiniame patrauklume, bet ir meistri\u0161kumo tikslume bei med\u017eiag\u0173 patvarume.<\/p>\n<p>Blizgantys balti fasadai kartu su \u0161ilta San Remo med\u017eio apdaila sukuria harmoning\u0105 kontrast\u0105, kuris papildys tiek klasikin\u012f, tiek modern\u0173 interjero dizain\u0105. Svarbus \u0161ios komodos privalumas \u2013 vidurini\u0173 dureli\u0173 \u201cspustel\u0117jimo atidarymo\u201d sistema, leid\u017eianti lengvai ir greitai atidaryti stal\u010di\u0173 be papildom\u0173 ranken\u0173. Pilno stal\u010diaus i\u0161traukimo sistema taip pat suteikia ne\u012fkainojam\u0105 funkcionalum\u0105, tod\u0117l prieiga prie laikom\u0173 daikt\u0173 yra itin paprasta.<\/p>\n<p>Komodos pagrindas pagamintas i\u0161 tvirt\u0173 plastikini\u0173 kojeli\u0173, u\u017etikrinan\u010di\u0173 stabilum\u0105 ir tinkam\u0105 izoliacij\u0105 nuo grind\u0173. Auk\u0161tos kokyb\u0117s laminuota plok\u0161t\u0117, naudojama konstrukcijoje, garantuoja atsparum\u0105 dr\u0117gmei, auk\u0161tai temperat\u016brai ir kasdieniam naudojimui. Membranin\u0117 pl\u0117vel\u0117, u\u017ed\u0117ta ant komodos, u\u017etikrina jos ilgaam\u017ei\u0161kum\u0105 ir lengv\u0105 valym\u0105.<\/p>\n<p>Baldai pristatomi plok\u0161\u010diai supakuoti, kad juos b\u016bt\u0173 galima surinkti patiems, ta\u010diau j\u0173 surinkimas buvo suprojektuotas taip, kad b\u016bt\u0173 kuo paprastesnis. Gamintojas suteikia 2 met\u0173 garantij\u0105, patvirtinan\u010di\u0105 j\u016bs\u0173 pasitik\u0117jim\u0105 \u0161io gaminio kokybe ir patvarumu.<\/p>\n<p>Kvie\u010diame derinti funkcionalum\u0105 su eleganti\u0161ku stiliumi, pasirinkdami \u201eToledo\u201c komod\u0105 \u2013 bald\u0105, kuris savo prakti\u0161komis savyb\u0117mis supaprastina kasdienyb\u0119 ir ilgam pagra\u017eina j\u016bs\u0173 erdv\u0119.<\/p>","protected":false},"excerpt":{"rendered":"<p>Plotis (cm): 147<br \/>\n\u016agis (cm): 131<br \/>\nGylis (cm): 39<\/p>","protected":false},"featured_media":156554,"comment_status":"open","ping_status":"open","template":"","meta":[],"product_brand":[],"product_cat":[9432,1173,4105],"product_tag":[],"class_list":{"0":"post-156553","1":"product","2":"type-product","3":"status-publish","4":"has-post-thumbnail","6":"product_cat-furniture-system-toledo","7":"product_cat-chests-of-drawers","8":"product_cat-helvetia","10":"first","11":"instock","12":"purchasable","13":"product-type-simple"},"_links":{"self":[{"href":"https:\/\/baldumarket.lt\/lt\/wp-json\/wp\/v2\/product\/156553","targetHints":{"allow":["GET"]}}],"collection":[{"href":"https:\/\/baldumarket.lt\/lt\/wp-json\/wp\/v2\/product"}],"about":[{"href":"https:\/\/baldumarket.lt\/lt\/wp-json\/wp\/v2\/types\/product"}],"replies":[{"embeddable":true,"href":"https:\/\/baldumarket.lt\/lt\/wp-json\/wp\/v2\/comments?post=156553"}],"wp:featuredmedia":[{"embeddable":true,"href":"https:\/\/baldumarket.lt\/lt\/wp-json\/wp\/v2\/media\/156554"}],"wp:attachment":[{"href":"https:\/\/baldumarket.lt\/lt\/wp-json\/wp\/v2\/media?parent=156553"}],"wp:term":[{"taxonomy":"product_brand","embeddable":true,"href":"https:\/\/baldumarket.lt\/lt\/wp-json\/wp\/v2\/product_brand?post=156553"},{"taxonomy":"product_cat","embeddable":true,"href":"https:\/\/baldumarket.lt\/lt\/wp-json\/wp\/v2\/product_cat?post=156553"},{"taxonomy":"product_tag","embeddable":true,"href":"https:\/\/baldumarket.lt\/lt\/wp-json\/wp\/v2\/product_tag?post=156553"}],"curies":[{"name":"wp","href":"https:\/\/api.w.org\/{rel}","templated":true}]}}