{"id":156547,"date":"2025-12-18T18:36:53","date_gmt":"2025-12-18T15:36:53","guid":{"rendered":"https:\/\/baldumarket.lt\/product\/toledo-wm-komoda-wysoka-3d1s-bialy-bialy-polysk\/"},"modified":"2026-02-05T12:17:49","modified_gmt":"2026-02-05T09:17:49","slug":"toledo-wm-komoda-wysoka-3d1s-bialy-bialy-polysk","status":"publish","type":"product","link":"https:\/\/baldumarket.lt\/lt\/product\/toledo-wm-komoda-wysoka-3d1s-bialy-bialy-polysk\/","title":{"rendered":"Toledo WM auk\u0161ta komoda su stal\u010diais, 3D1S, balta \/ blizgi balta"},"content":{"rendered":"<p>I\u0161skirtinai eleganti\u0161ka ir funkcionali \u201eHelvetia\u201c \u201eToledo WM\u201c linijos auk\u0161ta komoda \u201e3D1S\u201c \u2013 puikus pasirinkimas tiems, kurie vertina modernaus dizaino ir prakti\u0161k\u0173 sprendim\u0173 derin\u012f. Pagaminta i\u0161 auk\u0161\u010diausios kokyb\u0117s med\u017eiag\u0173, ji pasi\u017eymi i\u0161skirtiniu patvarumu ir estetika, kuri tarnaus ilgus metus. Blizgi balta apdaila ne tik suteikia gaminiui prabangos, bet ir vizualiai i\u0161ple\u010dia erdv\u0119, \u012fleisdama daugiau \u0161viesos. Be to, MDF fasadai ir laminuotos bald\u0173 plok\u0161t\u0117s korpusas u\u017etikrina tvirt\u0105 konstrukcij\u0105. \u201eToledo WM\u201c komoda turi tris dureles ir vien\u0105 stal\u010di\u0173, tod\u0117l daiktai yra ergonomi\u0161kai organizuoti. A\u0161tuonios lentynos suteikia daug galimybi\u0173 susid\u0117ti \u012fvairaus dyd\u017eio daiktus.<\/p>","protected":false},"excerpt":{"rendered":"<p>Plotis (cm): 147<br \/>\n\u016agis (cm): 131<br \/>\nGylis (cm): 39<\/p>","protected":false},"featured_media":156548,"comment_status":"open","ping_status":"open","template":"","meta":[],"product_brand":[],"product_cat":[9432,1173,4105],"product_tag":[],"class_list":{"0":"post-156547","1":"product","2":"type-product","3":"status-publish","4":"has-post-thumbnail","6":"product_cat-furniture-system-toledo","7":"product_cat-chests-of-drawers","8":"product_cat-helvetia","10":"first","11":"instock","12":"purchasable","13":"product-type-simple"},"_links":{"self":[{"href":"https:\/\/baldumarket.lt\/lt\/wp-json\/wp\/v2\/product\/156547","targetHints":{"allow":["GET"]}}],"collection":[{"href":"https:\/\/baldumarket.lt\/lt\/wp-json\/wp\/v2\/product"}],"about":[{"href":"https:\/\/baldumarket.lt\/lt\/wp-json\/wp\/v2\/types\/product"}],"replies":[{"embeddable":true,"href":"https:\/\/baldumarket.lt\/lt\/wp-json\/wp\/v2\/comments?post=156547"}],"wp:featuredmedia":[{"embeddable":true,"href":"https:\/\/baldumarket.lt\/lt\/wp-json\/wp\/v2\/media\/156548"}],"wp:attachment":[{"href":"https:\/\/baldumarket.lt\/lt\/wp-json\/wp\/v2\/media?parent=156547"}],"wp:term":[{"taxonomy":"product_brand","embeddable":true,"href":"https:\/\/baldumarket.lt\/lt\/wp-json\/wp\/v2\/product_brand?post=156547"},{"taxonomy":"product_cat","embeddable":true,"href":"https:\/\/baldumarket.lt\/lt\/wp-json\/wp\/v2\/product_cat?post=156547"},{"taxonomy":"product_tag","embeddable":true,"href":"https:\/\/baldumarket.lt\/lt\/wp-json\/wp\/v2\/product_tag?post=156547"}],"curies":[{"name":"wp","href":"https:\/\/api.w.org\/{rel}","templated":true}]}}