{"id":156543,"date":"2025-12-18T18:36:47","date_gmt":"2025-12-18T15:36:47","guid":{"rendered":"https:\/\/baldumarket.lt\/product\/toledo-wm-komoda-wysoka-3d1s-antracyt-polysk-dab-grandson\/"},"modified":"2026-02-05T12:17:49","modified_gmt":"2026-02-05T09:17:49","slug":"toledo-wm-komoda-wysoka-3d1s-antracyt-polysk-dab-grandson","status":"publish","type":"product","link":"https:\/\/baldumarket.lt\/lt\/product\/toledo-wm-komoda-wysoka-3d1s-antracyt-polysk-dab-grandson\/","title":{"rendered":"Toledo WM auk\u0161ta komoda su stal\u010diais, 3D1S, blizgi antracito \/ Grandson \u0105\u017euolo spalvos"},"content":{"rendered":"<p>Pristatome unikali\u0105 ir eleganti\u0161k\u0105 auk\u0161t\u0105 komod\u0105 \u201eToledo WM 3D1S\u201c blizgaus antracito spalvos, derinam\u0105 su \u0161iltu \u201eGrandson Oak\u201c \u0105\u017euolo atspalviu. \u0160is unikalus baldas puikiai tinka visiems, vertinantiems modernumo ir funkcionalumo derin\u012f. \u0160i \u201eToledo Helvetia\u201c kolekcijos komoda sukurta tapti nesenstan\u010dia bet kurios svetain\u0117s puo\u0161mena ir kartu atlikti praktines daikt\u0173 laikymo funkcijas.<br \/>\nI\u0161skirtinai originalios, ak\u012f traukian\u010dios rankenos puikiai dera su subtiliais, horizontaliais fasad\u0173 frezavimais. Trys erdvios durel\u0117s ir funkcionalus pilno i\u0161traukimo stal\u010dius patenkins net ir reikliausi\u0173 vartotoj\u0173 poreikius. Ypa\u010d verta pamin\u0117ti gr\u016bdint\u0105 stikl\u0105, naudojam\u0105 komodose ir vitrinose, u\u017etikrinant\u012f didesn\u012f saugum\u0105 ir ilgaam\u017ei\u0161kum\u0105.<br \/>\nKomod\u0173 fasadai pagaminti i\u0161 MDF plok\u0161t\u0117s, padengtos membranine pl\u0117vele, u\u017etikrinan\u010dia j\u0173 patvarum\u0105 daugel\u012f met\u0173. Komodos plotis \u2013 147,4 cm, auk\u0161tis \u2013 132 cm, o gylis \u2013 39,3 cm, tod\u0117l j\u0105 lengva pritaikyti prie individuali\u0173 poreiki\u0173 ir kambario dyd\u017eio. Antracito spalvos komoda puikiai dera su \u2019Grandson Oak\u201c spalva, sukurdama darni\u0105 ir esteti\u0161kai patraukli\u0105 bendr\u0105 i\u0161vaizd\u0105.<br \/>\n\u201eToledo WM\u201c komod\u0105 reikia surinkti patiems, ta\u010diau prid\u0117tos i\u0161samios instrukcijos \u0161\u012f proces\u0105 padaro greit\u0105 ir paprast\u0105. \u012esigijus \u0161\u012f bald\u0105, suteikiama 2 met\u0173 kokyb\u0117s garantija, rodanti m\u016bs\u0173 pasitik\u0117jim\u0105 savo gamini\u0173 patvarumu ir kokybe.<br \/>\nPraskaidrinkite savo svetain\u0119 ar miegam\u0105j\u012f su \u0161ia stilinga, erdvia ir ne\u012ftik\u0117tinai funkcionalia komoda, kuri pad\u0117s palaikyti tvark\u0105 interjere ir suteiks namams charakterio. Pasirink\u0119 \u201eToledo WM 3D1S\u201c komod\u0105, investicija \u012f ger\u0105 skon\u012f ir ilgaam\u017ei\u0161kum\u0105 tikrai neliks nepasteb\u0117ta!<\/p>","protected":false},"excerpt":{"rendered":"<p>Plotis (cm): 147,4<br \/>\n\u016agis (cm): 132<br \/>\nGylis (cm): 39,3<\/p>","protected":false},"featured_media":156544,"comment_status":"open","ping_status":"open","template":"","meta":[],"product_brand":[],"product_cat":[9432,1173,4105],"product_tag":[],"class_list":{"0":"post-156543","1":"product","2":"type-product","3":"status-publish","4":"has-post-thumbnail","6":"product_cat-furniture-system-toledo","7":"product_cat-chests-of-drawers","8":"product_cat-helvetia","10":"first","11":"instock","12":"purchasable","13":"product-type-simple"},"_links":{"self":[{"href":"https:\/\/baldumarket.lt\/lt\/wp-json\/wp\/v2\/product\/156543","targetHints":{"allow":["GET"]}}],"collection":[{"href":"https:\/\/baldumarket.lt\/lt\/wp-json\/wp\/v2\/product"}],"about":[{"href":"https:\/\/baldumarket.lt\/lt\/wp-json\/wp\/v2\/types\/product"}],"replies":[{"embeddable":true,"href":"https:\/\/baldumarket.lt\/lt\/wp-json\/wp\/v2\/comments?post=156543"}],"wp:featuredmedia":[{"embeddable":true,"href":"https:\/\/baldumarket.lt\/lt\/wp-json\/wp\/v2\/media\/156544"}],"wp:attachment":[{"href":"https:\/\/baldumarket.lt\/lt\/wp-json\/wp\/v2\/media?parent=156543"}],"wp:term":[{"taxonomy":"product_brand","embeddable":true,"href":"https:\/\/baldumarket.lt\/lt\/wp-json\/wp\/v2\/product_brand?post=156543"},{"taxonomy":"product_cat","embeddable":true,"href":"https:\/\/baldumarket.lt\/lt\/wp-json\/wp\/v2\/product_cat?post=156543"},{"taxonomy":"product_tag","embeddable":true,"href":"https:\/\/baldumarket.lt\/lt\/wp-json\/wp\/v2\/product_tag?post=156543"}],"curies":[{"name":"wp","href":"https:\/\/api.w.org\/{rel}","templated":true}]}}