{"id":156539,"date":"2025-12-18T18:36:40","date_gmt":"2025-12-18T15:36:40","guid":{"rendered":"https:\/\/baldumarket.lt\/product\/toledo-wm-komoda-wysoka-2-drzwiowa-bialy-polysk-san-remo\/"},"modified":"2026-02-05T12:17:49","modified_gmt":"2026-02-05T09:17:49","slug":"toledo-wm-komoda-wysoka-2-drzwiowa-bialy-polysk-san-remo","status":"publish","type":"product","link":"https:\/\/baldumarket.lt\/lt\/product\/toledo-wm-komoda-wysoka-2-drzwiowa-bialy-polysk-san-remo\/","title":{"rendered":"Toledo WM auk\u0161ta komoda su stal\u010diais, 2 dur\u0173, balta blizgi \/ San Remo"},"content":{"rendered":"<p>Pristatome Jums unikali\u0105 ir eleganti\u0161k\u0105 auk\u0161t\u0105 komod\u0105 i\u0161 \u201eToledo Helvetia\u201c kolekcijos \u2013 \u201eToledo WM\u201c model\u012f, blizgios baltos ir \u201eSan Remo\u201c spalv\u0173. \u0160is baldas derina moderni\u0105 estetik\u0105 su funkcionalumu, puikiai papildydamas \u012fvairius interjero dizaino stilius.<br \/>\n\u201eToledo WM\u201c komoda pirmiausia pasi\u017eymi auk\u0161tos kokyb\u0117s meistri\u0161kumu, u\u017etikrinan\u010diu jos ilgaam\u017ei\u0161kum\u0105. D\u0117l membranin\u0117s pl\u0117vel\u0117s pavir\u0161ius yra atsparus \u012fbr\u0117\u017eimams, dr\u0117gmei ir auk\u0161tai temperat\u016brai, tod\u0117l daugel\u012f met\u0173 i\u0161laikys nepriekai\u0161ting\u0105 i\u0161vaizd\u0105.<br \/>\nKomodos matmenys kruop\u0161\u010diai parinkti, tod\u0117l j\u0105 galima pastatyti \u012fvairiose erdv\u0117se: plotis \u2013 122 cm, auk\u0161tis \u2013 152 cm, o gylis \u2013 39 cm. \u0160i dvidur\u0117 komoda turi keturias prakti\u0161kas lentynas, kurios si\u016blo plat\u0173 organizavimo galimybi\u0173 spektr\u0105 \u2013 nuo patalyn\u0117s ir knyg\u0173 iki papuo\u0161al\u0173 laikymo. Verta pamin\u0117ti ir pasirenkam\u0105 LED ap\u0161vietim\u0105 po kar\u016bn\u0117le, nes jis gali suteikti baldui subtilaus \u017eavesio ir pagerinti kambario, kuriame stovi komoda, atmosfer\u0105. Tvirtos rankenos pagamintos i\u0161 MDF plok\u0161t\u0117s, o stabilios kojel\u0117s \u2013 i\u0161 plastiko, dar labiau pabr\u0117\u017eiant d\u0117mes\u012f, skirt\u0105 kiekvienai, net ir ma\u017eiausiai, detalei.<\/p>\n<p>\u201eToledo\u201c kolekcijos baldai pristatomi savaranki\u0161kai surenkamose pakuot\u0117se. Visa konstrukcija sukurta paprastam ir intuityviam surinkimui. Prie kiekvieno baldo pridedamos ai\u0161kios instrukcijos, kurios \u017eingsnis po \u017eingsnio pad\u0117s atlikti surinkimo proces\u0105.<\/p>\n<p>D\u017eiaugiam\u0117s gal\u0117dami prane\u0161ti, kad \u201eToledo WM\u201c komodai suteikiama 2 met\u0173 garantija, patvirtinanti gamintojo pasitik\u0117jim\u0105 savo gaminiu. \u0160is modelis derina prakti\u0161kum\u0105 ir elegancij\u0105 \u2013 baldas, kuris ras savo viet\u0105 miegamajame, svetain\u0117je ar prie\u0161kambaryje. Pasirink\u0119 \u201eToledo WM\u201c komod\u0105, \u012fsigysite ne tik gra\u017e\u0173 ir patvar\u0173 bald\u0105, bet ir prakti\u0161k\u0105 bald\u0105, kuris veiksmingai pad\u0117s palaikyti tvark\u0105 ir harmonij\u0105 j\u016bs\u0173 nam\u0173 \u0161ventov\u0117je.<\/p>","protected":false},"excerpt":{"rendered":"<p>Plotis (cm): 122<br \/>\n\u016agis (cm): 152<br \/>\nGylis (cm): 39<\/p>","protected":false},"featured_media":156540,"comment_status":"open","ping_status":"open","template":"","meta":[],"product_brand":[],"product_cat":[9432,1173,4105],"product_tag":[],"class_list":{"0":"post-156539","1":"product","2":"type-product","3":"status-publish","4":"has-post-thumbnail","6":"product_cat-furniture-system-toledo","7":"product_cat-chests-of-drawers","8":"product_cat-helvetia","10":"first","11":"instock","12":"purchasable","13":"product-type-simple"},"_links":{"self":[{"href":"https:\/\/baldumarket.lt\/lt\/wp-json\/wp\/v2\/product\/156539","targetHints":{"allow":["GET"]}}],"collection":[{"href":"https:\/\/baldumarket.lt\/lt\/wp-json\/wp\/v2\/product"}],"about":[{"href":"https:\/\/baldumarket.lt\/lt\/wp-json\/wp\/v2\/types\/product"}],"replies":[{"embeddable":true,"href":"https:\/\/baldumarket.lt\/lt\/wp-json\/wp\/v2\/comments?post=156539"}],"wp:featuredmedia":[{"embeddable":true,"href":"https:\/\/baldumarket.lt\/lt\/wp-json\/wp\/v2\/media\/156540"}],"wp:attachment":[{"href":"https:\/\/baldumarket.lt\/lt\/wp-json\/wp\/v2\/media?parent=156539"}],"wp:term":[{"taxonomy":"product_brand","embeddable":true,"href":"https:\/\/baldumarket.lt\/lt\/wp-json\/wp\/v2\/product_brand?post=156539"},{"taxonomy":"product_cat","embeddable":true,"href":"https:\/\/baldumarket.lt\/lt\/wp-json\/wp\/v2\/product_cat?post=156539"},{"taxonomy":"product_tag","embeddable":true,"href":"https:\/\/baldumarket.lt\/lt\/wp-json\/wp\/v2\/product_tag?post=156539"}],"curies":[{"name":"wp","href":"https:\/\/api.w.org\/{rel}","templated":true}]}}