{"id":156535,"date":"2025-12-18T18:36:32","date_gmt":"2025-12-18T15:36:32","guid":{"rendered":"https:\/\/baldumarket.lt\/product\/toledo-wm-komoda-rtv-mala-bialy-polysk-san-remo\/"},"modified":"2026-02-05T12:17:49","modified_gmt":"2026-02-05T09:17:49","slug":"toledo-wm-komoda-rtv-mala-bialy-polysk-san-remo","status":"publish","type":"product","link":"https:\/\/baldumarket.lt\/lt\/product\/toledo-wm-komoda-rtv-mala-bialy-polysk-san-remo\/","title":{"rendered":"Toledo WM ma\u017ea televizoriaus spintel\u0117, balta blizgi \/ San Remo"},"content":{"rendered":"<p>Atraskite \u201eToledo WM Ma\u0142a\u201c televizoriaus staliuk\u0105, kuris puikiai atspindi naujausias dizaino tendencijas. \u0160is baldas ne tik suteiks j\u016bs\u0173 svetainei modernumo, bet ir pasi\u016blys prakti\u0161kus sprendimus, pritaikytus j\u016bs\u0173 poreikiams.<\/p>\n<p>\u201eToledo WM Ma\u0142a\u201c \u2013 tai i\u0161skirtinio funkcionalumo baldas. Dviej\u0173 dur\u0173 spintel\u0117 turi du erdvius stal\u010dius su pilno i\u0161traukimo sistema, tod\u0117l lengva pasiekti viduje laikomus daiktus. Naudojimo paprastumas ir elegancija kasdien\u012f naudojim\u0105 paver\u010dia tikru malonumu.<\/p>\n<p>Stovo matmenys \u2013 159 cm plo\u010dio, 48 cm auk\u0161\u010dio ir 39 cm gylio \u2013 pasi\u017eymi i\u0161skirtine estetika. Blizgios baltos apdailos ir nat\u016braliai atrodan\u010dio \u201eSan Remo\u201c gaubto derinys traukia ak\u012f ir paver\u010dia \u0161\u012f bald\u0105 kambario traukos centru. Tai daugiau nei baldas \u2013 tai j\u016bs\u0173 stiliaus parei\u0161kimas.<\/p>\n<p>Kruop\u0161\u010diai pagaminta i\u0161 auk\u0161tos kokyb\u0117s laminuotos plok\u0161t\u0117s, ji garantuoja atsparum\u0105 \u012fbr\u0117\u017eimams, dr\u0117gmei ir auk\u0161tai temperat\u016brai. U\u017ed\u0117ta membranin\u0117 pl\u0117vel\u0117 yra investicija \u012f ilgaam\u017ei\u0161kum\u0105, u\u017etikrinanti lengv\u0105 valym\u0105 ir ilgalaik\u012f naudojim\u0105, nepakenkiant unikaliai i\u0161vaizdai. Be to, komodos pagrindas pagamintas i\u0161 patvaraus plastiko, u\u017etikrinan\u010dio stabilum\u0105.<br \/>\nUnikal\u0173 vizualin\u012f efekt\u0105 galima sustiprinti pridedamu LED ap\u0161vietimu. \u0160velnus ap\u0161vietimas ne tik i\u0161ry\u0161kins komodos gro\u017e\u012f, bet ir suteiks interjerui unikali\u0105 atmosfer\u0105.<br \/>\n\u201eToledo WM Ma\u0142a\u201c televizoriaus staliuk\u0105 taip pat lengva surinkti, tod\u0117l galite j\u012f lengvai surinkti patys ir akimirksniu m\u0117gautis savo nauju baldu.<\/p>\n<p>Dvej\u0173 met\u0173 garantija suteikia papildom\u0105 garantij\u0105, kad pasirinkdami \u201eToledo WM Ma\u0142a\u201c televizoriaus staliuk\u0105, renkat\u0117s gamintojo patvirtint\u0105 kokyb\u0119. Tai pasirinkimas, kuris tarnaus ilgus metus, atspind\u0117damas j\u016bs\u0173 estetin\u012f poj\u016bt\u012f ir atsidavim\u0105 patogiai gyvenamajai erdvei. Jei norite savo interjere derinti funkcionalum\u0105 su moderniu dizainu, \u201eToledo WM Ma\u0142a\u201c televizoriaus spintel\u0117 blizgios baltos ir san remo atspalvi\u0173 bus puikus j\u016bs\u0173 svetain\u0117s papildymas ir puo\u0161mena.<\/p>","protected":false},"excerpt":{"rendered":"<p>Plotis (cm): 159<br \/>\n\u016agis (cm): 48<br \/>\nGylis (cm): 39<\/p>","protected":false},"featured_media":156536,"comment_status":"open","ping_status":"open","template":"","meta":[],"product_brand":[],"product_cat":[9432,4105,1175],"product_tag":[],"class_list":{"0":"post-156535","1":"product","2":"type-product","3":"status-publish","4":"has-post-thumbnail","6":"product_cat-furniture-system-toledo","7":"product_cat-helvetia","8":"product_cat-tv-stands","10":"first","11":"instock","12":"purchasable","13":"product-type-simple"},"_links":{"self":[{"href":"https:\/\/baldumarket.lt\/lt\/wp-json\/wp\/v2\/product\/156535","targetHints":{"allow":["GET"]}}],"collection":[{"href":"https:\/\/baldumarket.lt\/lt\/wp-json\/wp\/v2\/product"}],"about":[{"href":"https:\/\/baldumarket.lt\/lt\/wp-json\/wp\/v2\/types\/product"}],"replies":[{"embeddable":true,"href":"https:\/\/baldumarket.lt\/lt\/wp-json\/wp\/v2\/comments?post=156535"}],"wp:featuredmedia":[{"embeddable":true,"href":"https:\/\/baldumarket.lt\/lt\/wp-json\/wp\/v2\/media\/156536"}],"wp:attachment":[{"href":"https:\/\/baldumarket.lt\/lt\/wp-json\/wp\/v2\/media?parent=156535"}],"wp:term":[{"taxonomy":"product_brand","embeddable":true,"href":"https:\/\/baldumarket.lt\/lt\/wp-json\/wp\/v2\/product_brand?post=156535"},{"taxonomy":"product_cat","embeddable":true,"href":"https:\/\/baldumarket.lt\/lt\/wp-json\/wp\/v2\/product_cat?post=156535"},{"taxonomy":"product_tag","embeddable":true,"href":"https:\/\/baldumarket.lt\/lt\/wp-json\/wp\/v2\/product_tag?post=156535"}],"curies":[{"name":"wp","href":"https:\/\/api.w.org\/{rel}","templated":true}]}}