{"id":156531,"date":"2025-12-18T18:36:26","date_gmt":"2025-12-18T15:36:26","guid":{"rendered":"https:\/\/baldumarket.lt\/product\/toledo-wm-komoda-rtv-mala-antracyt-polysk-dab-grandson\/"},"modified":"2026-02-05T12:17:49","modified_gmt":"2026-02-05T09:17:49","slug":"toledo-wm-komoda-rtv-mala-antracyt-polysk-dab-grandson","status":"publish","type":"product","link":"https:\/\/baldumarket.lt\/lt\/product\/toledo-wm-komoda-rtv-mala-antracyt-polysk-dab-grandson\/","title":{"rendered":"Toledo WM ma\u017ea televizoriaus spintel\u0117, antracito blizgi \/ Grandson \u0105\u017euolo spalvos"},"content":{"rendered":"<p>Atraskite \u201eToledo WM\u201c kolekcijos televizoriaus staliuk\u0105 \u2013 bald\u0105, kuriame derinamas modernus funkcionalumas ir eleganti\u0161kas dizainas. \u0160is televizoriaus staliukas puikiai tinka tiems, kurie vertina prakti\u0161kus sprendimus ir unikal\u0173 interjero stili\u0173. Sukurtas galvojant apie modernias svetaines, ma\u017eas \u201eToledo WM\u201c televizoriaus staliukas blizgaus antracito \/ Grandson \u0105\u017euolo spalvos \u017eavi tamsios antracito spalvos ir nat\u016bralaus Grandson \u0105\u017euolo atspalvio deriniu.<br \/>\nPriekin\u0117s dalys pagamintos i\u0161 auk\u0161tos kokyb\u0117s MDF plok\u0161t\u0117s, padengtos membranine pl\u0117vele, kuri ne tik u\u017etikrina ilgaam\u017ei\u0161kum\u0105, bet ir lyg\u0173, malon\u0173 liesti pavir\u0161i\u0173. Tai u\u017etikrina, kad baldas ne tik atrodo profesionaliai, bet ir atlaiko kasdien\u012f naudojim\u0105. Subtilus, horizontalus fasado frezavimas suteikia elegancijos, o dureli\u0173 ir stal\u010di\u0173 rankenos \u017eavi \u012fdomiu dizainu.<br \/>\nPrakti\u0161kos savyb\u0117s, tokios kaip du erdv\u016bs stal\u010diai su pilnu i\u0161traukimu, leid\u017eia patogiai naudoti, o dvi durel\u0117s suteikia papildomos vietos \u012fvairiems priedams. Centrin\u0117je dalyje yra viena ni\u0161a, kuri\u0105 galima panaudoti kaip viet\u0105 pried\u0117liui arba \u017eaidim\u0173 konsolei. Saugum\u0105 u\u017etikrina gr\u016bdintas stiklas, naudojamas spinteli\u0173 vitrinose.<\/p>\n<p>\u0160is \u012fsp\u016bdingo dyd\u017eio spintel\u0117 \u2013 159 cm plo\u010dio, 48 cm auk\u0161\u010dio ir 39 cm gylio \u2013 neabejotinai taps bet kurios svetain\u0117s traukos centru. \u201eToledo WM\u201c televizoriaus spintel\u0119 reikia surinkti pa\u010diam, ta\u010diau ai\u0161kios instrukcijos d\u0117ka surinkimas yra labai paprastas.<\/p>\n<p>\u012esigij\u0119 \u201eToledo WM\u201c televizoriaus spintel\u0119, gausite ne tik esteti\u0161kai patraukl\u0173 bald\u0105, bet ir 2 met\u0173 garantij\u0105, u\u017etikrinan\u010di\u0105 patog\u0173 naudojim\u0105. Papildomas LED ap\u0161vietimas dar labiau pabr\u0117\u0161 modernistin\u012f spintel\u0117s charakter\u012f, subtiliai ap\u0161viesdamas j\u016bs\u0173 m\u0117gstamiausi\u0173 daikt\u0173 ar elektronikos ekspozicij\u0105.<\/p>\n<p>Rinkit\u0117s ma\u017e\u0105 \u201eToledo WM\u201c televizoriaus spintel\u0119 blizgaus antracito \/ Grandson \u0105\u017euolo spalvos ir \u012f savo interjer\u0105 \u012fne\u0161kite nauj\u0105 stiliaus, funkcionalumo ir patvarumo dimensij\u0105. Elegancija ir modernumas yra \u0161io unikalaus \u201eToledo Helvetia\u201c kolekcijos baldo sinonimai.<\/p>","protected":false},"excerpt":{"rendered":"<p>Plotis (cm): 159<br \/>\n\u016agis (cm): 48<br \/>\nGylis (cm): 39<\/p>","protected":false},"featured_media":156532,"comment_status":"open","ping_status":"open","template":"","meta":[],"product_brand":[],"product_cat":[9432,4105,1175],"product_tag":[],"class_list":{"0":"post-156531","1":"product","2":"type-product","3":"status-publish","4":"has-post-thumbnail","6":"product_cat-furniture-system-toledo","7":"product_cat-helvetia","8":"product_cat-tv-stands","10":"first","11":"instock","12":"purchasable","13":"product-type-simple"},"_links":{"self":[{"href":"https:\/\/baldumarket.lt\/lt\/wp-json\/wp\/v2\/product\/156531","targetHints":{"allow":["GET"]}}],"collection":[{"href":"https:\/\/baldumarket.lt\/lt\/wp-json\/wp\/v2\/product"}],"about":[{"href":"https:\/\/baldumarket.lt\/lt\/wp-json\/wp\/v2\/types\/product"}],"replies":[{"embeddable":true,"href":"https:\/\/baldumarket.lt\/lt\/wp-json\/wp\/v2\/comments?post=156531"}],"wp:featuredmedia":[{"embeddable":true,"href":"https:\/\/baldumarket.lt\/lt\/wp-json\/wp\/v2\/media\/156532"}],"wp:attachment":[{"href":"https:\/\/baldumarket.lt\/lt\/wp-json\/wp\/v2\/media?parent=156531"}],"wp:term":[{"taxonomy":"product_brand","embeddable":true,"href":"https:\/\/baldumarket.lt\/lt\/wp-json\/wp\/v2\/product_brand?post=156531"},{"taxonomy":"product_cat","embeddable":true,"href":"https:\/\/baldumarket.lt\/lt\/wp-json\/wp\/v2\/product_cat?post=156531"},{"taxonomy":"product_tag","embeddable":true,"href":"https:\/\/baldumarket.lt\/lt\/wp-json\/wp\/v2\/product_tag?post=156531"}],"curies":[{"name":"wp","href":"https:\/\/api.w.org\/{rel}","templated":true}]}}