{"id":156527,"date":"2025-12-18T18:36:18","date_gmt":"2025-12-18T15:36:18","guid":{"rendered":"https:\/\/baldumarket.lt\/product\/toledo-wm-komoda-rtv-duza-bialy-polysk-san-remo\/"},"modified":"2026-02-05T12:17:57","modified_gmt":"2026-02-05T09:17:57","slug":"toledo-wm-komoda-rtv-duza-bialy-polysk-san-remo","status":"publish","type":"product","link":"https:\/\/baldumarket.lt\/lt\/product\/toledo-wm-komoda-rtv-duza-bialy-polysk-san-remo\/","title":{"rendered":"Toledo WM didel\u0117s televizoriaus spintel\u0117, balta blizgi \/ San Remo"},"content":{"rendered":"<p>Didel\u0117 \u201eToledo WM\u201c televizoriaus spintel\u0117 \u2013 tai unikalus modernios estetikos ir funkcionalumo derinys, puikiai papildantis j\u016bs\u0173 svetain\u0119. \u0160i eleganti\u0161ka \u201eHelvetia\u201c spintel\u0117 pasi\u017eymi blizgia balta blizgia priekine dalimi, kuri ry\u0161kiai kontrastuoja su \u0161iltais San Remo medienos akcentais. Bendras dizainas sukuria harmoning\u0105 kompozicij\u0105, kuri taps bet kurio interjero traukos centru.<\/p>\n<p>Tvirta laminuotos bald\u0173 plok\u0161t\u0117s konstrukcija garantuoja ilgaam\u017ei\u0161kum\u0105 ir atsparum\u0105 kasdieniam naudojimui. Be stilingo dizaino, \u201eToledo WM\u201c spintel\u0117 yra 208 cm plo\u010dio, tod\u0117l joje lengvai tilps did\u017eiausi televizoriai ir kiti multimedijos \u012frenginiai. Priekin\u0117je dalyje yra dvejos durel\u0117s ir trys stal\u010diai, kuriuose yra daug vietos daiktams susid\u0117ti, tod\u0117l gal\u0117site tvarkingai laikyti savo \u012frenginius ir televizoriaus priedus.<\/p>\n<p>Dar rafinuotesnei i\u0161vaizdai spintel\u0117 gali b\u016bti apr\u016bpinta subtiliu LED ap\u0161vietimu, sukurian\u010diu unikali\u0105 atmosfer\u0105 vakaro film\u0173 \u017ei\u016br\u0117jimui. 48 cm auk\u0161\u010dio ir 39 cm gylio komodos stal\u010diai u\u017etikrina patog\u0173 naudojim\u0105 ir lengv\u0105 prieig\u0105 prie vis\u0173 komponent\u0173.<\/p>\n<p>Komoda pristatoma savaranki\u0161kai surenkamose pakuot\u0117se, tod\u0117l j\u0105 galite lengvai pritaikyti savo individualiems erdv\u0117s poreikiams. Pridedamos nuoseklios instrukcijos u\u017etikrins greit\u0105 ir skland\u0173 surinkim\u0105.<\/p>\n<p>Rinkit\u0117s didel\u0119 \u201eToledo WM\u201c televizoriaus spintel\u0119 ir m\u0117gaukit\u0117s funkcionaliu bei stilingu savo nam\u0173 papildymu, kuriame derinamas prakti\u0161kumas ir modernus dizainas.<\/p>","protected":false},"excerpt":{"rendered":"<p>Plotis (cm): 208<br \/>\n\u016agis (cm): 48<br \/>\nGylis (cm): 39<\/p>","protected":false},"featured_media":156528,"comment_status":"open","ping_status":"open","template":"","meta":[],"product_brand":[],"product_cat":[9432,4105,1175],"product_tag":[],"class_list":{"0":"post-156527","1":"product","2":"type-product","3":"status-publish","4":"has-post-thumbnail","6":"product_cat-furniture-system-toledo","7":"product_cat-helvetia","8":"product_cat-tv-stands","10":"first","11":"instock","12":"purchasable","13":"product-type-simple"},"_links":{"self":[{"href":"https:\/\/baldumarket.lt\/lt\/wp-json\/wp\/v2\/product\/156527","targetHints":{"allow":["GET"]}}],"collection":[{"href":"https:\/\/baldumarket.lt\/lt\/wp-json\/wp\/v2\/product"}],"about":[{"href":"https:\/\/baldumarket.lt\/lt\/wp-json\/wp\/v2\/types\/product"}],"replies":[{"embeddable":true,"href":"https:\/\/baldumarket.lt\/lt\/wp-json\/wp\/v2\/comments?post=156527"}],"wp:featuredmedia":[{"embeddable":true,"href":"https:\/\/baldumarket.lt\/lt\/wp-json\/wp\/v2\/media\/156528"}],"wp:attachment":[{"href":"https:\/\/baldumarket.lt\/lt\/wp-json\/wp\/v2\/media?parent=156527"}],"wp:term":[{"taxonomy":"product_brand","embeddable":true,"href":"https:\/\/baldumarket.lt\/lt\/wp-json\/wp\/v2\/product_brand?post=156527"},{"taxonomy":"product_cat","embeddable":true,"href":"https:\/\/baldumarket.lt\/lt\/wp-json\/wp\/v2\/product_cat?post=156527"},{"taxonomy":"product_tag","embeddable":true,"href":"https:\/\/baldumarket.lt\/lt\/wp-json\/wp\/v2\/product_tag?post=156527"}],"curies":[{"name":"wp","href":"https:\/\/api.w.org\/{rel}","templated":true}]}}