{"id":156523,"date":"2025-12-18T18:36:10","date_gmt":"2025-12-18T15:36:10","guid":{"rendered":"https:\/\/baldumarket.lt\/product\/toledo-wm-komoda-rtv-duza-antracyt-polysk-dab-grandson\/"},"modified":"2026-02-05T12:17:57","modified_gmt":"2026-02-05T09:17:57","slug":"toledo-wm-komoda-rtv-duza-antracyt-polysk-dab-grandson","status":"publish","type":"product","link":"https:\/\/baldumarket.lt\/lt\/product\/toledo-wm-komoda-rtv-duza-antracyt-polysk-dab-grandson\/","title":{"rendered":"Toledo WM didel\u0117s televizoriaus spintel\u0117, antracito blizgi \/ Grandson \u0105\u017euolo spalvos"},"content":{"rendered":"<p>Atraskite unikal\u0173 \u201eToledo WM\u201c televizoriaus staliuk\u0105 blizgaus antracito \/ Grandson \u0105\u017euolo spalvos, kuris puikiai derina modern\u0173 funkcionalum\u0105 su rafinuotu stiliumi, idealiai tinkant\u012f televizoriui ir kitiems multimedijos \u012frenginiams. \u0160is erdvus ir eleganti\u0161kas televizoriaus staliukas i\u0161 \u201eToledo Helvetia\u201c kolekcijos yra puikus pasirinkimas bet kuriai svetainei, nes jis yra ne tik prakti\u0161kas baldas, bet ir dekoratyvinis elementas.<br \/>\nSpintel\u0117s priekis pagamintas i\u0161 auk\u0161tos kokyb\u0117s MDF plok\u0161t\u0117s, padengtos antracito membranine pl\u0117vele, u\u017etikrinan\u010dia patvarum\u0105 ir atsparum\u0105 \u012fbr\u0117\u017eimams, tuo pa\u010diu i\u0161laikant blizges\u012f ilgus metus. \u0160iltas \u201eGrandson Oak\u201c atspalvis sukuria kontrast\u0105, suteikdamas interjerui jaukumo ir harmoningumo. \u0160is spalv\u0173 derinys suteikia stovui labai modern\u0173 vaizd\u0105 ir papildys \u012fvairius interjero dizainus.<br \/>\nStovas pasi\u017eymi subtiliu horizontaliu frezavimu ir unikaliomis rankenomis, kurios yra ne tik prakti\u0161kos, bet ir unikalus dekoratyvinis elementas. Spintel\u0117 turi keturis funkcionalius, pilno i\u0161traukimo stal\u010dius, leid\u017eian\u010dius lengvai pasiekti laikomus daiktus, ir dvi erdvias ni\u0161as, kurias galima naudoti elektroniniams prietaisams ar dekoracijoms laikyti.<br \/>\nBe to, spintel\u0117 turi dvejas gr\u016bdinto stiklo duris, u\u017etikrinan\u010dias saugum\u0105 ir estetik\u0105. Galima \u012fsigyti papildom\u0105 LED ap\u0161vietim\u0105, kuris gra\u017eiai perteikia spintel\u0117s turin\u012f ir suteikia interjerui modernumo.<br \/>\nPrie baldo pridedamos savaranki\u0161ko surinkimo instrukcijos, tod\u0117l tai prakti\u0161kas ir ekonomi\u0161kas sprendimas. Jo matmenys: plotis 208 cm, auk\u0161tis 48 cm ir gylis 39 cm, tod\u0117l tai didelis ir prakti\u0161kas baldas bet kuriai svetainei.<br \/>\nGalvodamas apie klient\u0173 pasitenkinim\u0105, gamintojas suteikia \u0161iam \u012frenginiui 2 met\u0173 garantij\u0105, patvirtinan\u010di\u0105 auk\u0161t\u0105 kokyb\u0119 ir d\u0117mes\u012f detal\u0117ms. \u201eToledo WM\u201c didel\u0117 televizoriaus spintel\u0117 blizgios antracito \/ Grandson \u0105\u017euolo spalvos tikrai patenkins net ir reikliausi\u0173 vartotoj\u0173 l\u016bkes\u010dius, suteikdama ne tik vietos televizoriui ir priedams, bet ir tarnaudama kaip reik\u0161mingas dekoratyvinis elementas bet kuriuose namuose.<\/p>","protected":false},"excerpt":{"rendered":"<p>Plotis (cm): 208<br \/>\n\u016agis (cm): 48<br \/>\nGylis (cm): 39<\/p>","protected":false},"featured_media":156524,"comment_status":"open","ping_status":"open","template":"","meta":[],"product_brand":[],"product_cat":[9432,4105,1175],"product_tag":[],"class_list":{"0":"post-156523","1":"product","2":"type-product","3":"status-publish","4":"has-post-thumbnail","6":"product_cat-furniture-system-toledo","7":"product_cat-helvetia","8":"product_cat-tv-stands","10":"first","11":"instock","12":"purchasable","13":"product-type-simple"},"_links":{"self":[{"href":"https:\/\/baldumarket.lt\/lt\/wp-json\/wp\/v2\/product\/156523","targetHints":{"allow":["GET"]}}],"collection":[{"href":"https:\/\/baldumarket.lt\/lt\/wp-json\/wp\/v2\/product"}],"about":[{"href":"https:\/\/baldumarket.lt\/lt\/wp-json\/wp\/v2\/types\/product"}],"replies":[{"embeddable":true,"href":"https:\/\/baldumarket.lt\/lt\/wp-json\/wp\/v2\/comments?post=156523"}],"wp:featuredmedia":[{"embeddable":true,"href":"https:\/\/baldumarket.lt\/lt\/wp-json\/wp\/v2\/media\/156524"}],"wp:attachment":[{"href":"https:\/\/baldumarket.lt\/lt\/wp-json\/wp\/v2\/media?parent=156523"}],"wp:term":[{"taxonomy":"product_brand","embeddable":true,"href":"https:\/\/baldumarket.lt\/lt\/wp-json\/wp\/v2\/product_brand?post=156523"},{"taxonomy":"product_cat","embeddable":true,"href":"https:\/\/baldumarket.lt\/lt\/wp-json\/wp\/v2\/product_cat?post=156523"},{"taxonomy":"product_tag","embeddable":true,"href":"https:\/\/baldumarket.lt\/lt\/wp-json\/wp\/v2\/product_tag?post=156523"}],"curies":[{"name":"wp","href":"https:\/\/api.w.org\/{rel}","templated":true}]}}