{"id":156511,"date":"2025-12-18T18:35:46","date_gmt":"2025-12-18T15:35:46","guid":{"rendered":"https:\/\/baldumarket.lt\/product\/toledo-wm-komoda-rtv-2d2s-mala-bialy-bialy-polysk\/"},"modified":"2026-02-05T12:17:57","modified_gmt":"2026-02-05T09:17:57","slug":"toledo-wm-komoda-rtv-2d2s-mala-bialy-bialy-polysk","status":"publish","type":"product","link":"https:\/\/baldumarket.lt\/lt\/product\/toledo-wm-komoda-rtv-2d2s-mala-bialy-bialy-polysk\/","title":{"rendered":"Toledo WM TV spintel\u0117 2D2S ma\u017ea balta \/ blizgi balta"},"content":{"rendered":"<p>Pristatome eleganti\u0161k\u0105 ir funkcionali\u0105 garsaus \u201eHelvetia\u201c prek\u0117s \u017eenklo \u201eToledo WM\u201c televizoriaus spintel\u0119. Ji puikiai tinka minimalistinio dizaino m\u0117g\u0117jams ir buvo sukurta galvojant apie modernias svetaines. Blizgios baltos fasadin\u0117s dalys ir patvari laminuotos plok\u0161t\u0117s korpusas pabr\u0117\u0161 bet kokio interjero gro\u017e\u012f, u\u017etikrindami patikim\u0105 patvarum\u0105 ir atsparum\u0105 kasdieniam naudojimui. Du erdv\u016bs stal\u010diai ir dvidur\u0117 lentyn\u0117l\u0117 suteikia daug vietos vis\u0173 r\u016b\u0161i\u0173 televizoriaus priedams, \u017eaidimams ar film\u0173 kolekcijoms laikyti, i\u0161laikant maksimali\u0105 tvark\u0105 ir estetin\u012f patrauklum\u0105. Visa tai paver\u010dia spintel\u0119 ne tik dekoratyviniu, bet ir prakti\u0161ku elementu. Galimyb\u0117 \u012fsigyti patraukl\u0173 LED ap\u0161vietim\u0105 leid\u017eia sukurti unikali\u0105 atmosfer\u0105 kambaryje, o auk\u0161tos kokyb\u0117s plastikini\u0173 kojeli\u0173 naudojimas garantuoja stabilum\u0105 ir laikom\u0105j\u0105 gali\u0105.<\/p>","protected":false},"excerpt":{"rendered":"<p>Plotis (cm): 159<br \/>\n\u016agis (cm): 47<br \/>\nGylis (cm): 39<\/p>","protected":false},"featured_media":156512,"comment_status":"open","ping_status":"open","template":"","meta":[],"product_brand":[],"product_cat":[9432,4105,1175],"product_tag":[],"class_list":{"0":"post-156511","1":"product","2":"type-product","3":"status-publish","4":"has-post-thumbnail","6":"product_cat-furniture-system-toledo","7":"product_cat-helvetia","8":"product_cat-tv-stands","10":"first","11":"instock","12":"purchasable","13":"product-type-simple"},"_links":{"self":[{"href":"https:\/\/baldumarket.lt\/lt\/wp-json\/wp\/v2\/product\/156511","targetHints":{"allow":["GET"]}}],"collection":[{"href":"https:\/\/baldumarket.lt\/lt\/wp-json\/wp\/v2\/product"}],"about":[{"href":"https:\/\/baldumarket.lt\/lt\/wp-json\/wp\/v2\/types\/product"}],"replies":[{"embeddable":true,"href":"https:\/\/baldumarket.lt\/lt\/wp-json\/wp\/v2\/comments?post=156511"}],"wp:featuredmedia":[{"embeddable":true,"href":"https:\/\/baldumarket.lt\/lt\/wp-json\/wp\/v2\/media\/156512"}],"wp:attachment":[{"href":"https:\/\/baldumarket.lt\/lt\/wp-json\/wp\/v2\/media?parent=156511"}],"wp:term":[{"taxonomy":"product_brand","embeddable":true,"href":"https:\/\/baldumarket.lt\/lt\/wp-json\/wp\/v2\/product_brand?post=156511"},{"taxonomy":"product_cat","embeddable":true,"href":"https:\/\/baldumarket.lt\/lt\/wp-json\/wp\/v2\/product_cat?post=156511"},{"taxonomy":"product_tag","embeddable":true,"href":"https:\/\/baldumarket.lt\/lt\/wp-json\/wp\/v2\/product_tag?post=156511"}],"curies":[{"name":"wp","href":"https:\/\/api.w.org\/{rel}","templated":true}]}}