{"id":156507,"date":"2025-12-18T18:35:39","date_gmt":"2025-12-18T15:35:39","guid":{"rendered":"https:\/\/baldumarket.lt\/product\/toledo-wm-komoda-4d1s-bialy-polysk-san-remo\/"},"modified":"2026-02-05T12:17:57","modified_gmt":"2026-02-05T09:17:57","slug":"toledo-wm-komoda-4d1s-bialy-polysk-san-remo","status":"publish","type":"product","link":"https:\/\/baldumarket.lt\/lt\/product\/toledo-wm-komoda-4d1s-bialy-polysk-san-remo\/","title":{"rendered":"Toledo WM komoda su stal\u010diais 4D1S, blizgi balta \/ San Remo"},"content":{"rendered":"<p>Atraskite i\u0161skirtin\u012f funkcionalum\u0105 ir eleganti\u0161k\u0105 \u201eToledo WM 4D1S\u201c indaujas, pasi\u017eymintis novatori\u0161ku blizgios baltos ir \u0161ilt\u0173 San Remo atspalvi\u0173 deriniu. \u0160is esteti\u0161kas ir prakti\u0161kas baldas sukurtas rafinuotiems interjerams, kuriuose norima pabr\u0117\u017eti gro\u017e\u012f detal\u0117mis.<br \/>\n\u201eToledo WM 4D1S\u201c indauja \u2013 tai elegancijos ir funkcionalumo kvintesencija. Erdvus stal\u010dius su pilno i\u0161traukimo mechanizmu leid\u017eia lengvai pasiekti kiekvien\u0105 kampel\u012f. Nematomos MDF ranken\u0117l\u0117s suteikia modernumo, ta\u010diau i\u0161laiko minimalistin\u012f dizain\u0105. Keturios durel\u0117s slepia prakti\u0161kas lentynas, kuriose lengvai susid\u0117ti daiktus, u\u017etikrinant tvark\u0105 ir paprast\u0105 naudojim\u0105.<br \/>\nKurdami \u201eToledo WM\u201c indaujas, u\u017etikrinome auk\u0161\u010diausios kokyb\u0117s med\u017eiagas. Gamyboje naudojama laminuota plok\u0161t\u0117 yra atspari dr\u0117gmei ir auk\u0161tai temperat\u016brai, tod\u0117l idealiai tinka kasdieniam naudojimui. Be to, u\u017ed\u0117ta membranin\u0117 pl\u0117vel\u0117 u\u017etikrina, kad baldo pavir\u0161ius i\u0161likt\u0173 atsparus \u012fbr\u0117\u017eimams ir daugel\u012f met\u0173 i\u0161laikyt\u0173 nepriekai\u0161ting\u0105 i\u0161vaizd\u0105.<\/p>\n<p>Saugumas yra m\u016bs\u0173 prioritetas, tod\u0117l \u201eToledo\u201c indauja pagaminta i\u0161 gr\u016bdinto stiklo ir tvirto plastiko, u\u017etikrinan\u010dio stabilum\u0105 ir ilgaam\u017ei\u0161kum\u0105. \u0160is baldas sujungia patraukl\u0173 dizain\u0105 ir saugi\u0105 konstrukcij\u0105.<\/p>\n<p>Jei vertinate baldus, kurie pagerina j\u016bs\u0173 nam\u0173 charakter\u012f ir kartu si\u016blo prakti\u0161kus sprendimus, \u201eToledo WM 4D1S\u201c indauja bus puikus pasirinkimas. Kruop\u0161\u010diai supakuota, ji pristatoma savaranki\u0161kam surinkimui, tod\u0117l galite lengvai susikurti savo asmenin\u0119 erdv\u0119.<\/p>\n<p>Pasirink\u0119 \u201eToledo WM 4D1S\u201c indauja, gausite ne tik unikal\u0173 bald\u0105, bet ir 2 met\u0173 garantij\u0105, kuri liudija apie m\u016bs\u0173 \u012fsipareigojim\u0105 tiekti auk\u0161\u010diausios kokyb\u0117s gaminius. Tegul j\u016bs\u0173 namai prisipildo stiliaus, kurio jie nusipelno.<\/p>","protected":false},"excerpt":{"rendered":"<p>Plotis (cm): 208<br \/>\n\u016agis (cm): 83<br \/>\nGylis (cm): 39<\/p>","protected":false},"featured_media":156508,"comment_status":"open","ping_status":"open","template":"","meta":[],"product_brand":[],"product_cat":[9432,1173,4105],"product_tag":[],"class_list":{"0":"post-156507","1":"product","2":"type-product","3":"status-publish","4":"has-post-thumbnail","6":"product_cat-furniture-system-toledo","7":"product_cat-chests-of-drawers","8":"product_cat-helvetia","10":"first","11":"instock","12":"purchasable","13":"product-type-simple"},"_links":{"self":[{"href":"https:\/\/baldumarket.lt\/lt\/wp-json\/wp\/v2\/product\/156507","targetHints":{"allow":["GET"]}}],"collection":[{"href":"https:\/\/baldumarket.lt\/lt\/wp-json\/wp\/v2\/product"}],"about":[{"href":"https:\/\/baldumarket.lt\/lt\/wp-json\/wp\/v2\/types\/product"}],"replies":[{"embeddable":true,"href":"https:\/\/baldumarket.lt\/lt\/wp-json\/wp\/v2\/comments?post=156507"}],"wp:featuredmedia":[{"embeddable":true,"href":"https:\/\/baldumarket.lt\/lt\/wp-json\/wp\/v2\/media\/156508"}],"wp:attachment":[{"href":"https:\/\/baldumarket.lt\/lt\/wp-json\/wp\/v2\/media?parent=156507"}],"wp:term":[{"taxonomy":"product_brand","embeddable":true,"href":"https:\/\/baldumarket.lt\/lt\/wp-json\/wp\/v2\/product_brand?post=156507"},{"taxonomy":"product_cat","embeddable":true,"href":"https:\/\/baldumarket.lt\/lt\/wp-json\/wp\/v2\/product_cat?post=156507"},{"taxonomy":"product_tag","embeddable":true,"href":"https:\/\/baldumarket.lt\/lt\/wp-json\/wp\/v2\/product_tag?post=156507"}],"curies":[{"name":"wp","href":"https:\/\/api.w.org\/{rel}","templated":true}]}}