{"id":156502,"date":"2025-12-18T18:35:29","date_gmt":"2025-12-18T15:35:29","guid":{"rendered":"https:\/\/baldumarket.lt\/product\/toledo-wm-komoda-4d1s-bialy-polysk\/"},"modified":"2026-02-05T12:17:57","modified_gmt":"2026-02-05T09:17:57","slug":"toledo-wm-komoda-4d1s-bialy-polysk","status":"publish","type":"product","link":"https:\/\/baldumarket.lt\/lt\/product\/toledo-wm-komoda-4d1s-bialy-polysk\/","title":{"rendered":"Toledo WM komoda su stal\u010diais 4D1S, blizgi balta"},"content":{"rendered":"<p>\u201eToledo WM 4D1S\u201c balta blizgi komoda su stal\u010diais \u2013 tai eleganti\u0161ka ir funkcionali komoda, kuri bet kokiam interjerui suteiks modernumo ir u\u017etikrins prakti\u0161k\u0105 daikt\u0173 laikymo viet\u0105. Ji puikiai tinka tiek minimalistiniam, tiek dekoratyvesniam stiliui. Pagaminta garsaus prek\u0117s \u017eenklo \u201eHelvetia\u201c, \u017einomo d\u0117l auk\u0161tos kokyb\u0117s meistri\u0161kumo ir d\u0117mesio detal\u0117ms, \u0161i komoda yra 208 cm plo\u010dio, 82 cm auk\u0161\u010dio ir 39 cm gylio. Balta blizgi apdaila suteikia baldui eleganti\u0161k\u0105 i\u0161vaizd\u0105 ir vizualiai i\u0161ple\u010dia erdv\u0119. MDF priekin\u0117 dalis ir laminuotos bald\u0173 plok\u0161t\u0117s korpusas garantuoja patvarum\u0105 ir ilgaam\u017ei\u0161kum\u0105. Komoda turi keturias dureles ir vien\u0105 stal\u010di\u0173, tod\u0117l galite susitvarkyti savo daiktus. Viduje, u\u017e dureli\u0173, yra \u0161e\u0161ios prakti\u0161kos lentynos, kurios padeda susitvarkyti daiktus. Subtilios ranken\u0117l\u0117s suteikia estetinio patrauklumo ir leid\u017eia lengvai naudoti.<\/p>","protected":false},"excerpt":{"rendered":"<p>Plotis (cm): 208<br \/>\n\u016agis (cm): 82<br \/>\nGylis (cm): 39<\/p>","protected":false},"featured_media":156503,"comment_status":"open","ping_status":"open","template":"","meta":[],"product_brand":[],"product_cat":[9432,1173,4105],"product_tag":[],"class_list":{"0":"post-156502","1":"product","2":"type-product","3":"status-publish","4":"has-post-thumbnail","6":"product_cat-furniture-system-toledo","7":"product_cat-chests-of-drawers","8":"product_cat-helvetia","10":"first","11":"instock","12":"purchasable","13":"product-type-simple"},"_links":{"self":[{"href":"https:\/\/baldumarket.lt\/lt\/wp-json\/wp\/v2\/product\/156502","targetHints":{"allow":["GET"]}}],"collection":[{"href":"https:\/\/baldumarket.lt\/lt\/wp-json\/wp\/v2\/product"}],"about":[{"href":"https:\/\/baldumarket.lt\/lt\/wp-json\/wp\/v2\/types\/product"}],"replies":[{"embeddable":true,"href":"https:\/\/baldumarket.lt\/lt\/wp-json\/wp\/v2\/comments?post=156502"}],"wp:featuredmedia":[{"embeddable":true,"href":"https:\/\/baldumarket.lt\/lt\/wp-json\/wp\/v2\/media\/156503"}],"wp:attachment":[{"href":"https:\/\/baldumarket.lt\/lt\/wp-json\/wp\/v2\/media?parent=156502"}],"wp:term":[{"taxonomy":"product_brand","embeddable":true,"href":"https:\/\/baldumarket.lt\/lt\/wp-json\/wp\/v2\/product_brand?post=156502"},{"taxonomy":"product_cat","embeddable":true,"href":"https:\/\/baldumarket.lt\/lt\/wp-json\/wp\/v2\/product_cat?post=156502"},{"taxonomy":"product_tag","embeddable":true,"href":"https:\/\/baldumarket.lt\/lt\/wp-json\/wp\/v2\/product_tag?post=156502"}],"curies":[{"name":"wp","href":"https:\/\/api.w.org\/{rel}","templated":true}]}}