{"id":156498,"date":"2025-12-18T18:35:22","date_gmt":"2025-12-18T15:35:22","guid":{"rendered":"https:\/\/baldumarket.lt\/product\/toledo-wm-komoda-4d1s-antracyt-polysk-dab-grandson\/"},"modified":"2026-02-05T12:17:57","modified_gmt":"2026-02-05T09:17:57","slug":"toledo-wm-komoda-4d1s-antracyt-polysk-dab-grandson","status":"publish","type":"product","link":"https:\/\/baldumarket.lt\/lt\/product\/toledo-wm-komoda-4d1s-antracyt-polysk-dab-grandson\/","title":{"rendered":"Toledo WM komoda, 4D1S, blizgi antracito \/ Grandson \u0105\u017euolo spalvos"},"content":{"rendered":"<p>Patirkite nesenstant\u012f elegancij\u0105 ir funkcionalum\u0105, kuris papildys bet kok\u012f interjer\u0105 \u2013 \u201eToledo WM 4D1S\u201c komoda blizgios antracito spalvos, derinama su klasikiniais \u201eGrandson Oak\u201c \u0105\u017euolo atspalviais. \u0160i unikali komoda i\u0161 \u201eHelvetia Toledo\u201c kolekcijos derina modern\u0173 dizain\u0105 su \u0161iluma ir nat\u016bralumu, sukurdama bald\u0105, kuris skland\u017eiai papildys tiek tradicin\u012f, tiek modern\u0173 interjer\u0105.<br \/>\nEleganti\u0161kas blizgaus antracito ir \u2019Grandson Oak\u201c tekst\u016bros derinys sukuria harmoning\u0105 visum\u0105, kuri traukia d\u0117mes\u012f ir suteikia charakterio bet kokiam kambariui. Komod\u0173 fasadai pagaminti i\u0161 auk\u0161tos kokyb\u0117s MDF plok\u0161t\u0117s, padengtos membranine pl\u0117vele, u\u017etikrinan\u010dia \u012fsp\u016bding\u0105 patvarum\u0105 ir atsparum\u0105 kasdieniam naudojimui. Be to, horizontalus frezavimas suteikia jai subtilaus gylio ir elegancijos.<br \/>\nKomoda \u201eToledo WM\u201c turi keturias erdvias duris ir vien\u0105 funkcional\u0173 stal\u010di\u0173, kuris, d\u0117ka pilno i\u0161traukimo funkcijos, leid\u017eia patogiai pasiekti visus laikomus daiktus. Vidin\u0117s ertm\u0117s yra dosnaus dyd\u017eio, tod\u0117l galima tvarkingai laikyti \u012fvairius aksesuarus \u2013 nuo drabu\u017ei\u0173 iki smulki\u0173 dekoratyvini\u0173 daikt\u0173.<br \/>\nVerta pamin\u0117ti, kad dureli\u0173 gamybai naudojamas gr\u016bdintas stiklas u\u017etikrina saugum\u0105 \u2013 \u0161i med\u017eiaga yra daug atsparesn\u0117 sm\u016bgiams ir \u012fbr\u0117\u017eimams nei tradicinis stiklas. Subtilios, ta\u010diau i\u0161skirtin\u0117s rankenos puikiai papildo bendr\u0105 dizain\u0105, suteikdamos baldui unikalaus charakterio.<br \/>\nKalbant apie matmenis, \u201eToledo WM\u201c indauja yra 208 cm plo\u010dio, 83 cm auk\u0161\u010dio ir 39 cm gylio, tod\u0117l ji puikiai tiks j\u016bs\u0173 svetainei ar valgomajam. Spintel\u0117 pristatoma savaranki\u0161kam surinkimui su ai\u0161kiomis ir prieinamomis instrukcijomis, tod\u0117l surinkimas yra paprastas ir intuityvus.<br \/>\nPasirink\u0119 \u201eToledo WM\u201c komod\u0105 4D1S blizgios antracito \/ Grandson \u0105\u017euolo spalvos, galite b\u016bti tikri, kad renkat\u0117s bald\u0105, kuris yra stiliaus, kokyb\u0117s ir funkcionalumo sinonimas. Be to, komodai suteikiama 2 met\u0173 gamintojo garantija, tod\u0117l gal\u0117site m\u0117gautis jos nepriekai\u0161tinga kokybe ilgus metus. Nesvarbu, ar vertinate klasikin\u012f, ar modern\u0173 stili\u0173, \u201eToledo WM\u201c komoda su stal\u010diais 4D1S blizgios antracito \/ Grandson \u0105\u017euolo spalvos pateisins j\u016bs\u0173 l\u016bkes\u010dius ir praturtins j\u016bs\u0173 interjer\u0105 elementu, kuris yra ir gra\u017eus, ir ne\u012ftik\u0117tinai prakti\u0161kas. Nelaukite, pasir\u016bpinkite savo erdve jau \u0161iandien!<\/p>","protected":false},"excerpt":{"rendered":"<p>Plotis (cm): 208<br \/>\n\u016agis (cm): 83<br \/>\nGylis (cm): 39<\/p>","protected":false},"featured_media":156499,"comment_status":"open","ping_status":"open","template":"","meta":[],"product_brand":[],"product_cat":[9432,1173,4105],"product_tag":[],"class_list":{"0":"post-156498","1":"product","2":"type-product","3":"status-publish","4":"has-post-thumbnail","6":"product_cat-furniture-system-toledo","7":"product_cat-chests-of-drawers","8":"product_cat-helvetia","10":"first","11":"instock","12":"purchasable","13":"product-type-simple"},"_links":{"self":[{"href":"https:\/\/baldumarket.lt\/lt\/wp-json\/wp\/v2\/product\/156498","targetHints":{"allow":["GET"]}}],"collection":[{"href":"https:\/\/baldumarket.lt\/lt\/wp-json\/wp\/v2\/product"}],"about":[{"href":"https:\/\/baldumarket.lt\/lt\/wp-json\/wp\/v2\/types\/product"}],"replies":[{"embeddable":true,"href":"https:\/\/baldumarket.lt\/lt\/wp-json\/wp\/v2\/comments?post=156498"}],"wp:featuredmedia":[{"embeddable":true,"href":"https:\/\/baldumarket.lt\/lt\/wp-json\/wp\/v2\/media\/156499"}],"wp:attachment":[{"href":"https:\/\/baldumarket.lt\/lt\/wp-json\/wp\/v2\/media?parent=156498"}],"wp:term":[{"taxonomy":"product_brand","embeddable":true,"href":"https:\/\/baldumarket.lt\/lt\/wp-json\/wp\/v2\/product_brand?post=156498"},{"taxonomy":"product_cat","embeddable":true,"href":"https:\/\/baldumarket.lt\/lt\/wp-json\/wp\/v2\/product_cat?post=156498"},{"taxonomy":"product_tag","embeddable":true,"href":"https:\/\/baldumarket.lt\/lt\/wp-json\/wp\/v2\/product_tag?post=156498"}],"curies":[{"name":"wp","href":"https:\/\/api.w.org\/{rel}","templated":true}]}}