{"id":156494,"date":"2025-12-18T18:35:14","date_gmt":"2025-12-18T15:35:14","guid":{"rendered":"https:\/\/baldumarket.lt\/product\/toledo-wm-komoda-3d1s-bialy-polysk-san-remo\/"},"modified":"2026-02-05T12:17:57","modified_gmt":"2026-02-05T09:17:57","slug":"toledo-wm-komoda-3d1s-bialy-polysk-san-remo","status":"publish","type":"product","link":"https:\/\/baldumarket.lt\/lt\/product\/toledo-wm-komoda-3d1s-bialy-polysk-san-remo\/","title":{"rendered":"Toledo WM komoda su stal\u010diais, 3D1S, blizgi balta \/ San Remo"},"content":{"rendered":"<p>Pristatome i\u0161skirtinai eleganti\u0161k\u0105 ir funkcionali\u0105 \u201eToledo WM 3D1S\u201c indauja, kuri \u017eavi blizgios baltos spalvos ir \u0161ilt\u0173 San Remo medienos atspalvi\u0173 deriniu. \u0160is unikalus dizainas papuo\u0161 bet kok\u012f interjer\u0105, suteikdamas jam i\u0161skirtin\u012f ir modern\u0173 charakter\u012f. 159 cm plo\u010dio, 83 cm auk\u0161\u010dio ir 39 cm gylio \u201eToledo WM\u201c indauja si\u016blo daug vietos daiktams susid\u0117ti d\u0117l puikiai organizuot\u0173 skyri\u0173.<\/p>\n<p>Komoda turi erdv\u0173, pilno i\u0161traukimo stal\u010di\u0173, u\u017etikrinant\u012f patog\u0173 pri\u0117jim\u0105 prie vis\u0173 laikom\u0173 daikt\u0173 be ilg\u0173 paie\u0161k\u0173. Trys tvirtos durys slepia tris lentynas, \u012fskaitant vien\u0105 pagamint\u0105 i\u0161 gr\u016bdinto stiklo, kuris ne tik suteikia elegancijos, bet ir padidina saugum\u0105.<\/p>\n<p>Kokyb\u0117 ir ilgaam\u017ei\u0161kumas yra pagrindiniai \u201eHelvetia\u201c \u201eToledo\u201c kolekcijos bruo\u017eai. \u0160is baldas pagamintas i\u0161 auk\u0161tos kokyb\u0117s laminuotos plok\u0161t\u0117s, atsparios dr\u0117gmei ir auk\u0161tai temperat\u016brai, tod\u0117l tarnaus jums ilgus metus. Membranin\u0117s folijos sluoksnis suteikia papildom\u0105 apsaug\u0105 nuo \u012fbr\u0117\u017eim\u0173 ir kasdienio nusid\u0117v\u0117jimo.<br \/>\nApgalvotai suprojektuotos plastikin\u0117s kojel\u0117s ne tik suteikia subtili\u0105 apdail\u0105, bet ir leid\u017eia lengviau palaikyti \u0161var\u0105 apatin\u0117je baldo pus\u0117je. Be to, pasirenkamas LED ap\u0161vietimas sukuria \u0161veln\u0173, atmosferin\u012f ap\u0161vietim\u0105, puikiai tinkant\u012f atsipalaiduoti vakare.<br \/>\nI\u0161samios instrukcijos leid\u017eia surinkti savaranki\u0161kai \u2013 dar vienas \u0161io modelio privalumas. \u201eToledo WM 3D1S\u201c indaujai suteikiama 2 met\u0173 gamintojo garantija, rodanti puik\u0173 meistri\u0161kum\u0105 ir \u201eHelvetia\u201c pasitik\u0117jim\u0105 savo gamini\u0173 kokybe.<br \/>\nDekoratyviniai MDF kolekcijos elementai ne tik papildo komodos i\u0161vaizd\u0105, bet ir i\u0161rei\u0161kia aistr\u0105 detal\u0117ms bei rafinuotam dizainui. Balti, \u0161viesoje \u017e\u0117rintys fasadai kartu su \u0161iltu San Remo atspalviu sukuria tobul\u0105 bald\u0105 tiems, kurie vertina klasikinio ir modernaus stili\u0173 derin\u012f.<br \/>\nNedvejokite ir papuo\u0161kite savo interjer\u0105 baldu, kuris derina elegancij\u0105, funkcionalum\u0105 ir ilgaam\u017ei\u0161kum\u0105. \u201eToledo WM 3D1S\u201c indauja \u2013 puikus pasirinkimas ie\u0161kantiems tobulumo kiekvienoje detal\u0117je. Kvie\u010diame ir toliau apsipirkti m\u016bs\u0173 \u201eToledo\u201c kolekcijoje, kad sukurtum\u0117te harmoning\u0105 ir vientis\u0105 erdv\u0119 savo namuose.<\/p>","protected":false},"excerpt":{"rendered":"<p>Plotis (cm): 159<br \/>\n\u016agis (cm): 83<br \/>\nGylis (cm): 39<\/p>","protected":false},"featured_media":156495,"comment_status":"open","ping_status":"open","template":"","meta":[],"product_brand":[],"product_cat":[9432,1173,4105],"product_tag":[],"class_list":{"0":"post-156494","1":"product","2":"type-product","3":"status-publish","4":"has-post-thumbnail","6":"product_cat-furniture-system-toledo","7":"product_cat-chests-of-drawers","8":"product_cat-helvetia","10":"first","11":"instock","12":"purchasable","13":"product-type-simple"},"_links":{"self":[{"href":"https:\/\/baldumarket.lt\/lt\/wp-json\/wp\/v2\/product\/156494","targetHints":{"allow":["GET"]}}],"collection":[{"href":"https:\/\/baldumarket.lt\/lt\/wp-json\/wp\/v2\/product"}],"about":[{"href":"https:\/\/baldumarket.lt\/lt\/wp-json\/wp\/v2\/types\/product"}],"replies":[{"embeddable":true,"href":"https:\/\/baldumarket.lt\/lt\/wp-json\/wp\/v2\/comments?post=156494"}],"wp:featuredmedia":[{"embeddable":true,"href":"https:\/\/baldumarket.lt\/lt\/wp-json\/wp\/v2\/media\/156495"}],"wp:attachment":[{"href":"https:\/\/baldumarket.lt\/lt\/wp-json\/wp\/v2\/media?parent=156494"}],"wp:term":[{"taxonomy":"product_brand","embeddable":true,"href":"https:\/\/baldumarket.lt\/lt\/wp-json\/wp\/v2\/product_brand?post=156494"},{"taxonomy":"product_cat","embeddable":true,"href":"https:\/\/baldumarket.lt\/lt\/wp-json\/wp\/v2\/product_cat?post=156494"},{"taxonomy":"product_tag","embeddable":true,"href":"https:\/\/baldumarket.lt\/lt\/wp-json\/wp\/v2\/product_tag?post=156494"}],"curies":[{"name":"wp","href":"https:\/\/api.w.org\/{rel}","templated":true}]}}