{"id":156484,"date":"2025-12-18T18:34:55","date_gmt":"2025-12-18T15:34:55","guid":{"rendered":"https:\/\/baldumarket.lt\/product\/toledo-wm-komoda-3d1s-antracyt-polysk-dab-grandson\/"},"modified":"2026-02-05T12:18:06","modified_gmt":"2026-02-05T09:18:06","slug":"toledo-wm-komoda-3d1s-antracyt-polysk-dab-grandson","status":"publish","type":"product","link":"https:\/\/baldumarket.lt\/lt\/product\/toledo-wm-komoda-3d1s-antracyt-polysk-dab-grandson\/","title":{"rendered":"Toledo WM komoda, 3D1S, blizgi antracito \/ Grandson \u0105\u017euolo spalvos"},"content":{"rendered":"<p>Atraskite nauj\u0105 estetinio dizaino ir i\u0161skirtinio funkcionalumo dimensij\u0105 su \u201eToledo WM 3D1S\u201c indauja blizgios antracito spalvos, priderinta prie \u0161ilt\u0173 \u201eGrandson Oak\u201c \u0105\u017euolo atspalvi\u0173. \u0160is baldas meistri\u0161kai sujungia modernum\u0105 su nesenstan\u010diomis vertyb\u0117mis, sukurdamas tobul\u0105 kompozicij\u0105 j\u016bs\u0173 svetainei, valgomajam ar miegamajam.<br \/>\n\u201eHelvetia\u201c kolekcijos \u201eToledo\u201c indauja i\u0161siskiria subtiliomis, ta\u010diau ry\u0161kiomis detal\u0117mis, suteikian\u010diomis jai unikal\u0173 charakter\u012f. Eleganti\u0161kai suprojektuotos ranken\u0117l\u0117s, pritvirtintos priekyje, ir subtil\u016bs horizontal\u016bs frezavimai traukia d\u0117mes\u012f, suteikdami kambariui prabangos ir modernumo.<br \/>\nI\u0161 auk\u0161\u010diausios kokyb\u0117s MDF plok\u0161t\u0117s pagaminti ir membranine pl\u0117vele padengti fasadai garantuoja patvarum\u0105, kuris atlaikys daugel\u012f met\u0173 intensyvaus naudojimo. Blizgi antracito spalva kartu su \u0161iltais \u201dGrandson Oak\u201c \u0105\u017euolo akcentais sukuria novatori\u0161k\u0105 dizain\u0105, kuris puikiai papildys \u012fvairius interjero dizainus. Trys poros dur\u0173. Prakti\u0161ka ir gerai apgalvota \u201eToledo\u201c komoda yra modernaus daikt\u0173 saugojimo esm\u0117. Trys durys slepia erdvi\u0105 ni\u0161\u0105, puikiai tinkan\u010di\u0105 j\u016bs\u0173 kasdieniams daiktams, o papildomas patogumas \u2013 vienas erdvus stal\u010dius su pilno i\u0161traukimo funkcija. \u0160i\u0173 element\u0173 derinys sukuria pla\u010dias galimybes organizuoti savo erdv\u0119 be kompromis\u0173.<br \/>\nPapildoma \u0161io modelio savyb\u0117, i\u0161skirianti j\u012f i\u0161 kit\u0173, yra eleganti\u0161kas veidrodis, kuris ne tik atlieka dekoratyvinio elemento funkcij\u0105, bet ir suteikia kambariui erdvumo bei gylio. \u0160i detal\u0117 yra b\u016btina \u0161iuolaikiniame interjere.<br \/>\n\u201eToledo WM 3D1S\u201c komoda yra 159 cm plo\u010dio, 83 cm auk\u0161\u010dio ir 39 cm gylio, tod\u0117l d\u0117l puiki\u0173 proporcij\u0173 j\u0105 galima integruoti \u012f \u012fvairius interjero variantus. Ji sukurta taip, kad j\u0105 b\u016bt\u0173 galima surinkti savaranki\u0161kai, o pridedamos instrukcijos d\u0117ka surinkti greitai ir lengvai.<br \/>\n\u201eToledo WM 3D1S\u201c komodos patrauklum\u0105 pabr\u0117\u017eia galimyb\u0117 prid\u0117ti LED ap\u0161vietim\u0105, kuris suteikia baldams nauj\u0105 dimensij\u0105. Jis pagerina vizualin\u012f patrauklum\u0105 ir suteikia interjerui unikali\u0105 atmosfer\u0105. Tai idealus sprendimas tiems, kurie vertina funkcionalius, bet kartu ir \u012fsp\u016bdingus baldus.<\/p>\n<p>Pasirink\u0119 \u201eToledo WM 3D1S\u201c indauja, galite b\u016bti tikri, kad \u012fsigysite auk\u0161\u010diausios kokyb\u0117s gamin\u012f, kuris s\u0117kmingai pateisins net ir reikliausi\u0173 vartotoj\u0173 l\u016bkes\u010dius, suteikiant 2 met\u0173 garantij\u0105 nepriekai\u0161tingam naudojimui. M\u0117gaukit\u0117s unikaliu baldu, kuris tarnaus jums ilgus metus.<\/p>","protected":false},"excerpt":{"rendered":"<p>Plotis (cm): 159<br \/>\n\u016agis (cm): 83<br \/>\nGylis (cm): 39<\/p>","protected":false},"featured_media":156485,"comment_status":"open","ping_status":"open","template":"","meta":[],"product_brand":[],"product_cat":[9432,1173,4105],"product_tag":[],"class_list":{"0":"post-156484","1":"product","2":"type-product","3":"status-publish","4":"has-post-thumbnail","6":"product_cat-furniture-system-toledo","7":"product_cat-chests-of-drawers","8":"product_cat-helvetia","10":"first","11":"instock","12":"purchasable","13":"product-type-simple"},"_links":{"self":[{"href":"https:\/\/baldumarket.lt\/lt\/wp-json\/wp\/v2\/product\/156484","targetHints":{"allow":["GET"]}}],"collection":[{"href":"https:\/\/baldumarket.lt\/lt\/wp-json\/wp\/v2\/product"}],"about":[{"href":"https:\/\/baldumarket.lt\/lt\/wp-json\/wp\/v2\/types\/product"}],"replies":[{"embeddable":true,"href":"https:\/\/baldumarket.lt\/lt\/wp-json\/wp\/v2\/comments?post=156484"}],"wp:featuredmedia":[{"embeddable":true,"href":"https:\/\/baldumarket.lt\/lt\/wp-json\/wp\/v2\/media\/156485"}],"wp:attachment":[{"href":"https:\/\/baldumarket.lt\/lt\/wp-json\/wp\/v2\/media?parent=156484"}],"wp:term":[{"taxonomy":"product_brand","embeddable":true,"href":"https:\/\/baldumarket.lt\/lt\/wp-json\/wp\/v2\/product_brand?post=156484"},{"taxonomy":"product_cat","embeddable":true,"href":"https:\/\/baldumarket.lt\/lt\/wp-json\/wp\/v2\/product_cat?post=156484"},{"taxonomy":"product_tag","embeddable":true,"href":"https:\/\/baldumarket.lt\/lt\/wp-json\/wp\/v2\/product_tag?post=156484"}],"curies":[{"name":"wp","href":"https:\/\/api.w.org\/{rel}","templated":true}]}}