{"id":156478,"date":"2025-12-18T18:34:43","date_gmt":"2025-12-18T15:34:43","guid":{"rendered":"https:\/\/baldumarket.lt\/product\/toledo-wm-komoda-2-drzwiowa-wysoka-bialy-bialy-polysk\/"},"modified":"2026-02-05T12:18:06","modified_gmt":"2026-02-05T09:18:06","slug":"toledo-wm-komoda-2-drzwiowa-wysoka-bialy-bialy-polysk","status":"publish","type":"product","link":"https:\/\/baldumarket.lt\/lt\/product\/toledo-wm-komoda-2-drzwiowa-wysoka-bialy-bialy-polysk\/","title":{"rendered":"Toledo WM auk\u0161ta komoda su 2 durimis, balta \/ blizgi balta"},"content":{"rendered":"<p>Auk\u0161ta dviej\u0173 dur\u0173 komoda \u201eToledo WM\u201c, baltos\/baltos blizgios spalvos, yra stiliaus ir funkcionalumo kvintesencija. \u0160i garsaus \u201eHelvetia\u201c prek\u0117s \u017eenklo komoda derina moderni\u0105 estetik\u0105 su prakti\u0161kais daikt\u0173 laikymo sprendimais, puikiai papildydama plat\u0173 interjero dizaino spektr\u0105. Sukurta atsi\u017evelgiant \u012f maksimal\u0173 funkcionalum\u0105, komoda turi dvi duris, u\u017e kuri\u0173 yra a\u0161tuonios erdvios lentynos. \u0160ie erdv\u016bs skyriai leid\u017eia tvarkingai susid\u0117ti \u012fvairius daiktus \u2013 nuo knyg\u0173 ir dokument\u0173 iki dekoracij\u0173 ir kit\u0173 nam\u0173 aksesuar\u0173. \u201eToledo WM\u201c \u2013 tai tobulo kokybi\u0161k\u0173 med\u017eiag\u0173 ir nepriekai\u0161tingos meistri\u0161kumo derinio i\u0161rai\u0161ka. Korpusas pagamintas i\u0161 patvarios laminuotos bald\u0173 plok\u0161t\u0117s, o fasadai \u2013 lygios MDF plok\u0161t\u0117s, akinan\u010diai baltos blizgesio, suteikian\u010dios baldui rafinuoto charakterio. Subtilus komodos blizgesys ir grynumas pavers j\u0105 bet kurio kambario traukos centru, suteikdamas gaivumo ir modernumo atmosfer\u0105.<\/p>","protected":false},"excerpt":{"rendered":"<p>Plotis (cm): 122<br \/>\n\u016agis (cm): 152<br \/>\nGylis (cm): 39<\/p>","protected":false},"featured_media":156479,"comment_status":"open","ping_status":"open","template":"","meta":[],"product_brand":[],"product_cat":[9432,1173,4105],"product_tag":[],"class_list":{"0":"post-156478","1":"product","2":"type-product","3":"status-publish","4":"has-post-thumbnail","6":"product_cat-furniture-system-toledo","7":"product_cat-chests-of-drawers","8":"product_cat-helvetia","10":"first","11":"instock","12":"purchasable","13":"product-type-simple"},"_links":{"self":[{"href":"https:\/\/baldumarket.lt\/lt\/wp-json\/wp\/v2\/product\/156478","targetHints":{"allow":["GET"]}}],"collection":[{"href":"https:\/\/baldumarket.lt\/lt\/wp-json\/wp\/v2\/product"}],"about":[{"href":"https:\/\/baldumarket.lt\/lt\/wp-json\/wp\/v2\/types\/product"}],"replies":[{"embeddable":true,"href":"https:\/\/baldumarket.lt\/lt\/wp-json\/wp\/v2\/comments?post=156478"}],"wp:featuredmedia":[{"embeddable":true,"href":"https:\/\/baldumarket.lt\/lt\/wp-json\/wp\/v2\/media\/156479"}],"wp:attachment":[{"href":"https:\/\/baldumarket.lt\/lt\/wp-json\/wp\/v2\/media?parent=156478"}],"wp:term":[{"taxonomy":"product_brand","embeddable":true,"href":"https:\/\/baldumarket.lt\/lt\/wp-json\/wp\/v2\/product_brand?post=156478"},{"taxonomy":"product_cat","embeddable":true,"href":"https:\/\/baldumarket.lt\/lt\/wp-json\/wp\/v2\/product_cat?post=156478"},{"taxonomy":"product_tag","embeddable":true,"href":"https:\/\/baldumarket.lt\/lt\/wp-json\/wp\/v2\/product_tag?post=156478"}],"curies":[{"name":"wp","href":"https:\/\/api.w.org\/{rel}","templated":true}]}}