{"id":156474,"date":"2025-12-18T18:34:35","date_gmt":"2025-12-18T15:34:35","guid":{"rendered":"https:\/\/baldumarket.lt\/product\/toledo-wm-komoda-2-drzwiowa-wysoka-antracyt-polysk-dab-grandson\/"},"modified":"2026-02-05T12:18:06","modified_gmt":"2026-02-05T09:18:06","slug":"toledo-wm-komoda-2-drzwiowa-wysoka-antracyt-polysk-dab-grandson","status":"publish","type":"product","link":"https:\/\/baldumarket.lt\/lt\/product\/toledo-wm-komoda-2-drzwiowa-wysoka-antracyt-polysk-dab-grandson\/","title":{"rendered":"Toledo WM auk\u0161ta komoda su dviem durimis, blizgi antracito \/ Grandson \u0105\u017euolo spalvos"},"content":{"rendered":"<p>Atraskite nauj\u0105 elegancijos ir funkcionalumo dimensij\u0105, pristatydami savo interjerui \u201eToledo WM 2D High Gloss Anthracite \/ Grandson Oak\u201c komod\u0105 \u2013 bald\u0105, kuriame dera klasikin\u0117 estetika ir modernus dizainas. Sukurta tiems, kurie vertina nesenstant\u012f tamsaus antracito ir \u0161ilt\u0173 Grandson \u0105\u017euolo atspalvi\u0173 derin\u012f, \u0161i komoda taps ne tik prakti\u0161ku, bet ir i\u0161skirtiniu dekoratyviniu elementu j\u016bs\u0173 svetain\u0117je ar miegamajame.<br \/>\nKomoda pagaminta i\u0161 auk\u0161tos kokyb\u0117s MDF plok\u0161t\u0117s, padengtos patvaria membranine pl\u0117vele, u\u017etikrinan\u010dia ne tik eleganti\u0161k\u0105 blizges\u012f, bet ir atsparum\u0105 dilimui bei lengv\u0105 valym\u0105. \u201eToledo\u201c kolekcija i\u0161siskiria subtiliu horizontaliu frezavimu ir unikaliomis ranken\u0117l\u0117mis, \u012fmontuotomis kruop\u0161\u010diai suprojektuotose vitrinose, suteikian\u010diomis visai konstrukcijai elegancijos ir charakterio.<br \/>\n\u0160i komoda pasi\u017eymi ne tik \u012fsp\u016bdinga i\u0161vaizda, bet ir pa\u017eangiais funkciniais sprendimais. D\u0117l pilno i\u0161traukimo funkcijos stal\u010diai suteikia maksimali\u0105 prieig\u0105 prie laikom\u0173 daikt\u0173, tod\u0117l kasdienis komodos naudojimas yra labai patogus. Gr\u016bdintas stiklas, puo\u0161iantis dalinai \u012fstiklintas dureles, dar labiau padidina jos estetik\u0105 ir saugum\u0105.<br \/>\nKomodos matmenys (plotis 122 cm, auk\u0161tis 152 cm, gylis 39 cm) suteikia daug vietos daiktams susid\u0117ti ir pabr\u0117\u017eia jos monumental\u0173 charakter\u012f, kuris dominuoja aplinkoje. Antracito spalva, derinama su Grandson \u0105\u017euolo atspalviais, suteikia kambariui modernaus elegancijos atmosfer\u0105, puikiai papildan\u010di\u0105 \u012fvairius interjero dizainus.<br \/>\nBaldai parduodami kaip savaranki\u0161ko surinkimo pakuot\u0117. Pridedamos nuoseklios instrukcijos u\u017etikrina paprast\u0105 ir ai\u0161k\u0173 surinkim\u0105. \u012emon\u0117 patvirtina gaminio kokyb\u0119 suteikdama 2 met\u0173 garantij\u0105, kuri yra apsaugos priemon\u0117 ir bald\u0173 patvarumo patvirtinimas.<\/p>\n<p>Be to, u\u017e nedidel\u012f papildom\u0105 mokest\u012f pasirinkus LED ap\u0161vietim\u0105, komodos gro\u017e\u012f gal\u0117site pademonstruoti net ir sutemus, sukurdami unikali\u0105 atmosfer\u0105 savo kambaryje. I\u0161samesn\u0117s informacijos apie ap\u0161vietimo galimybes rasite gaminio specifikacijose. I\u0161ry\u0161kinkite savo individual\u0173 stili\u0173 ir rinkit\u0117s auk\u0161t\u0105 komod\u0105 \u201eToledo WM 2D\u201c su stal\u010diais, antracito blizgios \/ Grandson \u0105\u017euolo spalvos, kuri suteiks j\u016bs\u0173 gyvenamajai erdvei klas\u0117s ir funkcionalumo.<\/p>","protected":false},"excerpt":{"rendered":"<p>Plotis (cm): 122<br \/>\n\u016agis (cm): 152<br \/>\nGylis (cm): 39<\/p>","protected":false},"featured_media":156475,"comment_status":"open","ping_status":"open","template":"","meta":[],"product_brand":[],"product_cat":[9432,1173,4105],"product_tag":[],"class_list":{"0":"post-156474","1":"product","2":"type-product","3":"status-publish","4":"has-post-thumbnail","6":"product_cat-furniture-system-toledo","7":"product_cat-chests-of-drawers","8":"product_cat-helvetia","10":"first","11":"instock","12":"purchasable","13":"product-type-simple"},"_links":{"self":[{"href":"https:\/\/baldumarket.lt\/lt\/wp-json\/wp\/v2\/product\/156474","targetHints":{"allow":["GET"]}}],"collection":[{"href":"https:\/\/baldumarket.lt\/lt\/wp-json\/wp\/v2\/product"}],"about":[{"href":"https:\/\/baldumarket.lt\/lt\/wp-json\/wp\/v2\/types\/product"}],"replies":[{"embeddable":true,"href":"https:\/\/baldumarket.lt\/lt\/wp-json\/wp\/v2\/comments?post=156474"}],"wp:featuredmedia":[{"embeddable":true,"href":"https:\/\/baldumarket.lt\/lt\/wp-json\/wp\/v2\/media\/156475"}],"wp:attachment":[{"href":"https:\/\/baldumarket.lt\/lt\/wp-json\/wp\/v2\/media?parent=156474"}],"wp:term":[{"taxonomy":"product_brand","embeddable":true,"href":"https:\/\/baldumarket.lt\/lt\/wp-json\/wp\/v2\/product_brand?post=156474"},{"taxonomy":"product_cat","embeddable":true,"href":"https:\/\/baldumarket.lt\/lt\/wp-json\/wp\/v2\/product_cat?post=156474"},{"taxonomy":"product_tag","embeddable":true,"href":"https:\/\/baldumarket.lt\/lt\/wp-json\/wp\/v2\/product_tag?post=156474"}],"curies":[{"name":"wp","href":"https:\/\/api.w.org\/{rel}","templated":true}]}}