{"id":156471,"date":"2025-12-18T18:34:30","date_gmt":"2025-12-18T15:34:30","guid":{"rendered":"https:\/\/baldumarket.lt\/product\/smart-biurko-rozsuwane-orzech-okapi\/"},"modified":"2026-02-03T23:32:54","modified_gmt":"2026-02-03T20:32:54","slug":"smart-biurko-rozsuwane-orzech-okapi","status":"publish","type":"product","link":"https:\/\/baldumarket.lt\/lt\/product\/smart-biurko-rozsuwane-orzech-okapi\/","title":{"rendered":"I\u0161manusis \u2013 Okapi rie\u0161utmed\u017eio i\u0161traukiamas stalas"},"content":{"rendered":"<p>Pristatome i\u0161skirtinai funkcional\u0173 ir eleganti\u0161k\u0105 \u201eSmart Extendable Desk\u201c stal\u0105 \u0161ilto \u201eOkapi Walnut\u201c atspalvio, kuris neabejotinai taps bet kurio modernaus darbo kambario ar nam\u0173 biuro traukos centru. Ry\u0161ki i\u0161vaizda ir paprastas naudojimas yra pagrindiniai bruo\u017eai renkantis baldus darbui ar studijoms. \u0160is gaminys priklauso garsiajai \u201eHelvetia\u201c kolekcijai \u2013 \u017einomo gamintojo, \u012fsipareigojusio u\u017etikrinti auk\u0161\u010diausi\u0105 savo gamini\u0173 kokyb\u0119.<\/p>\n<p>I\u0161manusis i\u0161traukiamas stalas i\u0161siple\u010dia nuo 41 cm iki 132 cm, tod\u0117l puikiai prisitaiko prie naudotojo poreiki\u0173 ir erdv\u0117s, kurioje jis pastatytas. Jo plotis yra 60 cm, o auk\u0161tis \u2013 70 cm, tod\u0117l darbo vieta yra patogi. Be to, stalas pagamintas i\u0161 patvarios laminuotos plok\u0161t\u0117s, tod\u0117l yra ilgaam\u017eis ir lengvai valomas.<\/p>\n<p>Stalo dizainas derina klasikin\u0119 elegancij\u0105 ir modernum\u0105. Okapi rie\u0161uto apdaila suteikia jaukumo ir presti\u017einio charakterio bet kokiam interjerui. Priekin\u0117 dalis ir korpusas pagaminti i\u0161 laminuotos bald\u0173 plok\u0161t\u0117s, kuri padidina jo estetik\u0105 ir patvarum\u0105 kasdieniam naudojimui.<br \/>\n\u0160is stalas ne tik \u017eavi savo prakti\u0161kumu, bet ir yra gra\u017eus dekoratyvinis elementas. Jis puikiai tinka darbui kompiuteriu, ra\u0161ymui ir kitai biuro veiklai, kuriai reikalingas stabilus ir prakti\u0161kas pavir\u0161ius.<br \/>\nNelaukite ilgiau ir paverskite savo darbo viet\u0105 stilinga ir patogia erdve su \u201eHelvetia\u201c i\u0161maniuoju ra\u0161omuoju stalu. U\u017esisakykite dabar ir m\u0117gaukit\u0117s unikaliu funkcionalumo ir rafinuotos estetikos deriniu!<\/p>","protected":false},"excerpt":{"rendered":"<p>Plotis (cm): 60<br \/>\n\u016agis (cm): 70<br \/>\nGylis (cm): 41\u2013132<\/p>","protected":false},"featured_media":156472,"comment_status":"open","ping_status":"open","template":"","meta":[],"product_brand":[],"product_cat":[1312,4105],"product_tag":[],"class_list":{"0":"post-156471","1":"product","2":"type-product","3":"status-publish","4":"has-post-thumbnail","6":"product_cat-desks","7":"product_cat-helvetia","9":"first","10":"instock","11":"purchasable","12":"product-type-simple"},"_links":{"self":[{"href":"https:\/\/baldumarket.lt\/lt\/wp-json\/wp\/v2\/product\/156471","targetHints":{"allow":["GET"]}}],"collection":[{"href":"https:\/\/baldumarket.lt\/lt\/wp-json\/wp\/v2\/product"}],"about":[{"href":"https:\/\/baldumarket.lt\/lt\/wp-json\/wp\/v2\/types\/product"}],"replies":[{"embeddable":true,"href":"https:\/\/baldumarket.lt\/lt\/wp-json\/wp\/v2\/comments?post=156471"}],"wp:featuredmedia":[{"embeddable":true,"href":"https:\/\/baldumarket.lt\/lt\/wp-json\/wp\/v2\/media\/156472"}],"wp:attachment":[{"href":"https:\/\/baldumarket.lt\/lt\/wp-json\/wp\/v2\/media?parent=156471"}],"wp:term":[{"taxonomy":"product_brand","embeddable":true,"href":"https:\/\/baldumarket.lt\/lt\/wp-json\/wp\/v2\/product_brand?post=156471"},{"taxonomy":"product_cat","embeddable":true,"href":"https:\/\/baldumarket.lt\/lt\/wp-json\/wp\/v2\/product_cat?post=156471"},{"taxonomy":"product_tag","embeddable":true,"href":"https:\/\/baldumarket.lt\/lt\/wp-json\/wp\/v2\/product_tag?post=156471"}],"curies":[{"name":"wp","href":"https:\/\/api.w.org\/{rel}","templated":true}]}}