{"id":156468,"date":"2025-12-18T18:34:25","date_gmt":"2025-12-18T15:34:25","guid":{"rendered":"https:\/\/baldumarket.lt\/product\/smart-biurko-rozsuwane-dab-wotan\/"},"modified":"2026-02-03T23:32:54","modified_gmt":"2026-02-03T20:32:54","slug":"smart-biurko-rozsuwane-dab-wotan","status":"publish","type":"product","link":"https:\/\/baldumarket.lt\/lt\/product\/smart-biurko-rozsuwane-dab-wotan\/","title":{"rendered":"I\u0161manusis \u2013 Wotan \u0105\u017euolo i\u0161traukiamas stalas"},"content":{"rendered":"<p>\u201eHelvetia\u201c i\u0161manusis stalas \u2013 puikus sprendimas tiems, kurie vertina funkcionalum\u0105 ir modern\u0173 dizain\u0105. Unikalus dizainas leid\u017eia reguliuoti stalvir\u0161io plot\u012f nuo 41 cm iki 132 cm, tod\u0117l stal\u0105 galite lengvai pritaikyti pagal savo poreikius ir erdv\u0119, kurioje j\u012f pastatysite.<\/p>\n<p>Pagaminta i\u0161 auk\u0161\u010diausios kokyb\u0117s laminuotos Wotan \u0105\u017euolo plok\u0161t\u0117s, u\u017etikrina patvarum\u0105 ir lengv\u0105 valym\u0105. \u0160i med\u017eiaga yra atspari \u012fbr\u0117\u017eimams, o tai ypa\u010d svarbu kasdieniam naudojimui.<\/p>\n<p>Subtilus, u\u017edaras dizainas sukuria minimalistin\u012f \u012fvaizd\u012f, kuris papildys \u012fvairius interjero dizainus \u2013 nuo klasikinio iki modernaus. Neutrali \u201eWotan Oak\u201c spalva u\u017etikrina, kad stalas skland\u017eiai der\u0117s prie bet kokios aplinkos.<\/p>\n<p>I\u0161manusis stalas yra ne tik funkcionalus, bet ir lengvai surenkamas, o tai yra papildomas privalumas. Jo prakti\u0161kum\u0105 \u012fvertins studentai, studentai ir dirbantys i\u0161 nam\u0173. Patogi plo\u010dio reguliavimo parinktis leid\u017eia pritaikyti darbo viet\u0105 prie esam\u0173 poreiki\u0173 ir greitai atlikti kitas u\u017eduotis, kai nereikia papildomos darbo vietos.<\/p>\n<p>Did\u017eiuojam\u0117s gal\u0117dami pristatyti \u201eSmart Desk\u201c \u2013 bald\u0105, kuris d\u0117l savo universalumo taps nepakei\u010diamu j\u016bs\u0173 nam\u0173 biuro elementu.<\/p>","protected":false},"excerpt":{"rendered":"<p>Plotis (cm): 60<br \/>\n\u016agis (cm): 75<br \/>\nGylis (cm): 41\u2013132<\/p>","protected":false},"featured_media":156469,"comment_status":"open","ping_status":"open","template":"","meta":[],"product_brand":[],"product_cat":[1312,4105],"product_tag":[],"class_list":{"0":"post-156468","1":"product","2":"type-product","3":"status-publish","4":"has-post-thumbnail","6":"product_cat-desks","7":"product_cat-helvetia","9":"first","10":"instock","11":"purchasable","12":"product-type-simple"},"_links":{"self":[{"href":"https:\/\/baldumarket.lt\/lt\/wp-json\/wp\/v2\/product\/156468","targetHints":{"allow":["GET"]}}],"collection":[{"href":"https:\/\/baldumarket.lt\/lt\/wp-json\/wp\/v2\/product"}],"about":[{"href":"https:\/\/baldumarket.lt\/lt\/wp-json\/wp\/v2\/types\/product"}],"replies":[{"embeddable":true,"href":"https:\/\/baldumarket.lt\/lt\/wp-json\/wp\/v2\/comments?post=156468"}],"wp:featuredmedia":[{"embeddable":true,"href":"https:\/\/baldumarket.lt\/lt\/wp-json\/wp\/v2\/media\/156469"}],"wp:attachment":[{"href":"https:\/\/baldumarket.lt\/lt\/wp-json\/wp\/v2\/media?parent=156468"}],"wp:term":[{"taxonomy":"product_brand","embeddable":true,"href":"https:\/\/baldumarket.lt\/lt\/wp-json\/wp\/v2\/product_brand?post=156468"},{"taxonomy":"product_cat","embeddable":true,"href":"https:\/\/baldumarket.lt\/lt\/wp-json\/wp\/v2\/product_cat?post=156468"},{"taxonomy":"product_tag","embeddable":true,"href":"https:\/\/baldumarket.lt\/lt\/wp-json\/wp\/v2\/product_tag?post=156468"}],"curies":[{"name":"wp","href":"https:\/\/api.w.org\/{rel}","templated":true}]}}