{"id":156465,"date":"2025-12-18T18:34:20","date_gmt":"2025-12-18T15:34:20","guid":{"rendered":"https:\/\/baldumarket.lt\/product\/smart-biurko-rozsuwane-dab-grand-naturalny\/"},"modified":"2026-02-03T23:32:54","modified_gmt":"2026-02-03T20:32:54","slug":"smart-biurko-rozsuwane-dab-grand-naturalny","status":"publish","type":"product","link":"https:\/\/baldumarket.lt\/lt\/product\/smart-biurko-rozsuwane-dab-grand-naturalny\/","title":{"rendered":"\u201eSmart\u201c \u2013 i\u0161skleid\u017eiamas ra\u0161omasis stalas, nat\u016bralus \u0105\u017euolas"},"content":{"rendered":"<p>\u201eSmart\u201c \u2013 i\u0161traukiamas ra\u0161omasis stalas \u201eGrand Natural Oak\u201c spalvos \u2013 puikus sprendimas ie\u0161kantiems funkcionali\u0173 ir esteti\u0161kai patraukli\u0173 bald\u0173. \u0160is garsaus prek\u0117s \u017eenklo \u201eHelvetia\u201c ra\u0161omasis stalas buvo sukurtas atsi\u017evelgiant \u012f maksimali\u0105 ergonomik\u0105, i\u0161laikant i\u0161skirtin\u012f stili\u0173 ir klas\u0119. Jis priskiriamas prie biuro bald\u0173 gamini\u0173, tod\u0117l puikiai tinka bet kokiam interjerui, kuriame svarbiausia prakti\u0161kas erdv\u0117s i\u0161naudojimas ir elegancija.<\/p>\n<p>\u0160io modelio techniniai parametrai garantuoja naudojimo patogum\u0105 ir ilgalaik\u012f pasitenkinim\u0105 pirkiniu. Stalo plotis \u2013 60 cm, auk\u0161tis \u2013 75 cm, o gylis \u2013 nuo 41 iki 132 cm, tod\u0117l stal\u0105 galite pritaikyti pagal individualius poreikius ir erdv\u0117s s\u0105lygas.<\/p>\n<p>Pagamintas i\u0161 auk\u0161\u010diausios kokyb\u0117s laminuotos plok\u0161t\u0117s, jis yra labai atsparus trin\u010diai ir mechaniniams pa\u017eeidimams. \u201eGrand Natural Oak\u201c spalva suteikia \u0161ilumos ir jaukumo, be to, stal\u0105 lengva derinti prie kit\u0173 bald\u0173. Priekin\u0117 dalis ir korpusas taip pat pagaminti i\u0161 laminuotos bald\u0173 plok\u0161t\u0117s, o tai dar labiau \u012frodo konstrukcijos tvirtum\u0105 ir kruop\u0161\u010diai parinktas med\u017eiagas. D\u0117l savo funkcionalumo \u201eSmart\u201c stalas puikiai tinka tiek nam\u0173 biurui, tiek biuro erdvei. I\u0161traukiamas stalvir\u0161is leid\u017eia lengvai pritaikyti stal\u0105 prie j\u016bs\u0173 atliekam\u0173 u\u017eduo\u010di\u0173, nesvarbu, ar tai darbas ne\u0161iojamuoju kompiuteriu, pie\u0161imas, ar mokymasis. Be to, minimalistinis dizainas, kur\u012f pabr\u0117\u017eia nat\u016brali \u0105\u017euolo spalva, papildys bet kok\u012f interjer\u0105 \u2013 nuo klasikinio iki modernaus.<\/p>\n<p>Jei ie\u0161kote stalo, kuris derint\u0173 prakti\u0161kum\u0105, estetik\u0105 ir patvarum\u0105, \u201eHelvetia\u201c i\u0161manusis stalas tikrai pateisins j\u016bs\u0173 l\u016bkes\u010dius.<\/p>","protected":false},"excerpt":{"rendered":"<p>Plotis (cm): 60<br \/>\n\u016agis (cm): 75<br \/>\nGylis (cm): 41\u2013132<\/p>","protected":false},"featured_media":156466,"comment_status":"open","ping_status":"open","template":"","meta":[],"product_brand":[],"product_cat":[1312,4105],"product_tag":[],"class_list":{"0":"post-156465","1":"product","2":"type-product","3":"status-publish","4":"has-post-thumbnail","6":"product_cat-desks","7":"product_cat-helvetia","9":"first","10":"instock","11":"purchasable","12":"product-type-simple"},"_links":{"self":[{"href":"https:\/\/baldumarket.lt\/lt\/wp-json\/wp\/v2\/product\/156465","targetHints":{"allow":["GET"]}}],"collection":[{"href":"https:\/\/baldumarket.lt\/lt\/wp-json\/wp\/v2\/product"}],"about":[{"href":"https:\/\/baldumarket.lt\/lt\/wp-json\/wp\/v2\/types\/product"}],"replies":[{"embeddable":true,"href":"https:\/\/baldumarket.lt\/lt\/wp-json\/wp\/v2\/comments?post=156465"}],"wp:featuredmedia":[{"embeddable":true,"href":"https:\/\/baldumarket.lt\/lt\/wp-json\/wp\/v2\/media\/156466"}],"wp:attachment":[{"href":"https:\/\/baldumarket.lt\/lt\/wp-json\/wp\/v2\/media?parent=156465"}],"wp:term":[{"taxonomy":"product_brand","embeddable":true,"href":"https:\/\/baldumarket.lt\/lt\/wp-json\/wp\/v2\/product_brand?post=156465"},{"taxonomy":"product_cat","embeddable":true,"href":"https:\/\/baldumarket.lt\/lt\/wp-json\/wp\/v2\/product_cat?post=156465"},{"taxonomy":"product_tag","embeddable":true,"href":"https:\/\/baldumarket.lt\/lt\/wp-json\/wp\/v2\/product_tag?post=156465"}],"curies":[{"name":"wp","href":"https:\/\/api.w.org\/{rel}","templated":true}]}}