{"id":156462,"date":"2025-12-18T18:34:15","date_gmt":"2025-12-18T15:34:15","guid":{"rendered":"https:\/\/baldumarket.lt\/product\/smart-biurko-rozsuwane-bialy-mat\/"},"modified":"2026-02-03T23:32:54","modified_gmt":"2026-02-03T20:32:54","slug":"smart-biurko-rozsuwane-bialy-mat","status":"publish","type":"product","link":"https:\/\/baldumarket.lt\/lt\/product\/smart-biurko-rozsuwane-bialy-mat\/","title":{"rendered":"I\u0161manusis \u2013 i\u0161traukiamas stalas, matin\u0117s baltos spalvos"},"content":{"rendered":"<p>Atspind\u0117dami modern\u0173 po\u017ei\u016br\u012f \u012f darb\u0105 ir studijas, pristatome \u201eHelvetia\u201c \u201eSmart \u2013 Extendable\u201c stal\u0105 matin\u0117s baltos spalvos \u2013 funkcionalumo ir elegancijos derin\u012f viename balde. Jis puikiai tiks tiek minimalistiniame, tiek prabangesniame interjere, suteikdamas b\u016btin\u0105 komfort\u0105 tiek suaugusiems, tiek vaikams. Ry\u0161ki balta stalo spalva, pagaminta i\u0161 auk\u0161tos kokyb\u0117s laminuotos plok\u0161t\u0117s, ne tik sukuria ai\u0161kumo ir tvarkos poj\u016bt\u012f, bet ir yra lengvai valoma. Laminatas yra atsparus \u012fbr\u0117\u017eimams ir dilimui, tod\u0117l stalas tarnaus jums ilgus metus. \u0160io baldo unikalum\u0105 pabr\u0117\u017eia i\u0161manioji i\u0161pl\u0117timo funkcija. Stalo plotis svyruoja nuo 60 cm iki 132 cm, tod\u0117l galite pritaikyti darbin\u012f pavir\u0161i\u0173 pagal savo poreikius. \u0160is prakti\u0161kas variantas ypa\u010d naudingas ank\u0161tose erdv\u0117se, kur svarbus kiekvienas centimetras. \u0160is stalas yra 75 cm auk\u0161\u010dio ir 41 cm gylio (i\u0161skleistas), tod\u0117l suteikiama daug erdv\u0117s kojoms patogiai dirbant ar mokantis. Konstrukcijos tvirtumas ir stabilumas yra neatsiejami nuo saugumo naudojimo metu.<\/p>","protected":false},"excerpt":{"rendered":"<p>Plotis (cm): 60<br \/>\n\u016agis (cm): 75<br \/>\nGylis (cm): 41\u2013132<\/p>","protected":false},"featured_media":156463,"comment_status":"open","ping_status":"open","template":"","meta":[],"product_brand":[],"product_cat":[1312,4105],"product_tag":[],"class_list":{"0":"post-156462","1":"product","2":"type-product","3":"status-publish","4":"has-post-thumbnail","6":"product_cat-desks","7":"product_cat-helvetia","9":"first","10":"instock","11":"purchasable","12":"product-type-simple"},"_links":{"self":[{"href":"https:\/\/baldumarket.lt\/lt\/wp-json\/wp\/v2\/product\/156462","targetHints":{"allow":["GET"]}}],"collection":[{"href":"https:\/\/baldumarket.lt\/lt\/wp-json\/wp\/v2\/product"}],"about":[{"href":"https:\/\/baldumarket.lt\/lt\/wp-json\/wp\/v2\/types\/product"}],"replies":[{"embeddable":true,"href":"https:\/\/baldumarket.lt\/lt\/wp-json\/wp\/v2\/comments?post=156462"}],"wp:featuredmedia":[{"embeddable":true,"href":"https:\/\/baldumarket.lt\/lt\/wp-json\/wp\/v2\/media\/156463"}],"wp:attachment":[{"href":"https:\/\/baldumarket.lt\/lt\/wp-json\/wp\/v2\/media?parent=156462"}],"wp:term":[{"taxonomy":"product_brand","embeddable":true,"href":"https:\/\/baldumarket.lt\/lt\/wp-json\/wp\/v2\/product_brand?post=156462"},{"taxonomy":"product_cat","embeddable":true,"href":"https:\/\/baldumarket.lt\/lt\/wp-json\/wp\/v2\/product_cat?post=156462"},{"taxonomy":"product_tag","embeddable":true,"href":"https:\/\/baldumarket.lt\/lt\/wp-json\/wp\/v2\/product_tag?post=156462"}],"curies":[{"name":"wp","href":"https:\/\/api.w.org\/{rel}","templated":true}]}}