{"id":156455,"date":"2025-12-18T18:34:01","date_gmt":"2025-12-18T15:34:01","guid":{"rendered":"https:\/\/baldumarket.lt\/product\/sintra-wysoka-komoda-4-drzwiowa-bialy-polysk-dab-samdal\/"},"modified":"2026-04-12T09:07:14","modified_gmt":"2026-04-12T06:07:14","slug":"sintra-wysoka-komoda-4-drzwiowa-bialy-polysk-dab-samdal","status":"publish","type":"product","link":"https:\/\/baldumarket.lt\/lt\/product\/sintra-wysoka-komoda-4-drzwiowa-bialy-polysk-dab-samdal\/","title":{"rendered":"Sintra auk\u0161ta komoda su 4 durimis, blizgi balta \/ Samdal \u0105\u017euolas"},"content":{"rendered":"<p>Ie\u0161kantiems elegancijos ir funkcionalumo derinio viename balde pristatome puik\u0173 pasirinkim\u0105 \u2013 auk\u0161t\u0105 4 dur\u0173 komod\u0105 \u201eSintra\u201c, kurios atspalviai \u2013 blizgi balta ir \u0161ilta \u201eSamdal\u201c \u0105\u017euolo. \u0160is gaminys priklauso garsiam prek\u0117s \u017eenklui \u201eHelvetia\u201c, kuris jau seniai pelno pripa\u017einim\u0105 tarp klient\u0173, ie\u0161kan\u010di\u0173 bald\u0173, pasi\u017eymin\u010di\u0173 i\u0161skirtiniu patvarumu ir unikaliu dizainu. Komoda \u201eSintra\u201c buvo sukurta atsi\u017evelgiant \u012f \u0161iuolaikinio interjero poreikius \u2013 tiek funkcionalum\u0105, tiek estetik\u0105. Kompakti\u0161ki matmenys (plotis 150 cm, auk\u0161tis 128 cm, gylis 40 cm) daro j\u0105 idealiu daikt\u0173 laikymo sprendimu bet kokiam kambariui, nepriklausomai nuo dyd\u017eio. Eleganti\u0161ki balti komodos fasadai su blizgia apdaila, kontrastuojantys su \u0161iltais \u0105\u017euolo akcentais, paver\u010dia \u0161\u012f bald\u0105 bet kokio interjero traukos centru, suteikdami jam elegancijos ir jaukumo. Auk\u0161tos kokyb\u0117s laminuota bald\u0173 plok\u0161t\u0117, naudojama jos konstrukcijoje, garantuoja patvarum\u0105 ir lengv\u0105 valym\u0105.<\/p>","protected":false},"excerpt":{"rendered":"<p>Plotis (cm): 150<br \/>\n\u016agis (cm): 128<br \/>\nGylis (cm): 40<\/p>","protected":false},"featured_media":156456,"comment_status":"open","ping_status":"open","template":"","meta":[],"product_brand":[],"product_cat":[9410,1173,4105],"product_tag":[],"class_list":{"0":"post-156455","1":"product","2":"type-product","3":"status-publish","4":"has-post-thumbnail","6":"product_cat-furniture-system-sintra","7":"product_cat-chests-of-drawers","8":"product_cat-helvetia","10":"first","11":"instock","12":"purchasable","13":"product-type-simple"},"_links":{"self":[{"href":"https:\/\/baldumarket.lt\/lt\/wp-json\/wp\/v2\/product\/156455","targetHints":{"allow":["GET"]}}],"collection":[{"href":"https:\/\/baldumarket.lt\/lt\/wp-json\/wp\/v2\/product"}],"about":[{"href":"https:\/\/baldumarket.lt\/lt\/wp-json\/wp\/v2\/types\/product"}],"replies":[{"embeddable":true,"href":"https:\/\/baldumarket.lt\/lt\/wp-json\/wp\/v2\/comments?post=156455"}],"wp:featuredmedia":[{"embeddable":true,"href":"https:\/\/baldumarket.lt\/lt\/wp-json\/wp\/v2\/media\/156456"}],"wp:attachment":[{"href":"https:\/\/baldumarket.lt\/lt\/wp-json\/wp\/v2\/media?parent=156455"}],"wp:term":[{"taxonomy":"product_brand","embeddable":true,"href":"https:\/\/baldumarket.lt\/lt\/wp-json\/wp\/v2\/product_brand?post=156455"},{"taxonomy":"product_cat","embeddable":true,"href":"https:\/\/baldumarket.lt\/lt\/wp-json\/wp\/v2\/product_cat?post=156455"},{"taxonomy":"product_tag","embeddable":true,"href":"https:\/\/baldumarket.lt\/lt\/wp-json\/wp\/v2\/product_tag?post=156455"}],"curies":[{"name":"wp","href":"https:\/\/api.w.org\/{rel}","templated":true}]}}