{"id":156448,"date":"2025-12-18T18:33:48","date_gmt":"2025-12-18T15:33:48","guid":{"rendered":"https:\/\/baldumarket.lt\/product\/sintra-witryna-1-drzwiowa-bialy-polysk-dab-samdal\/"},"modified":"2026-04-12T09:07:14","modified_gmt":"2026-04-12T06:07:14","slug":"sintra-witryna-1-drzwiowa-bialy-polysk-dab-samdal","status":"publish","type":"product","link":"https:\/\/baldumarket.lt\/lt\/product\/sintra-witryna-1-drzwiowa-bialy-polysk-dab-samdal\/","title":{"rendered":"Sintra 1 dur\u0173 vitrina, blizgi balta \/ Samdal \u0105\u017euolas"},"content":{"rendered":"<p>Ak\u012f traukianti, vien\u0173 dureli\u0173 \u201eSintra\u201c vitrina puikiai tinka tiek moderniam, tiek klasikiniam interjerui. Baltos blizgios apdailos elegancija ir \u0161ilti samdal \u0105\u017euolo akcentai derinantys \u0161\u012f bald\u0105 suteiks stiliaus ir funkcionalumo bet kuriai svetainei, valgomajam ar sve\u010di\u0173 kambariui. D\u0117l optimali\u0173 matmen\u0173 jo apgalvotas dizainas tiks tiek didel\u0117se, tiek ma\u017eose erdv\u0117se.<\/p>\n<p>Pagaminta i\u0161 auk\u0161tos kokyb\u0117s laminuotos bald\u0173 plok\u0161t\u0117s, ji u\u017etikrina patvarum\u0105 ir atsparum\u0105 kasdieniam naudojimui. De\u0161imt prakti\u0161k\u0173 lentyn\u0173 suteikia daug vietos j\u016bs\u0173 m\u0117gstamiausioms knygoms, eleganti\u0161kiems stalo \u012frankiams ar \u0161eimos relikvijoms, kurias galite tinkamai eksponuoti d\u0117l skaidraus stiklo. Stilingas spalv\u0173 derinys ir moderni balta blizgi apdaila kartu su nat\u016bralaus samdal \u0105\u017euolo akcentais suteikia j\u016bs\u0173 interjerui \u0161ilumos ir charakterio.<\/p>\n<p>Gaukite estetin\u012f ir prakti\u0161k\u0105 sprendim\u0105: \u201eHelvetia\u201c \u201eSintra\u201c vitrina yra ne tik eleganti\u0161kas baldas, bet ir puikus erdv\u0117s organizatorius. D\u0117l prid\u0117t\u0173 instrukcij\u0173, surinkimas patiems bus paprastas ir be r\u016bpes\u010di\u0173, leis jums greitai m\u0117gautis gro\u017eiu ir tvarka savo namuose.<\/p>","protected":false},"excerpt":{"rendered":"<p>Plotis (cm): 67<br \/>\n\u016agis (cm): 200<br \/>\nGylis (cm): 40<\/p>","protected":false},"featured_media":156449,"comment_status":"open","ping_status":"open","template":"","meta":[],"product_brand":[],"product_cat":[9410,4105,1987],"product_tag":[],"class_list":{"0":"post-156448","1":"product","2":"type-product","3":"status-publish","4":"has-post-thumbnail","6":"product_cat-furniture-system-sintra","7":"product_cat-helvetia","8":"product_cat-shelving-units","10":"first","11":"instock","12":"purchasable","13":"product-type-simple"},"_links":{"self":[{"href":"https:\/\/baldumarket.lt\/lt\/wp-json\/wp\/v2\/product\/156448","targetHints":{"allow":["GET"]}}],"collection":[{"href":"https:\/\/baldumarket.lt\/lt\/wp-json\/wp\/v2\/product"}],"about":[{"href":"https:\/\/baldumarket.lt\/lt\/wp-json\/wp\/v2\/types\/product"}],"replies":[{"embeddable":true,"href":"https:\/\/baldumarket.lt\/lt\/wp-json\/wp\/v2\/comments?post=156448"}],"wp:featuredmedia":[{"embeddable":true,"href":"https:\/\/baldumarket.lt\/lt\/wp-json\/wp\/v2\/media\/156449"}],"wp:attachment":[{"href":"https:\/\/baldumarket.lt\/lt\/wp-json\/wp\/v2\/media?parent=156448"}],"wp:term":[{"taxonomy":"product_brand","embeddable":true,"href":"https:\/\/baldumarket.lt\/lt\/wp-json\/wp\/v2\/product_brand?post=156448"},{"taxonomy":"product_cat","embeddable":true,"href":"https:\/\/baldumarket.lt\/lt\/wp-json\/wp\/v2\/product_cat?post=156448"},{"taxonomy":"product_tag","embeddable":true,"href":"https:\/\/baldumarket.lt\/lt\/wp-json\/wp\/v2\/product_tag?post=156448"}],"curies":[{"name":"wp","href":"https:\/\/api.w.org\/{rel}","templated":true}]}}