{"id":156440,"date":"2025-12-18T18:33:32","date_gmt":"2025-12-18T15:33:32","guid":{"rendered":"https:\/\/baldumarket.lt\/product\/sintra-stolik-kawowy-120-cm-bialy-polysk-dab-samdal\/"},"modified":"2026-04-12T09:07:14","modified_gmt":"2026-04-12T06:07:14","slug":"sintra-stolik-kawowy-120-cm-bialy-polysk-dab-samdal","status":"publish","type":"product","link":"https:\/\/baldumarket.lt\/lt\/product\/sintra-stolik-kawowy-120-cm-bialy-polysk-dab-samdal\/","title":{"rendered":"\u201eSintra\u201c kavos staliukas, 120 cm, blizgi balta \/ \u201eSamdal\u201c \u0105\u017euolas"},"content":{"rendered":"<p>Pristatome jums unikal\u0173 \u201eSintra\u201c kavos staliuk\u0105, kuriame dera modernaus dizaino elegancija ir \u0161ilta nat\u016bralios medienos tekst\u016bra. Sukurtas garsaus \u201eHelvetia\u201c prek\u0117s \u017eenklo, \u0161is stilingas staliukas bus ne tik naudingas j\u016bs\u0173 svetain\u0117s papildymas, bet ir dekoratyvinis elementas. Jo matmenys puikiai atitinka \u0161iuolaikinio interjero poreikius: plotis 120 cm, gylis 60 cm ir auk\u0161tis 43 cm, tod\u0117l j\u012f patogu naudoti ir lengva pritaikyti prie \u012fvairi\u0173 dyd\u017ei\u0173 kambari\u0173. Balta blizgesio spalva kartu su nat\u016braliais, \u0161iltais \u201eSamdal Oak\u201c \u0105\u017euolo tonais sukuria unikal\u0173 efekt\u0105, kuris suteiks j\u016bs\u0173 namams gaivumo ir elegancijos. Staliukas pagamintas i\u0161 auk\u0161tos kokyb\u0117s laminuotos bald\u0173 plok\u0161t\u0117s, u\u017etikrinan\u010dios patvarum\u0105 ir atsparum\u0105 kasdieniam naudojimui. Be to, jis turi prakti\u0161k\u0105 lentyn\u0105, kurioje galite susid\u0117ti \u017eurnalus, nuotolinio valdymo pultelius ir smulkius aksesuarus. \u201eSintra\u201c taip pat yra i\u0161traukiamas staliukas, suteikiantis daugiau vietos socialiniams susib\u016brimams ar \u0161eimos vakarien\u0117ms.<\/p>","protected":false},"excerpt":{"rendered":"<p>Plotis (cm): 120<br \/>\n\u016agis (cm): 43<br \/>\nGylis (cm): 60<\/p>","protected":false},"featured_media":156441,"comment_status":"open","ping_status":"open","template":"","meta":[],"product_brand":[],"product_cat":[9410,866,4105],"product_tag":[],"class_list":{"0":"post-156440","1":"product","2":"type-product","3":"status-publish","4":"has-post-thumbnail","6":"product_cat-furniture-system-sintra","7":"product_cat-coffee-tables","8":"product_cat-helvetia","10":"first","11":"instock","12":"purchasable","13":"product-type-simple"},"_links":{"self":[{"href":"https:\/\/baldumarket.lt\/lt\/wp-json\/wp\/v2\/product\/156440","targetHints":{"allow":["GET"]}}],"collection":[{"href":"https:\/\/baldumarket.lt\/lt\/wp-json\/wp\/v2\/product"}],"about":[{"href":"https:\/\/baldumarket.lt\/lt\/wp-json\/wp\/v2\/types\/product"}],"replies":[{"embeddable":true,"href":"https:\/\/baldumarket.lt\/lt\/wp-json\/wp\/v2\/comments?post=156440"}],"wp:featuredmedia":[{"embeddable":true,"href":"https:\/\/baldumarket.lt\/lt\/wp-json\/wp\/v2\/media\/156441"}],"wp:attachment":[{"href":"https:\/\/baldumarket.lt\/lt\/wp-json\/wp\/v2\/media?parent=156440"}],"wp:term":[{"taxonomy":"product_brand","embeddable":true,"href":"https:\/\/baldumarket.lt\/lt\/wp-json\/wp\/v2\/product_brand?post=156440"},{"taxonomy":"product_cat","embeddable":true,"href":"https:\/\/baldumarket.lt\/lt\/wp-json\/wp\/v2\/product_cat?post=156440"},{"taxonomy":"product_tag","embeddable":true,"href":"https:\/\/baldumarket.lt\/lt\/wp-json\/wp\/v2\/product_tag?post=156440"}],"curies":[{"name":"wp","href":"https:\/\/api.w.org\/{rel}","templated":true}]}}