{"id":156426,"date":"2025-12-18T18:33:04","date_gmt":"2025-12-18T15:33:04","guid":{"rendered":"https:\/\/baldumarket.lt\/product\/sintra-komoda-rtv-2-drzwiowa-bialy-polysk-dab-samdal\/"},"modified":"2026-04-12T09:07:14","modified_gmt":"2026-04-12T06:07:14","slug":"sintra-komoda-rtv-2-drzwiowa-bialy-polysk-dab-samdal","status":"publish","type":"product","link":"https:\/\/baldumarket.lt\/lt\/product\/sintra-komoda-rtv-2-drzwiowa-bialy-polysk-dab-samdal\/","title":{"rendered":"Sintra 2 dur\u0173 TV spintel\u0117, blizgi balta \/ Samdal \u0105\u017euolas"},"content":{"rendered":"<p>Pristatome eleganti\u0161k\u0105 \u201eSintra\u201c televizoriaus spintel\u0119, kurioje dera modernus dizainas ir funkcionalumas. \u0160is baldas puikiai tiks bet kuriai svetainei, \u017eav\u0117damas blizgia balta apdaila ir \u0161iltais \u201eSamdal\u201c \u0105\u017euolo akcentais. Prek\u0117s \u017eenklas: \u201eHelvetia\u201c \u2013 \u017einomas d\u0117l savo patvarumo ir d\u0117mesio detal\u0117ms, tiekiantis auk\u0161\u010diausios kokyb\u0117s baldus. Matmenys: plotis: 241 cm, auk\u0161tis: 44 cm, gylis: 40 cm, leid\u017eia prakti\u0161kai i\u0161d\u0117styti \u012fvairaus dyd\u017eio kambariuose.<\/p>","protected":false},"excerpt":{"rendered":"<p>Plotis (cm): 241<br \/>\n\u016agis (cm): 44<br \/>\nGylis (cm): 40<\/p>","protected":false},"featured_media":156427,"comment_status":"open","ping_status":"open","template":"","meta":[],"product_brand":[],"product_cat":[9410,4105,1175],"product_tag":[],"class_list":{"0":"post-156426","1":"product","2":"type-product","3":"status-publish","4":"has-post-thumbnail","6":"product_cat-furniture-system-sintra","7":"product_cat-helvetia","8":"product_cat-tv-stands","10":"first","11":"instock","12":"purchasable","13":"product-type-simple"},"_links":{"self":[{"href":"https:\/\/baldumarket.lt\/lt\/wp-json\/wp\/v2\/product\/156426","targetHints":{"allow":["GET"]}}],"collection":[{"href":"https:\/\/baldumarket.lt\/lt\/wp-json\/wp\/v2\/product"}],"about":[{"href":"https:\/\/baldumarket.lt\/lt\/wp-json\/wp\/v2\/types\/product"}],"replies":[{"embeddable":true,"href":"https:\/\/baldumarket.lt\/lt\/wp-json\/wp\/v2\/comments?post=156426"}],"wp:featuredmedia":[{"embeddable":true,"href":"https:\/\/baldumarket.lt\/lt\/wp-json\/wp\/v2\/media\/156427"}],"wp:attachment":[{"href":"https:\/\/baldumarket.lt\/lt\/wp-json\/wp\/v2\/media?parent=156426"}],"wp:term":[{"taxonomy":"product_brand","embeddable":true,"href":"https:\/\/baldumarket.lt\/lt\/wp-json\/wp\/v2\/product_brand?post=156426"},{"taxonomy":"product_cat","embeddable":true,"href":"https:\/\/baldumarket.lt\/lt\/wp-json\/wp\/v2\/product_cat?post=156426"},{"taxonomy":"product_tag","embeddable":true,"href":"https:\/\/baldumarket.lt\/lt\/wp-json\/wp\/v2\/product_tag?post=156426"}],"curies":[{"name":"wp","href":"https:\/\/api.w.org\/{rel}","templated":true}]}}