{"id":156412,"date":"2025-12-18T18:32:35","date_gmt":"2025-12-18T15:32:35","guid":{"rendered":"https:\/\/baldumarket.lt\/product\/sintra-komoda-3-drzwiowa-220-cm-bialy-polysk-dab-samdal\/"},"modified":"2026-04-12T09:07:14","modified_gmt":"2026-04-12T06:07:14","slug":"sintra-komoda-3-drzwiowa-220-cm-bialy-polysk-dab-samdal","status":"publish","type":"product","link":"https:\/\/baldumarket.lt\/lt\/product\/sintra-komoda-3-drzwiowa-220-cm-bialy-polysk-dab-samdal\/","title":{"rendered":"Sintra komoda su 3 durimis, 220 cm, blizgi balta \/ Samdal \u0105\u017euolas"},"content":{"rendered":"<p>\u010cia modernumas ir funkcionalumas susitinka viename balde \u2013 \u201eHelvetia\u201c komodoje \u201eSintra\u201c. Eleganti\u0161kas ir gerai apgalvotas \u0161ios 220 cm plo\u010dio 3 dur\u0173 komodos dizainas taps i\u0161skirtiniu j\u016bs\u0173 nam\u0173 akcentu, o balta blizgi spalva kartu su \u0161iltu Samdal \u0105\u017euolo atspalviu sukurs \u0161viesi\u0105 ir jauki\u0105 atmosfer\u0105. Sukurta tiek modernioms, tiek klasikin\u0117ms erdv\u0117ms, \u201eHelvetia\u201c linijos \u201eSintra\u201c yra ne tik gra\u017eus baldas, bet ir prakti\u0161kas sprendimas i\u0161rankiam skoniui. 220 cm plo\u010dio, 86 cm auk\u0161\u010dio ir 40 cm gylio komoda suteikia daug vietos lengvam ir patogiam daikt\u0173 laikymui. Trys tvirtos durys atsiveria \u012f erdvius skyrius su penkiomis lentynomis, si\u016blan\u010diomis \u012fvairias organizavimo galimybes j\u016bs\u0173 \u012frankiams, drabu\u017eiams ir dokumentams. Komoda pagaminta i\u0161 auk\u0161tos kokyb\u0117s laminuotos bald\u0173 plok\u0161t\u0117s, tod\u0117l yra patvari kasdieniam naudojimui ir lengvai valoma. Baldo priekin\u0117 dalis ir korpusas yra labai atspar\u016bs \u012fbr\u0117\u017eimams ir lengvai valomi, tod\u0117l \u201eSintra\u201c daugel\u012f met\u0173 i\u0161liks puikios b\u016bkl\u0117s.<\/p>","protected":false},"excerpt":{"rendered":"<p>Plotis (cm): 220<br \/>\n\u016agis (cm): 86<br \/>\nGylis (cm): 40<\/p>","protected":false},"featured_media":156413,"comment_status":"open","ping_status":"open","template":"","meta":[],"product_brand":[],"product_cat":[9410,1173,4105],"product_tag":[],"class_list":{"0":"post-156412","1":"product","2":"type-product","3":"status-publish","4":"has-post-thumbnail","6":"product_cat-furniture-system-sintra","7":"product_cat-chests-of-drawers","8":"product_cat-helvetia","10":"first","11":"instock","12":"purchasable","13":"product-type-simple"},"_links":{"self":[{"href":"https:\/\/baldumarket.lt\/lt\/wp-json\/wp\/v2\/product\/156412","targetHints":{"allow":["GET"]}}],"collection":[{"href":"https:\/\/baldumarket.lt\/lt\/wp-json\/wp\/v2\/product"}],"about":[{"href":"https:\/\/baldumarket.lt\/lt\/wp-json\/wp\/v2\/types\/product"}],"replies":[{"embeddable":true,"href":"https:\/\/baldumarket.lt\/lt\/wp-json\/wp\/v2\/comments?post=156412"}],"wp:featuredmedia":[{"embeddable":true,"href":"https:\/\/baldumarket.lt\/lt\/wp-json\/wp\/v2\/media\/156413"}],"wp:attachment":[{"href":"https:\/\/baldumarket.lt\/lt\/wp-json\/wp\/v2\/media?parent=156412"}],"wp:term":[{"taxonomy":"product_brand","embeddable":true,"href":"https:\/\/baldumarket.lt\/lt\/wp-json\/wp\/v2\/product_brand?post=156412"},{"taxonomy":"product_cat","embeddable":true,"href":"https:\/\/baldumarket.lt\/lt\/wp-json\/wp\/v2\/product_cat?post=156412"},{"taxonomy":"product_tag","embeddable":true,"href":"https:\/\/baldumarket.lt\/lt\/wp-json\/wp\/v2\/product_tag?post=156412"}],"curies":[{"name":"wp","href":"https:\/\/api.w.org\/{rel}","templated":true}]}}