{"id":156405,"date":"2025-12-18T18:32:20","date_gmt":"2025-12-18T15:32:20","guid":{"rendered":"https:\/\/baldumarket.lt\/product\/sintra-komoda-3-drzwiowa-180-cm-bialy-polysk-dab-samdal\/"},"modified":"2026-04-12T09:07:14","modified_gmt":"2026-04-12T06:07:14","slug":"sintra-komoda-3-drzwiowa-180-cm-bialy-polysk-dab-samdal","status":"publish","type":"product","link":"https:\/\/baldumarket.lt\/lt\/product\/sintra-komoda-3-drzwiowa-180-cm-bialy-polysk-dab-samdal\/","title":{"rendered":"Sintra komoda su 3 durimis, 180 cm, blizgi balta \/ Samdal \u0105\u017euolas"},"content":{"rendered":"<p>Atraskite tobul\u0105 elegancijos ir funkcionalumo derin\u012f \u2013 \u201eSintra\u201c trij\u0173 dur\u0173 komoda (180 cm), apdailinta modernia balta blizgia spalva ir \u0161iltu \u201eSamdal\u201c \u0105\u017euolo atspalviu. \u0160i \u201eHelvetia\u201c sukurta komoda patenkins net ir i\u0161rankiausi\u0173 klient\u0173 l\u016bkes\u010dius, suteikdama bet kokiam interjerui prabangos. \u201eSintra\u201c komoda sukurta tiems, kurie vertina erdvum\u0105 ir maksimali\u0105 erdv\u0117s organizavim\u0105. Jos matmenys \u2013 180 cm plo\u010dio, 86 cm auk\u0161\u010dio ir 40 cm gylio \u2013 paver\u010dia j\u0105 ne tik \u012fsp\u016bdingu dekoratyviniu elementu, bet ir prakti\u0161ku daikt\u0173 laikymo sprendimu. Pagaminti i\u0161 auk\u0161\u010diausios kokyb\u0117s laminuotos bald\u0173 plok\u0161t\u0117s, tiek priekin\u0117 dalis, tiek korpusas u\u017etikrina patvarum\u0105 ir ilgalaik\u012f naudojim\u0105 be matom\u0173 nusid\u0117v\u0117jimo po\u017eymi\u0173. Komoda turi tris tvirtas dureles, po kuriomis yra penkios erdvios lentynos, leid\u017eian\u010dios tvarkingai ir lengvai pasiekiamu b\u016bdu susid\u0117ti daiktus.<\/p>","protected":false},"excerpt":{"rendered":"<p>Plotis (cm): 180<br \/>\n\u016agis (cm): 86<br \/>\nGylis (cm): 40<\/p>","protected":false},"featured_media":156406,"comment_status":"open","ping_status":"open","template":"","meta":[],"product_brand":[],"product_cat":[9410,1173,4105],"product_tag":[],"class_list":{"0":"post-156405","1":"product","2":"type-product","3":"status-publish","4":"has-post-thumbnail","6":"product_cat-furniture-system-sintra","7":"product_cat-chests-of-drawers","8":"product_cat-helvetia","10":"first","11":"instock","12":"purchasable","13":"product-type-simple"},"_links":{"self":[{"href":"https:\/\/baldumarket.lt\/lt\/wp-json\/wp\/v2\/product\/156405","targetHints":{"allow":["GET"]}}],"collection":[{"href":"https:\/\/baldumarket.lt\/lt\/wp-json\/wp\/v2\/product"}],"about":[{"href":"https:\/\/baldumarket.lt\/lt\/wp-json\/wp\/v2\/types\/product"}],"replies":[{"embeddable":true,"href":"https:\/\/baldumarket.lt\/lt\/wp-json\/wp\/v2\/comments?post=156405"}],"wp:featuredmedia":[{"embeddable":true,"href":"https:\/\/baldumarket.lt\/lt\/wp-json\/wp\/v2\/media\/156406"}],"wp:attachment":[{"href":"https:\/\/baldumarket.lt\/lt\/wp-json\/wp\/v2\/media?parent=156405"}],"wp:term":[{"taxonomy":"product_brand","embeddable":true,"href":"https:\/\/baldumarket.lt\/lt\/wp-json\/wp\/v2\/product_brand?post=156405"},{"taxonomy":"product_cat","embeddable":true,"href":"https:\/\/baldumarket.lt\/lt\/wp-json\/wp\/v2\/product_cat?post=156405"},{"taxonomy":"product_tag","embeddable":true,"href":"https:\/\/baldumarket.lt\/lt\/wp-json\/wp\/v2\/product_tag?post=156405"}],"curies":[{"name":"wp","href":"https:\/\/api.w.org\/{rel}","templated":true}]}}