{"id":156400,"date":"2025-12-18T18:32:11","date_gmt":"2025-12-18T15:32:11","guid":{"rendered":"https:\/\/baldumarket.lt\/product\/silke-witryna-2-drzwiowa-prawa-matera-dab-wotan\/"},"modified":"2026-02-05T12:12:47","modified_gmt":"2026-02-05T09:12:47","slug":"silke-witryna-2-drzwiowa-prawa-matera-dab-wotan","status":"publish","type":"product","link":"https:\/\/baldumarket.lt\/lt\/product\/silke-witryna-2-drzwiowa-prawa-matera-dab-wotan\/","title":{"rendered":"Silke 2 dur\u0173 vitrina, de\u0161inin\u0117, Matera \/ Wotan \u0105\u017euolas"},"content":{"rendered":"<p>Pristatome akinant\u012f \u201eSilke 2D Right\u201c stiliaus vitrin\u0105 blizgios baltos \/ Wotan \u0105\u017euolo spalvos, kuri d\u0117l puikiai subalansuotos spalv\u0173 gamos i\u0161siskirs bet kuriame moderniame interjere. Jos geometrija ir i\u0161rai\u0161kingas dizainas pabr\u0117\u0161 tiek svetain\u0117s, tiek darbo kambario charakter\u012f. \u201eSilke\u201c vitrina \u017eavi savo funkcionalumu. Dviej\u0173 dur\u0173 konstrukcija, o de\u0161in\u0117s durys yra i\u0161 dalies \u012fstiklintos, leid\u017eia eleganti\u0161kai eksponuoti dekoratyvinius daiktus ir prakti\u0161kai laikyti b\u016btiniausius aksesuarus. Interjeras padalintas \u012f keturias lentynas, esan\u010dias kair\u0117je ir de\u0161in\u0117je pus\u0117se, tod\u0117l yra daugyb\u0117 organizavimo galimybi\u0173. \u201eSilke\u201c kolekcijos unikalum\u0105 pabr\u0117\u017eia minimalistin\u0117s formos, kurios puikiai atitinka modernaus minimalizmo tendencijas. Be to, apgalvotas blizgios baltos spalvos ir Wotan \u0105\u017euolo akcent\u0173 derinys suteikia gaivumo ir elegancijos. Spalv\u0173 variantas ne tik atspindi ger\u0105 skon\u012f, bet ir garantuoja harmonij\u0105 su kitais interjero elementais.<\/p>","protected":false},"excerpt":{"rendered":"<p>Plotis (cm): 80<br \/>\n\u016agis (cm): 207<br \/>\nGylis (cm): 40<\/p>","protected":false},"featured_media":156401,"comment_status":"open","ping_status":"open","template":"","meta":[],"product_brand":[],"product_cat":[9431,4105,2006],"product_tag":[],"class_list":{"0":"post-156400","1":"product","2":"type-product","3":"status-publish","4":"has-post-thumbnail","6":"product_cat-furniture-system-silke","7":"product_cat-helvetia","8":"product_cat-vitrines","10":"first","11":"instock","12":"purchasable","13":"product-type-simple"},"_links":{"self":[{"href":"https:\/\/baldumarket.lt\/lt\/wp-json\/wp\/v2\/product\/156400","targetHints":{"allow":["GET"]}}],"collection":[{"href":"https:\/\/baldumarket.lt\/lt\/wp-json\/wp\/v2\/product"}],"about":[{"href":"https:\/\/baldumarket.lt\/lt\/wp-json\/wp\/v2\/types\/product"}],"replies":[{"embeddable":true,"href":"https:\/\/baldumarket.lt\/lt\/wp-json\/wp\/v2\/comments?post=156400"}],"wp:featuredmedia":[{"embeddable":true,"href":"https:\/\/baldumarket.lt\/lt\/wp-json\/wp\/v2\/media\/156401"}],"wp:attachment":[{"href":"https:\/\/baldumarket.lt\/lt\/wp-json\/wp\/v2\/media?parent=156400"}],"wp:term":[{"taxonomy":"product_brand","embeddable":true,"href":"https:\/\/baldumarket.lt\/lt\/wp-json\/wp\/v2\/product_brand?post=156400"},{"taxonomy":"product_cat","embeddable":true,"href":"https:\/\/baldumarket.lt\/lt\/wp-json\/wp\/v2\/product_cat?post=156400"},{"taxonomy":"product_tag","embeddable":true,"href":"https:\/\/baldumarket.lt\/lt\/wp-json\/wp\/v2\/product_tag?post=156400"}],"curies":[{"name":"wp","href":"https:\/\/api.w.org\/{rel}","templated":true}]}}