{"id":156395,"date":"2025-12-18T18:32:01","date_gmt":"2025-12-18T15:32:01","guid":{"rendered":"https:\/\/baldumarket.lt\/product\/silke-witryna-2-drzwiowa-prawa-bialy-polysk-dab-wotan\/"},"modified":"2026-02-05T12:12:47","modified_gmt":"2026-02-05T09:12:47","slug":"silke-witryna-2-drzwiowa-prawa-bialy-polysk-dab-wotan","status":"publish","type":"product","link":"https:\/\/baldumarket.lt\/lt\/product\/silke-witryna-2-drzwiowa-prawa-bialy-polysk-dab-wotan\/","title":{"rendered":"Silke 2 dur\u0173 vitrina, de\u0161inin\u0117, blizgi balta \/ Wotan \u0105\u017euolas"},"content":{"rendered":"<p>Atraskite nesenstant\u012f \u201cSilke 2D Right\u201d vitrinos dizain\u0105 ir funkcionalum\u0105, kurioje dera Matera elegancija ir \u0161ilta Wotan \u0105\u017euolo i\u0161rai\u0161ka. \u0160is unikalus \u201eSilke\u201c kolekcijos baldas \u2013 puikus pasirinkimas tiems, kurie vertina modernius sprendimus ir unikal\u0173 stili\u0173. 80 cm plo\u010dio, 207 cm auk\u0161\u010dio ir 40 cm gylio vitrina turi dvejas duris, de\u0161iniosios i\u0161 dalies \u012fstiklintos gr\u016bdintu stiklu \u2013 tai saugaus naudojimo garantija. Minimalistin\u0117 estetika ir unikali apdaila paver\u010dia \u0161\u012f bald\u0105 ne tik prakti\u0161ku priedu, bet ir stilingu dekoratyviniu elementu bet kuriame interjere. U\u017e tvirt\u0173 dureli\u0173 yra keturios pasl\u0117ptos lentynos, kuriose yra daug vietos j\u016bs\u0173 m\u0117gstamoms knygoms, dekoracijoms ar stalo \u012frankiams. Be to, patogumui sukurta \u201espustel\u0117jimo atidarymo\u201c sistema u\u017etikrina lengv\u0105 atidarym\u0105 be ranken\u0117li\u0173, i\u0161laikant fasad\u0173 \u0161var\u0105.<\/p>","protected":false},"excerpt":{"rendered":"<p>Plotis (cm): 80<br \/>\n\u016agis (cm): 207<br \/>\nGylis (cm): 40<\/p>","protected":false},"featured_media":156396,"comment_status":"open","ping_status":"open","template":"","meta":[],"product_brand":[],"product_cat":[9431,4105,2006],"product_tag":[],"class_list":{"0":"post-156395","1":"product","2":"type-product","3":"status-publish","4":"has-post-thumbnail","6":"product_cat-furniture-system-silke","7":"product_cat-helvetia","8":"product_cat-vitrines","10":"first","11":"instock","12":"purchasable","13":"product-type-simple"},"_links":{"self":[{"href":"https:\/\/baldumarket.lt\/lt\/wp-json\/wp\/v2\/product\/156395","targetHints":{"allow":["GET"]}}],"collection":[{"href":"https:\/\/baldumarket.lt\/lt\/wp-json\/wp\/v2\/product"}],"about":[{"href":"https:\/\/baldumarket.lt\/lt\/wp-json\/wp\/v2\/types\/product"}],"replies":[{"embeddable":true,"href":"https:\/\/baldumarket.lt\/lt\/wp-json\/wp\/v2\/comments?post=156395"}],"wp:featuredmedia":[{"embeddable":true,"href":"https:\/\/baldumarket.lt\/lt\/wp-json\/wp\/v2\/media\/156396"}],"wp:attachment":[{"href":"https:\/\/baldumarket.lt\/lt\/wp-json\/wp\/v2\/media?parent=156395"}],"wp:term":[{"taxonomy":"product_brand","embeddable":true,"href":"https:\/\/baldumarket.lt\/lt\/wp-json\/wp\/v2\/product_brand?post=156395"},{"taxonomy":"product_cat","embeddable":true,"href":"https:\/\/baldumarket.lt\/lt\/wp-json\/wp\/v2\/product_cat?post=156395"},{"taxonomy":"product_tag","embeddable":true,"href":"https:\/\/baldumarket.lt\/lt\/wp-json\/wp\/v2\/product_tag?post=156395"}],"curies":[{"name":"wp","href":"https:\/\/api.w.org\/{rel}","templated":true}]}}