{"id":156390,"date":"2025-12-18T18:31:52","date_gmt":"2025-12-18T15:31:52","guid":{"rendered":"https:\/\/baldumarket.lt\/product\/silke-witryna-2-drzwiowa-lewa-matera-dab-wotan\/"},"modified":"2026-02-05T12:12:47","modified_gmt":"2026-02-05T09:12:47","slug":"silke-witryna-2-drzwiowa-lewa-matera-dab-wotan","status":"publish","type":"product","link":"https:\/\/baldumarket.lt\/lt\/product\/silke-witryna-2-drzwiowa-lewa-matera-dab-wotan\/","title":{"rendered":"Silke 2 dur\u0173 vitrina, kair\u0117, Matera \/ Wotan \u0105\u017euolas"},"content":{"rendered":"<p>Pristatome unikali\u0105 \u201cSilke 2D\u201d kairi\u0105j\u0105 vitrin\u0105, kuri leis jums eksponuoti m\u0117gstamiausius daiktus su klase ir subtiliu blizgesiu. Ji puikiai der\u0117s prie modernaus interjero ir bus prakti\u0161kas baldas svetain\u0117ms ar darbo kambariams. Apdaila akinan\u010diai balta blizgesio spalva su \u0161iltu Wotan \u0105\u017euolo akcentu, \u0161is baldas harmoningai derina elegancij\u0105 ir modernum\u0105. \u201eSilke 2D\u201c vitrina buvo sukurta galvojant apie reikliausius vartotojus, kurie vertina auk\u0161t\u0105 meistri\u0161kumo kokyb\u0119 ir dizain\u0105. Spintel\u0117s korpusas ir priekin\u0117 dalis padengti auk\u0161tos kokyb\u0117s membranine pl\u0117vele, u\u017etikrinan\u010dia patvarum\u0105 ir atsparum\u0105 pa\u017eeidimams. Be to, gr\u016bdinto stiklo naudojimas ant i\u0161 dalies \u012fstiklint\u0173 kairi\u0173j\u0173 dureli\u0173 pakelia vartotoj\u0173 saugum\u0105 \u012f nauj\u0105 lyg\u012f ir u\u017etikrina i\u0161skirtin\u012f eksponuojam\u0173 daikt\u0173 pateikim\u0105. \u012erengta prakti\u0161ka \u201espustelint atidarymo\u201c sistema, \u201eSilke 2D\u201c vitrina yra paprasta ir patogi naudoti. Eleganti\u0161kos, vienu spustel\u0117jimu atidaromos durel\u0117s slepia keturias funkcines lentynas, idealiai tinkan\u010dias j\u016bs\u0173 erdv\u0117s organizavimui. \u0160ie baldai pristatomi savaranki\u0161kai surenkamoje pakuot\u0117je, kurios paprastum\u0105 garantuoja ai\u0161kios instrukcijos ir visas surinkimo pried\u0173 rinkinys.<\/p>","protected":false},"excerpt":{"rendered":"<p>Plotis (cm): 80<br \/>\n\u016agis (cm): 207<br \/>\nGylis (cm): 40<\/p>","protected":false},"featured_media":156391,"comment_status":"open","ping_status":"open","template":"","meta":[],"product_brand":[],"product_cat":[9431,4105,2006],"product_tag":[],"class_list":{"0":"post-156390","1":"product","2":"type-product","3":"status-publish","4":"has-post-thumbnail","6":"product_cat-furniture-system-silke","7":"product_cat-helvetia","8":"product_cat-vitrines","10":"first","11":"instock","12":"purchasable","13":"product-type-simple"},"_links":{"self":[{"href":"https:\/\/baldumarket.lt\/lt\/wp-json\/wp\/v2\/product\/156390","targetHints":{"allow":["GET"]}}],"collection":[{"href":"https:\/\/baldumarket.lt\/lt\/wp-json\/wp\/v2\/product"}],"about":[{"href":"https:\/\/baldumarket.lt\/lt\/wp-json\/wp\/v2\/types\/product"}],"replies":[{"embeddable":true,"href":"https:\/\/baldumarket.lt\/lt\/wp-json\/wp\/v2\/comments?post=156390"}],"wp:featuredmedia":[{"embeddable":true,"href":"https:\/\/baldumarket.lt\/lt\/wp-json\/wp\/v2\/media\/156391"}],"wp:attachment":[{"href":"https:\/\/baldumarket.lt\/lt\/wp-json\/wp\/v2\/media?parent=156390"}],"wp:term":[{"taxonomy":"product_brand","embeddable":true,"href":"https:\/\/baldumarket.lt\/lt\/wp-json\/wp\/v2\/product_brand?post=156390"},{"taxonomy":"product_cat","embeddable":true,"href":"https:\/\/baldumarket.lt\/lt\/wp-json\/wp\/v2\/product_cat?post=156390"},{"taxonomy":"product_tag","embeddable":true,"href":"https:\/\/baldumarket.lt\/lt\/wp-json\/wp\/v2\/product_tag?post=156390"}],"curies":[{"name":"wp","href":"https:\/\/api.w.org\/{rel}","templated":true}]}}