{"id":156385,"date":"2025-12-18T18:31:42","date_gmt":"2025-12-18T15:31:42","guid":{"rendered":"https:\/\/baldumarket.lt\/product\/silke-witryna-2-drzwiowa-lewa-bialy-polysk-dab-wotan\/"},"modified":"2026-02-05T12:12:47","modified_gmt":"2026-02-05T09:12:47","slug":"silke-witryna-2-drzwiowa-lewa-bialy-polysk-dab-wotan","status":"publish","type":"product","link":"https:\/\/baldumarket.lt\/lt\/product\/silke-witryna-2-drzwiowa-lewa-bialy-polysk-dab-wotan\/","title":{"rendered":"Silke 2 dur\u0173 vitrina, kair\u0117, blizgi balta \/ Wotan \u0105\u017euolas"},"content":{"rendered":"<p>Atraskite \u201eSilke 2D Left Matera \/ Wotan Oak\u201c vitrin\u0105 \u2013 modernum\u0105 ir elegancij\u0105 gryniausia forma. \u0160is stilingas ir funkcionalus baldas sukuria unikali\u0105 atmosfer\u0105 bet kuriame kambaryje, tapdamas ne tik prakti\u0161ka daikt\u0173 laikymo vieta, bet ir i\u0161skirtiniu dekoratyviniu elementu. Minimalistinis \u201eSilke\u201c kolekcijos estetinis bruo\u017eas puikiai dera prie \u0161iuolaikinio interjero. Dr\u0105sus dvidur\u0117s vitrinos su dalinai \u012fstiklintu kairiuoju priekiu dizainas leid\u017eia eksponuoti pasirinktus daiktus, i\u0161laikant tvark\u0105 ir harmonij\u0105. Keturios u\u017e dureli\u0173 pasl\u0117ptos lentynos suteikia vietos daiktams susid\u0117ti, tod\u0117l galite efektyviai organizuoti tiek kasdienius, tiek vertingus daiktus. \u0160ios vitrinos modernum\u0105 pabr\u0117\u017eia novatori\u0161kos spalv\u0173 parinktys \u2013 Matera atspalvio derinys su i\u0161skirtinio Wotan \u0105\u017euolo elementais. Naudot\u0173 atspalvi\u0173 elegancija ir rafinuotumas leid\u017eia \u0161iam baldui prisitaikyti prie daugelio interjero dizain\u0173, suteikiant interjerui unikal\u0173 charakter\u012f.<\/p>","protected":false},"excerpt":{"rendered":"<p>Plotis (cm): 80<br \/>\n\u016agis (cm): 207<br \/>\nGylis (cm): 40<\/p>","protected":false},"featured_media":156386,"comment_status":"open","ping_status":"open","template":"","meta":[],"product_brand":[],"product_cat":[9431,4105,2006],"product_tag":[],"class_list":{"0":"post-156385","1":"product","2":"type-product","3":"status-publish","4":"has-post-thumbnail","6":"product_cat-furniture-system-silke","7":"product_cat-helvetia","8":"product_cat-vitrines","10":"first","11":"instock","12":"purchasable","13":"product-type-simple"},"_links":{"self":[{"href":"https:\/\/baldumarket.lt\/lt\/wp-json\/wp\/v2\/product\/156385","targetHints":{"allow":["GET"]}}],"collection":[{"href":"https:\/\/baldumarket.lt\/lt\/wp-json\/wp\/v2\/product"}],"about":[{"href":"https:\/\/baldumarket.lt\/lt\/wp-json\/wp\/v2\/types\/product"}],"replies":[{"embeddable":true,"href":"https:\/\/baldumarket.lt\/lt\/wp-json\/wp\/v2\/comments?post=156385"}],"wp:featuredmedia":[{"embeddable":true,"href":"https:\/\/baldumarket.lt\/lt\/wp-json\/wp\/v2\/media\/156386"}],"wp:attachment":[{"href":"https:\/\/baldumarket.lt\/lt\/wp-json\/wp\/v2\/media?parent=156385"}],"wp:term":[{"taxonomy":"product_brand","embeddable":true,"href":"https:\/\/baldumarket.lt\/lt\/wp-json\/wp\/v2\/product_brand?post=156385"},{"taxonomy":"product_cat","embeddable":true,"href":"https:\/\/baldumarket.lt\/lt\/wp-json\/wp\/v2\/product_cat?post=156385"},{"taxonomy":"product_tag","embeddable":true,"href":"https:\/\/baldumarket.lt\/lt\/wp-json\/wp\/v2\/product_tag?post=156385"}],"curies":[{"name":"wp","href":"https:\/\/api.w.org\/{rel}","templated":true}]}}